{"id":6696,"date":"2022-04-05T11:11:30","date_gmt":"2022-04-05T11:11:30","guid":{"rendered":"https:\/\/veda.polac.cz\/?page_id=6696"},"modified":"2022-04-05T11:14:40","modified_gmt":"2022-04-05T11:14:40","slug":"6696-2","status":"publish","type":"page","link":"https:\/\/veda.polac.cz\/?page_id=6696","title":{"rendered":""},"content":{"rendered":"<p style=\"text-align: center;\">Resum\u00e9 \u010dl\u00e1nku<\/p>\n<p><strong>Syst\u00e9m t\u00eds\u0148ov\u00e9ho vol\u00e1n\u00ed ve vybran\u00fdch \u010dlensk\u00fdch st\u00e1tech Evropsk\u00e9 unie<\/strong><\/p>\n<p><em>mjr. PhDr. Mgr. Miroslav Matou\u0161, Policejn\u00ed akademie \u010cesk\u00e9 republiky v\u00a0Praze, katedra krizov\u00e9ho \u0159\u00edzen\u00ed, student doktorsk\u00e9ho studijn\u00edho programu<\/em><\/p>\n<p>P\u0159edlo\u017een\u00fd p\u0159\u00edsp\u011bvek navazuje na p\u0159edchoz\u00ed v\u011bdeck\u00e9 p\u0159\u00edsp\u011bvky autora v\u00a0oblasti t\u00eds\u0148ov\u00fdch vol\u00e1n\u00ed a opera\u010dn\u00edho \u0159\u00edzen\u00ed v podm\u00ednk\u00e1ch \u010cesk\u00e9 republiky. T\u00e9ma jejich modernizace bude obsahem zam\u00fd\u0161len\u00e9 diserta\u010dn\u00ed pr\u00e1ce. P\u0159\u00edsp\u011bvek tak m\u016f\u017ee b\u00fdt vyu\u017eit v teoretick\u00e9 \u010d\u00e1sti t\u00e9to pr\u00e1ce. Jeho c\u00edlem je prov\u00e9st shrnut\u00ed dostupn\u00fdch informac\u00ed k syst\u00e9m\u016fm t\u00eds\u0148ov\u00fdch vol\u00e1n\u00ed ve vybran\u00fdch \u010dlensk\u00fdch st\u00e1tech Evropsk\u00e9 unie. Hypot\u00e9za p\u0159edpokl\u00e1d\u00e1 srozumitelnost sou\u010dasn\u00e9ho syst\u00e9mu pro jeho u\u017eivatele, kter\u00fd je kombinac\u00ed provozu n\u00e1rodn\u00edch linek t\u00eds\u0148ov\u00e9ho vol\u00e1n\u00ed s jednotnou evropskou linkou t\u00eds\u0148ov\u00e9ho vol\u00e1n\u00ed \u010d\u00edsla 112. Podrobn\u00e9 zji\u0161t\u011bn\u00ed v\u0161ak vy\u017eaduje jej\u00ed ov\u011b\u0159en\u00ed metodou empirick\u00e9ho v\u00fdzkumu s dostate\u010dn\u00fdm mno\u017estv\u00edm dat. V\u00fdsledkem p\u0159\u00edsp\u011bvku je shrnut\u00ed informac\u00ed, kter\u00e9 mohou nast\u00ednit sm\u011br budouc\u00edho v\u00fdvoje. Ten spo\u010d\u00edv\u00e1 v\u00a0dal\u0161\u00edch technick\u00fdch a technologick\u00fdch zm\u011bn\u00e1ch v souladu s nejnov\u011bj\u0161\u00edmi trendy v\u00a0r\u00e1mci evropsk\u00e9 integrace, v\u010detn\u011b centralizace t\u00eds\u0148ov\u00fdch vol\u00e1n\u00ed a to pouze do jedin\u00e9 n\u00e1rodn\u00ed t\u00eds\u0148ov\u00e9 linky. V\u00fdznamn\u00fd m\u016f\u017ee b\u00fdt i v\u00fdvoj bezpe\u010dnostn\u00edho prost\u0159ed\u00ed nebo poznatky a\u00a0v\u00fdstupy p\u0159i \u0159e\u0161en\u00ed pandemie v r\u00e1mci v\u00fdkonu slu\u017eby na opera\u010dn\u00edch st\u0159edisc\u00edch z\u00e1kladn\u00edch slo\u017eek integrovan\u00e9ho z\u00e1chrann\u00e9ho syst\u00e9mu.<\/p>\n<p><strong>Kl\u00ed\u010dov\u00e1 slova:<\/strong> integrovan\u00fd z\u00e1chrann\u00fd syst\u00e9m, opera\u010dn\u00ed a informa\u010dn\u00ed st\u0159edisko, opera\u010dn\u00ed st\u0159edisko, z\u00e1kladn\u00ed slo\u017eka, telefonn\u00ed centrum t\u00eds\u0148ov\u00e9ho vol\u00e1n\u00ed, t\u00eds\u0148ov\u00e1 linka.<\/p>\n<hr \/>\n<p><a href=\"https:\/\/veda.polac.cz\/?page_id=6694\">Zp\u011bt<\/a><\/p>\n","protected":false},"excerpt":{"rendered":"<p>Resum\u00e9 \u010dl\u00e1nku Syst\u00e9m t\u00eds\u0148ov\u00e9ho vol\u00e1n\u00ed ve vybran\u00fdch \u010dlensk\u00fdch st\u00e1tech Evropsk\u00e9 unie mjr. PhDr. Mgr. Miroslav Matou\u0161, Policejn\u00ed akademie \u010cesk\u00e9 republiky v\u00a0Praze, katedra krizov\u00e9ho \u0159\u00edzen\u00ed, student doktorsk\u00e9ho studijn\u00edho programu P\u0159edlo\u017een\u00fd p\u0159\u00edsp\u011bvek navazuje na p\u0159edchoz\u00ed v\u011bdeck\u00e9 p\u0159\u00edsp\u011bvky autora v\u00a0oblasti t\u00eds\u0148ov\u00fdch vol\u00e1n\u00ed a opera\u010dn\u00edho \u0159\u00edzen\u00ed v podm\u00ednk\u00e1ch \u010cesk\u00e9 republiky. T\u00e9ma jejich modernizace bude obsahem zam\u00fd\u0161len\u00e9 diserta\u010dn\u00ed pr\u00e1ce. P\u0159\u00edsp\u011bvek [&hellip;]<\/p>\n","protected":false},"author":6,"featured_media":0,"parent":0,"menu_order":0,"comment_status":"closed","ping_status":"closed","template":"","meta":{"footnotes":""},"class_list":["post-6696","page","type-page","status-publish","hentry"],"_links":{"self":[{"href":"https:\/\/veda.polac.cz\/index.php?rest_route=\/wp\/v2\/pages\/6696","targetHints":{"allow":["GET"]}}],"collection":[{"href":"https:\/\/veda.polac.cz\/index.php?rest_route=\/wp\/v2\/pages"}],"about":[{"href":"https:\/\/veda.polac.cz\/index.php?rest_route=\/wp\/v2\/types\/page"}],"author":[{"embeddable":true,"href":"https:\/\/veda.polac.cz\/index.php?rest_route=\/wp\/v2\/users\/6"}],"replies":[{"embeddable":true,"href":"https:\/\/veda.polac.cz\/index.php?rest_route=%2Fwp%2Fv2%2Fcomments&post=6696"}],"version-history":[{"count":4,"href":"https:\/\/veda.polac.cz\/index.php?rest_route=\/wp\/v2\/pages\/6696\/revisions"}],"predecessor-version":[{"id":6702,"href":"https:\/\/veda.polac.cz\/index.php?rest_route=\/wp\/v2\/pages\/6696\/revisions\/6702"}],"wp:attachment":[{"href":"https:\/\/veda.polac.cz\/index.php?rest_route=%2Fwp%2Fv2%2Fmedia&parent=6696"}],"curies":[{"name":"wp","href":"https:\/\/api.w.org\/{rel}","templated":true}]}}