{"id":6694,"date":"2022-04-04T10:04:52","date_gmt":"2022-04-04T10:04:52","guid":{"rendered":"https:\/\/veda.polac.cz\/?page_id=6694"},"modified":"2022-04-07T10:38:32","modified_gmt":"2022-04-07T10:38:32","slug":"01-2022","status":"publish","type":"page","link":"https:\/\/veda.polac.cz\/?page_id=6694","title":{"rendered":"01\/2022"},"content":{"rendered":"<p><a href=\"https:\/\/veda.polac.cz\/?page_id=6696\"><strong>Syst\u00e9m t\u00eds\u0148ov\u00e9ho vol\u00e1n\u00ed ve vybran\u00fdch \u010dlensk\u00fdch st\u00e1tech Evropsk\u00e9 unie<\/strong><\/a><br \/>\nmjr. PhDr. Mgr. Miroslav Matou\u0161, Policejn\u00ed akademie \u010cesk\u00e9 republiky v\u00a0Praze<br \/>\nkatedra krizov\u00e9ho \u0159\u00edzen\u00ed, student doktorsk\u00e9ho studijn\u00edho programu<\/p>\n<p><a href=\"https:\/\/veda.polac.cz\/wp-content\/uploads\/2022\/04\/System-tisnoveho-volani-ve-vybranych-clenskych-statech-Evropske-unie.pdf\" target=\"_blank\" rel=\"noopener\">pdf form\u00e1t<\/a><\/p>\n<hr \/>\n<p><a href=\"https:\/\/veda.polac.cz\/?page_id=6703\"><strong>Zm\u011bny osobn\u00ed identity ve sch\u00e9matu truchlen\u00ed<\/strong><\/a><br \/>\nPhDr. Jitka Vesel\u00e1, Ph.D., Policejn\u00ed akademie \u010cesk\u00e9 republiky v Praze<br \/>\nFakulta bezpe\u010dnostn\u00edho managementu, katedra spole\u010densk\u00fdch v\u011bd<\/p>\n<p><a href=\"https:\/\/veda.polac.cz\/wp-content\/uploads\/2022\/04\/Zmeny-osobni-identity-ve-schematu-truchleni.pdf\" target=\"_blank\" rel=\"noopener\">pdf form\u00e1t<\/a><\/p>\n<hr \/>\n<p><a href=\"https:\/\/veda.polac.cz\/?page_id=6707\"><strong>Koronavirov\u00e1 situace a fungov\u00e1n\u00ed bezpe\u010dnostn\u00edch komunit<\/strong><\/a><br \/>\ndoc. Ing. Jozef Sabol, DrSc., Policejn\u00ed akademie \u010cesk\u00e9 republiky v\u00a0Praze<br \/>\nFakulta bezpe\u010dnostn\u00edho managementu, katedra krizov\u00e9ho \u0159\u00edzen\u00ed<br \/>\ndoc. Mgr. Old\u0159ich Krul\u00edk, Ph.D., \u00da\u0159ad slu\u017eby krimin\u00e1ln\u00ed policie a vy\u0161et\u0159ov\u00e1n\u00ed<br \/>\nOdbor centr\u00e1ln\u00ed analytiky<\/p>\n<p><a href=\"https:\/\/veda.polac.cz\/wp-content\/uploads\/2022\/04\/Koronavirova-situace-a-fungovani-bezpecnostnich-komunit.pdf\" target=\"_blank\" rel=\"noopener\">pdf form\u00e1t<\/a><\/p>\n<hr \/>\n<p><a href=\"https:\/\/veda.polac.cz\/?page_id=6710\"><strong>Po\u010d\u00edta\u010dov\u00e1 mravnostn\u00ed kriminalita \u2013 kybergrooming<\/strong><\/a><br \/>\nPhDr. Marek Hejduk, MBA, Policejn\u00ed akademie \u010cesk\u00e9 republiky v\u00a0Praze<br \/>\nstudent doktorsk\u00e9ho studijn\u00edho programu<\/p>\n<p><a href=\"https:\/\/veda.polac.cz\/wp-content\/uploads\/2022\/04\/Pocitacova-mravnostni-kriminalita-\u2013-kybergrooming.pdf\" target=\"_blank\" rel=\"noopener\">pdf form\u00e1t<\/a><\/p>\n<hr \/>\n<p><a href=\"https:\/\/veda.polac.cz\/?page_id=6713\"><strong>Zaji\u0161\u0165ov\u00e1n\u00ed, zp\u0159\u00edstup\u0148ov\u00e1n\u00ed a vyhodnocov\u00e1n\u00ed digit\u00e1ln\u00edch stop<\/strong><\/a><br \/>\nplk. v. v. Mgr. Jan \u010c\u00e1p, Ph.D., Policejn\u00ed akademie \u010cesk\u00e9 republiky v\u00a0Praze<br \/>\nFakulta bezpe\u010dnostn\u011b pr\u00e1vn\u00ed, katedra kriminalistiky<br \/>\nplk. Ing. Bc. Luk\u00e1\u0161 Breu, pplk. Mgr. Zden\u011bk Pro\u0161ek<br \/>\nPolicie \u010cesk\u00e9 republiky, N\u00e1rodn\u00ed centr\u00e1la proti organizovan\u00e9mu zlo\u010dinu SKPV<\/p>\n<p><a href=\"https:\/\/veda.polac.cz\/wp-content\/uploads\/2022\/04\/Zajistovani-zpristupnovani-a-vyhodnocovani-digitalnich-stop.pdf\" target=\"_blank\" rel=\"noopener\">pdf form\u00e1t<\/a><\/p>\n<hr \/>\n<p><a href=\"https:\/\/veda.polac.cz\/?page_id=6719\"><strong>Opr\u00e1vnenie pr\u00edslu\u0161n\u00edka Policajn\u00e9ho zboru vyk\u00e1za\u0165 zo spolo\u010dn\u00e9ho obydlia v podmienkach Slovenskej republiky<\/strong><\/a><br \/>\npplk. doc. JUDr. Mgr. Janka Ha\u0161anov\u00e1, PhD., Akad\u00e9mia Policajn\u00e9ho zboru v\u00a0Bratislave<br \/>\nkatedra spr\u00e1vneho pr\u00e1va<br \/>\nBc. Peter Melich\u00e1r, Okresn\u00e9 riadite\u013estvo Policajn\u00e9ho zboru v\u00a0Malack\u00e1ch<\/p>\n<p><a href=\"https:\/\/veda.polac.cz\/wp-content\/uploads\/2022\/04\/Opravnenie-prislusnika-Policajneho-zboru-vykazat-zo-spolocneho-obydlia-v-podmienkach-Slovenskej-republiky.pdf\" target=\"_blank\" rel=\"noopener\">pdf form\u00e1t<\/a><\/p>\n<hr \/>\n<p><a href=\"https:\/\/veda.polac.cz\/?page_id=6723\"><strong>Vyu\u017eit\u00ed modu operandi a signatury pachatele k\u00a0psychologick\u00e9 anal\u00fdze p\u0159\u00edpadu p\u0159i vy\u0161et\u0159ov\u00e1n\u00ed sexu\u00e1ln\u00edho n\u00e1sil\u00ed, p\u00e1chan\u00e9ho na dosp\u011bl\u00fdch \u017eensk\u00fdch ob\u011btech<\/strong><\/a><br \/>\nPhDr. Tom\u00e1\u0161 Nahodil, Policejn\u00ed akademie \u010cesk\u00e9 republiky v Praze<br \/>\nstudent doktorsk\u00e9ho studijn\u00edho programu<\/p>\n<p><a href=\"https:\/\/veda.polac.cz\/wp-content\/uploads\/2022\/04\/Vyuziti-modu-operandi-a-signatury-pachatele-k-psychologicke-analyze-pripadu-pri-vysetrovani-sexualniho-nasili-pachaneho-na-dospelych-zenskych-obetech.pdf\" target=\"_blank\" rel=\"noopener\">pdf form\u00e1t<\/a><\/p>\n<hr \/>\n","protected":false},"excerpt":{"rendered":"<p>Syst\u00e9m t\u00eds\u0148ov\u00e9ho vol\u00e1n\u00ed ve vybran\u00fdch \u010dlensk\u00fdch st\u00e1tech Evropsk\u00e9 unie mjr. PhDr. Mgr. Miroslav Matou\u0161, Policejn\u00ed akademie \u010cesk\u00e9 republiky v\u00a0Praze katedra krizov\u00e9ho \u0159\u00edzen\u00ed, student doktorsk\u00e9ho studijn\u00edho programu pdf form\u00e1t Zm\u011bny osobn\u00ed identity ve sch\u00e9matu truchlen\u00ed PhDr. Jitka Vesel\u00e1, Ph.D., Policejn\u00ed akademie \u010cesk\u00e9 republiky v Praze Fakulta bezpe\u010dnostn\u00edho managementu, katedra spole\u010densk\u00fdch v\u011bd pdf form\u00e1t Koronavirov\u00e1 situace a [&hellip;]<\/p>\n","protected":false},"author":6,"featured_media":0,"parent":0,"menu_order":0,"comment_status":"closed","ping_status":"closed","template":"","meta":{"footnotes":""},"class_list":["post-6694","page","type-page","status-publish","hentry"],"_links":{"self":[{"href":"https:\/\/veda.polac.cz\/index.php?rest_route=\/wp\/v2\/pages\/6694","targetHints":{"allow":["GET"]}}],"collection":[{"href":"https:\/\/veda.polac.cz\/index.php?rest_route=\/wp\/v2\/pages"}],"about":[{"href":"https:\/\/veda.polac.cz\/index.php?rest_route=\/wp\/v2\/types\/page"}],"author":[{"embeddable":true,"href":"https:\/\/veda.polac.cz\/index.php?rest_route=\/wp\/v2\/users\/6"}],"replies":[{"embeddable":true,"href":"https:\/\/veda.polac.cz\/index.php?rest_route=%2Fwp%2Fv2%2Fcomments&post=6694"}],"version-history":[{"count":12,"href":"https:\/\/veda.polac.cz\/index.php?rest_route=\/wp\/v2\/pages\/6694\/revisions"}],"predecessor-version":[{"id":6734,"href":"https:\/\/veda.polac.cz\/index.php?rest_route=\/wp\/v2\/pages\/6694\/revisions\/6734"}],"wp:attachment":[{"href":"https:\/\/veda.polac.cz\/index.php?rest_route=%2Fwp%2Fv2%2Fmedia&parent=6694"}],"curies":[{"name":"wp","href":"https:\/\/api.w.org\/{rel}","templated":true}]}}