{"id":667,"date":"2018-09-13T18:56:52","date_gmt":"2018-09-13T18:56:52","guid":{"rendered":"http:\/\/veda.polac.cz\/?page_id=667"},"modified":"2018-10-27T18:53:05","modified_gmt":"2018-10-27T18:53:05","slug":"9-2","status":"publish","type":"page","link":"https:\/\/veda.polac.cz\/?page_id=667","title":{"rendered":""},"content":{"rendered":"<p style=\"text-align: center;\">Resum\u00e9 \u010dl\u00e1nku<\/p>\n<p><strong>Po\u010dty proveden\u00fdch zkou\u0161ek spolehlivosti &#8211; v\u00fdzkumn\u00e1 zji\u0161t\u011bn\u00ed<br \/>\n<\/strong><i>pplk. JUDr. Josef Hrudka, Ph.D., Fakulta bezpe\u010dnostn\u011b pr\u00e1vn\u00ed PA \u010cR v Praze, katedra policejn\u00edch \u010dinnost\u00ed<br \/>\npplk. JUDr. Boris L\u00f6ffler, PhD., Akad\u00e9mia Policajn\u00e9ho sboru v Bratislave, katedra policajn\u00fdch vied<\/p>\n<p><\/i>V\u011bdeck\u00fd \u010dl\u00e1nek ve sv\u00e9 prvn\u00ed \u010d\u00e1sti zprost\u0159edkov\u00e1v\u00e1 informace t\u00fdkaj\u00edc\u00ed se po\u010dt\u016f proveden\u00fdch zkou\u0161ek spolehlivosti, kter\u00e9 byly ve\u0159ejn\u011b prezentov\u00e1ny v m\u00e9di\u00edch. Dal\u0161\u00ed \u010d\u00e1st \u010dl\u00e1nku poskytuje vhled do d\u00edl\u010d\u00edch v\u00fdzkumn\u00fdch zji\u0161t\u011bn\u00ed v\u00fdzkumn\u00e9ho \u00fakolu Policejn\u00ed akademie \u010cesk\u00e9 republiky v Praze \u010d. 3\/6 &#8222;Zkou\u0161ka spolehlivosti &#8211; explikace, aplikace, efektivita&#8220;, p\u0159in\u00e1\u0161ej\u00edc\u00edch informaci o konkr\u00e9tn\u00ed p\u0159edstav\u011b policist\u016f a zam\u011bstnanc\u016f policie &#8211; respondent\u016f o po\u010dtech zkou\u0161ek proveden\u00fdch za jeden rok a o vlivu t\u00e9to p\u0159edstavy na p\u0159edpoklad zda pr\u00e1v\u011b j\u00e1 se stanu zkou\u0161enou osobou.<br \/>\n<strong>Kl\u00ed\u010dov\u00e1 slova:<\/strong>\u00a0zkou\u0161ka spolehlivosti, Gener\u00e1ln\u00ed inspekce bezpe\u010dnostn\u00edch sbor\u016f.<\/p>\n<p><a href=\"https:\/\/veda.polac.cz\/?page_id=648\">03\/2015<\/a><\/p>\n","protected":false},"excerpt":{"rendered":"<p>Resum\u00e9 \u010dl\u00e1nku Po\u010dty proveden\u00fdch zkou\u0161ek spolehlivosti &#8211; v\u00fdzkumn\u00e1 zji\u0161t\u011bn\u00ed pplk. JUDr. Josef Hrudka, Ph.D., Fakulta bezpe\u010dnostn\u011b pr\u00e1vn\u00ed PA \u010cR v Praze, katedra policejn\u00edch \u010dinnost\u00ed pplk. JUDr. Boris L\u00f6ffler, PhD., Akad\u00e9mia Policajn\u00e9ho sboru v Bratislave, katedra policajn\u00fdch vied V\u011bdeck\u00fd \u010dl\u00e1nek ve sv\u00e9 prvn\u00ed \u010d\u00e1sti zprost\u0159edkov\u00e1v\u00e1 informace t\u00fdkaj\u00edc\u00ed se po\u010dt\u016f proveden\u00fdch zkou\u0161ek spolehlivosti, kter\u00e9 byly ve\u0159ejn\u011b prezentov\u00e1ny [&hellip;]<\/p>\n","protected":false},"author":2,"featured_media":0,"parent":648,"menu_order":9,"comment_status":"closed","ping_status":"closed","template":"","meta":{"footnotes":""},"class_list":["post-667","page","type-page","status-publish","hentry"],"_links":{"self":[{"href":"https:\/\/veda.polac.cz\/index.php?rest_route=\/wp\/v2\/pages\/667","targetHints":{"allow":["GET"]}}],"collection":[{"href":"https:\/\/veda.polac.cz\/index.php?rest_route=\/wp\/v2\/pages"}],"about":[{"href":"https:\/\/veda.polac.cz\/index.php?rest_route=\/wp\/v2\/types\/page"}],"author":[{"embeddable":true,"href":"https:\/\/veda.polac.cz\/index.php?rest_route=\/wp\/v2\/users\/2"}],"replies":[{"embeddable":true,"href":"https:\/\/veda.polac.cz\/index.php?rest_route=%2Fwp%2Fv2%2Fcomments&post=667"}],"version-history":[{"count":2,"href":"https:\/\/veda.polac.cz\/index.php?rest_route=\/wp\/v2\/pages\/667\/revisions"}],"predecessor-version":[{"id":679,"href":"https:\/\/veda.polac.cz\/index.php?rest_route=\/wp\/v2\/pages\/667\/revisions\/679"}],"up":[{"embeddable":true,"href":"https:\/\/veda.polac.cz\/index.php?rest_route=\/wp\/v2\/pages\/648"}],"wp:attachment":[{"href":"https:\/\/veda.polac.cz\/index.php?rest_route=%2Fwp%2Fv2%2Fmedia&parent=667"}],"curies":[{"name":"wp","href":"https:\/\/api.w.org\/{rel}","templated":true}]}}