{"id":6650,"date":"2022-01-22T08:56:00","date_gmt":"2022-01-22T08:56:00","guid":{"rendered":"https:\/\/veda.polac.cz\/?page_id=6650"},"modified":"2022-01-22T09:24:59","modified_gmt":"2022-01-22T09:24:59","slug":"6650-2","status":"publish","type":"page","link":"https:\/\/veda.polac.cz\/?page_id=6650&lang=en","title":{"rendered":""},"content":{"rendered":"<p style=\"text-align: center;\">Resume<\/p>\n<p><strong>Threats Arising From the Use of Delivery Drones in the Czech Republic<\/strong><br \/>\n<em>Bc Marek Rechtik, Masaryk University in Brno, Faculty of Social Sciences, master\u00b4s degree study, Bc Jakub Ondr\u016f\u0161ek, Masaryk University in Brno, Faculty of Social Sciences, master\u00b4s degree study, Bc Tom\u00e1\u0161 Si\u0159inek, Masaryk University in Brno, Faculty of Social Sciences, master\u00b4s degree study<\/em><\/p>\n<p>This article deals with the issue of delivery drones security and focuses on threats emanating from their use in future. The use of delivery drones brings a whole range of threats which can be divided into threats to the drones themselves and threats for the society resulting from the use of these systems. The authors consider the threats of hijacking or destroying a drone by cyber means as the most dangerous, as they can be subsequently used in further crimes. Within the Czech Republic, a number of potential risk actors, who might be interested in abusing drones, can be identified. A\u00a0slower introduction of these delivery tools in the Czech Republic, probably in later phases, when the most critical weaknesses should have already been compensated, and also the high level of security in the Czech Republic, do contribute towards the general finding that most of these actors should not pose a meaningful threat on the national level. Finally, it seems that the actors of primary abuse, who may abuse drones for their personal gain or entertainment, will be the most active ones.<\/p>\n<p><strong>Keywords<\/strong>: unmanned aerial vehicles, UAV, cyber threats, delivery drones.<\/p>\n<hr \/>\n<p><a href=\"https:\/\/veda.polac.cz\/?page_id=6644&amp;lang=en\">Back<\/a><\/p>\n","protected":false},"excerpt":{"rendered":"<p>Resume Threats Arising From the Use of Delivery Drones in the Czech Republic Bc Marek Rechtik, Masaryk University in Brno, Faculty of Social Sciences, master\u00b4s degree study, Bc Jakub Ondr\u016f\u0161ek, Masaryk University in Brno, Faculty of Social Sciences, master\u00b4s degree study, Bc Tom\u00e1\u0161 Si\u0159inek, Masaryk University in Brno, Faculty of Social Sciences, master\u00b4s degree study [&hellip;]<\/p>\n","protected":false},"author":6,"featured_media":0,"parent":0,"menu_order":0,"comment_status":"closed","ping_status":"closed","template":"","meta":{"footnotes":""},"class_list":["post-6650","page","type-page","status-publish","hentry"],"_links":{"self":[{"href":"https:\/\/veda.polac.cz\/index.php?rest_route=\/wp\/v2\/pages\/6650","targetHints":{"allow":["GET"]}}],"collection":[{"href":"https:\/\/veda.polac.cz\/index.php?rest_route=\/wp\/v2\/pages"}],"about":[{"href":"https:\/\/veda.polac.cz\/index.php?rest_route=\/wp\/v2\/types\/page"}],"author":[{"embeddable":true,"href":"https:\/\/veda.polac.cz\/index.php?rest_route=\/wp\/v2\/users\/6"}],"replies":[{"embeddable":true,"href":"https:\/\/veda.polac.cz\/index.php?rest_route=%2Fwp%2Fv2%2Fcomments&post=6650"}],"version-history":[{"count":2,"href":"https:\/\/veda.polac.cz\/index.php?rest_route=\/wp\/v2\/pages\/6650\/revisions"}],"predecessor-version":[{"id":6673,"href":"https:\/\/veda.polac.cz\/index.php?rest_route=\/wp\/v2\/pages\/6650\/revisions\/6673"}],"wp:attachment":[{"href":"https:\/\/veda.polac.cz\/index.php?rest_route=%2Fwp%2Fv2%2Fmedia&parent=6650"}],"curies":[{"name":"wp","href":"https:\/\/api.w.org\/{rel}","templated":true}]}}