{"id":665,"date":"2018-09-13T18:55:49","date_gmt":"2018-09-13T18:55:49","guid":{"rendered":"http:\/\/veda.polac.cz\/?page_id=665"},"modified":"2018-10-27T18:53:05","modified_gmt":"2018-10-27T18:53:05","slug":"8-2","status":"publish","type":"page","link":"https:\/\/veda.polac.cz\/?page_id=665","title":{"rendered":""},"content":{"rendered":"<p style=\"text-align: center;\">Resum\u00e9 \u010dl\u00e1nku<\/p>\n<p><strong>Enterprise Risk Management in the Slovak Republic &#8211; Research and Results<br \/>\n<\/strong><i>doc. Ing. Jozef Klu\u010dka, PhD., Odbor krizov\u00e9ho \u0159\u00edzen\u00ed, Fakulta bezpe\u010dnostn\u00edho in\u017een\u00fdrstv\u00ed, \u017dilinsk\u00e1 univerzita, SR<\/p>\n<p><\/i>\u010cl\u00e1nok sa zaober\u00e1 postaven\u00edm a aplik\u00e1ciou met\u00f3d a implemtent\u00e1ciou riadenia rizika v mal\u00fdch a stredn\u00fdch podnikoch na Slovensku. S\u00fa spracovan\u00e9 v\u00fdsledky \u0161tatistick\u00e9ho zis\u0165ovania spolu s komentovan\u00edm v\u00fdsledkov a opisom kontextu, ktor\u00fd sa sp\u00e1ja so s\u00fa\u010dasnou situ\u00e1ciou riadenia rizika podniku na Slovensku.<br \/>\n<strong>Kl\u00ed\u010dov\u00e1 slova:<\/strong>\u00a0riadenie riz\u00edk, riadenie rizika podniku.<\/p>\n<p><a href=\"https:\/\/veda.polac.cz\/?page_id=648\">03\/2015<\/a><\/p>\n","protected":false},"excerpt":{"rendered":"<p>Resum\u00e9 \u010dl\u00e1nku Enterprise Risk Management in the Slovak Republic &#8211; Research and Results doc. Ing. Jozef Klu\u010dka, PhD., Odbor krizov\u00e9ho \u0159\u00edzen\u00ed, Fakulta bezpe\u010dnostn\u00edho in\u017een\u00fdrstv\u00ed, \u017dilinsk\u00e1 univerzita, SR \u010cl\u00e1nok sa zaober\u00e1 postaven\u00edm a aplik\u00e1ciou met\u00f3d a implemtent\u00e1ciou riadenia rizika v mal\u00fdch a stredn\u00fdch podnikoch na Slovensku. S\u00fa spracovan\u00e9 v\u00fdsledky \u0161tatistick\u00e9ho zis\u0165ovania spolu s komentovan\u00edm v\u00fdsledkov a [&hellip;]<\/p>\n","protected":false},"author":2,"featured_media":0,"parent":648,"menu_order":8,"comment_status":"closed","ping_status":"closed","template":"","meta":{"footnotes":""},"class_list":["post-665","page","type-page","status-publish","hentry"],"_links":{"self":[{"href":"https:\/\/veda.polac.cz\/index.php?rest_route=\/wp\/v2\/pages\/665","targetHints":{"allow":["GET"]}}],"collection":[{"href":"https:\/\/veda.polac.cz\/index.php?rest_route=\/wp\/v2\/pages"}],"about":[{"href":"https:\/\/veda.polac.cz\/index.php?rest_route=\/wp\/v2\/types\/page"}],"author":[{"embeddable":true,"href":"https:\/\/veda.polac.cz\/index.php?rest_route=\/wp\/v2\/users\/2"}],"replies":[{"embeddable":true,"href":"https:\/\/veda.polac.cz\/index.php?rest_route=%2Fwp%2Fv2%2Fcomments&post=665"}],"version-history":[{"count":2,"href":"https:\/\/veda.polac.cz\/index.php?rest_route=\/wp\/v2\/pages\/665\/revisions"}],"predecessor-version":[{"id":678,"href":"https:\/\/veda.polac.cz\/index.php?rest_route=\/wp\/v2\/pages\/665\/revisions\/678"}],"up":[{"embeddable":true,"href":"https:\/\/veda.polac.cz\/index.php?rest_route=\/wp\/v2\/pages\/648"}],"wp:attachment":[{"href":"https:\/\/veda.polac.cz\/index.php?rest_route=%2Fwp%2Fv2%2Fmedia&parent=665"}],"curies":[{"name":"wp","href":"https:\/\/api.w.org\/{rel}","templated":true}]}}