{"id":6644,"date":"2022-01-21T15:11:14","date_gmt":"2022-01-21T15:11:14","guid":{"rendered":"https:\/\/veda.polac.cz\/?page_id=6644"},"modified":"2022-01-22T09:23:07","modified_gmt":"2022-01-22T09:23:07","slug":"04-2021-2","status":"publish","type":"page","link":"https:\/\/veda.polac.cz\/?page_id=6644&lang=en","title":{"rendered":"04\/2021"},"content":{"rendered":"<p><a href=\"https:\/\/veda.polac.cz\/?page_id=6647&amp;lang=en\"><strong>Trends in Russian Organized Crime<\/strong><\/a><br \/>\nBc. Svetlana Firsova, Mendel University in Brno, Faculty of Regional Development and\u00a0 International Studies<br \/>\ndoc. PhDr. Josef Smol\u00edk, Ph.D., MBA, LL.M., Police Academy of the Czech Republic in Prague, Faculty of Security Management, Department of Security Studies<\/p>\n<p>Download (pdf format)<\/p>\n<hr \/>\n<p><a href=\"https:\/\/veda.polac.cz\/?page_id=6650&amp;lang=en\"><strong>Threats Arising From the Use of Delivery Drones in the Czech Republic<\/strong><\/a><br \/>\nBc Marek Rechtik, Masaryk University in Brno, Faculty of Social Sciences, master\u00b4s degree study,<br \/>\nBc Jakub Ondr\u016f\u0161ek, Masaryk University in Brno, Faculty of Social Sciences, master\u00b4s degree study,<br \/>\nBc Tom\u00e1\u0161 Si\u0159inek, Masaryk University in Brno, Faculty of Social Sciences, master\u00b4s degree study<\/p>\n<p>Download (pdf format)<\/p>\n<hr \/>\n<p><a href=\"https:\/\/veda.polac.cz\/?page_id=6652&amp;lang=en\"><strong>Reliability Test Application<\/strong><\/a><br \/>\nCol. (Ret.) Jan \u010c\u00e1p, Ph.D., Police Academy of the Czech Republic in Prague, Faculty of Security and Law, Department of Criminalistics<\/p>\n<p>Download (pdf format)<\/p>\n<hr \/>\n<p><a href=\"https:\/\/veda.polac.cz\/?page_id=6655&amp;lang=en\"><strong>Computer Moral Crime<\/strong><\/a><br \/>\nPhDr. Marek Hejduk, MBA, Police Academy of the Czech Republic in Prague, doctoral student<br \/>\nDr. Zden\u011bk Kova\u0159\u00edk, CSc., Police Academy of the Czech Republic in Prague, Science Department<\/p>\n<p>Download (pdf format)<\/p>\n<hr \/>\n<p><a href=\"https:\/\/veda.polac.cz\/?page_id=6657&amp;lang=en\"><strong>Support and Assistance to the Victims of Crime: Trauma-Sensitive Yoga<\/strong><\/a><br \/>\nJUDr. Tereza Dle\u0161t\u00edkov\u00e1, Ph.D., Police Academy of the Czech Republic in Prague, Faculty of Security and Law, Department of Criminal Law<\/p>\n<p>Download (pdf format)<\/p>\n<hr \/>\n<p><a href=\"https:\/\/veda.polac.cz\/?page_id=6659&amp;lang=en\"><strong>Addictive Substances in the Execution of a Custodial Sentence<\/strong><\/a><br \/>\nCapt. Mgr. and Mgr. Martina Sl\u00e1mov\u00e1, Police Presidium of the Czech Republic, Chief Commissioner of the Office of the Criminal Police and Investigation<br \/>\nMgr. Milan Koc\u00edk, MBA., Police Presidium of the Czech Republic, Commissioner of\u00a0the General Crime Department of the Criminal Police and Investigation Service<\/p>\n<p>Download (pdf format)<\/p>\n<hr \/>\n<p><a href=\"https:\/\/veda.polac.cz\/?page_id=6661&amp;lang=en\"><strong>The Chara<\/strong><strong>cterization of Approaches to Inmates Placement Monitored in Connection With Possible Radicalization<\/strong><\/a><br \/>\nMgr. Ond\u0159ej Kol\u00e1\u0159, Police Academy of the Czech Republic in Prague, Faculty of Security Management, Department of Security Studies<\/p>\n<p>Download (pdf format)<\/p>\n<hr \/>\n<p><a href=\"https:\/\/veda.polac.cz\/?page_id=6664&amp;lang=en\"><strong>Holocaust Denial and Criminal Liability<\/strong><\/a><br \/>\nRadslav Kr\u00e1l, Police Academy of the Czech Republic in Prague, Ph.D. candidate<\/p>\n<p>Download (pdf format)<\/p>\n<hr \/>\n","protected":false},"excerpt":{"rendered":"<p>Trends in Russian Organized Crime Bc. Svetlana Firsova, Mendel University in Brno, Faculty of Regional Development and\u00a0 International Studies doc. PhDr. Josef Smol\u00edk, Ph.D., MBA, LL.M., Police Academy of the Czech Republic in Prague, Faculty of Security Management, Department of Security Studies Download (pdf format) Threats Arising From the Use of Delivery Drones in the [&hellip;]<\/p>\n","protected":false},"author":6,"featured_media":0,"parent":0,"menu_order":0,"comment_status":"closed","ping_status":"closed","template":"","meta":{"footnotes":""},"class_list":["post-6644","page","type-page","status-publish","hentry"],"_links":{"self":[{"href":"https:\/\/veda.polac.cz\/index.php?rest_route=\/wp\/v2\/pages\/6644","targetHints":{"allow":["GET"]}}],"collection":[{"href":"https:\/\/veda.polac.cz\/index.php?rest_route=\/wp\/v2\/pages"}],"about":[{"href":"https:\/\/veda.polac.cz\/index.php?rest_route=\/wp\/v2\/types\/page"}],"author":[{"embeddable":true,"href":"https:\/\/veda.polac.cz\/index.php?rest_route=\/wp\/v2\/users\/6"}],"replies":[{"embeddable":true,"href":"https:\/\/veda.polac.cz\/index.php?rest_route=%2Fwp%2Fv2%2Fcomments&post=6644"}],"version-history":[{"count":7,"href":"https:\/\/veda.polac.cz\/index.php?rest_route=\/wp\/v2\/pages\/6644\/revisions"}],"predecessor-version":[{"id":6671,"href":"https:\/\/veda.polac.cz\/index.php?rest_route=\/wp\/v2\/pages\/6644\/revisions\/6671"}],"wp:attachment":[{"href":"https:\/\/veda.polac.cz\/index.php?rest_route=%2Fwp%2Fv2%2Fmedia&parent=6644"}],"curies":[{"name":"wp","href":"https:\/\/api.w.org\/{rel}","templated":true}]}}