{"id":6630,"date":"2022-01-18T10:23:34","date_gmt":"2022-01-18T10:23:34","guid":{"rendered":"https:\/\/veda.polac.cz\/?page_id=6630"},"modified":"2022-01-18T10:23:34","modified_gmt":"2022-01-18T10:23:34","slug":"6630-2","status":"publish","type":"page","link":"https:\/\/veda.polac.cz\/?page_id=6630","title":{"rendered":""},"content":{"rendered":"<p style=\"text-align: center;\">Resum\u00e9 \u010dl\u00e1nku<\/p>\n<p><strong>Pop\u00edr\u00e1n\u00ed holokaustu a trestnost jeho pop\u00edr\u00e1n\u00ed<\/strong><\/p>\n<p><em>Radslav Kr\u00e1l, Policejn\u00ed akademie \u010cesk\u00e9 republiky v\u00a0Praze, student doktorsk\u00e9ho studia<\/em><\/p>\n<p>C\u00edlem t\u00e9to stati je upozornit na fenom\u00e9n zvan\u00fd pop\u00edr\u00e1n\u00ed holokaustu. Nebezpe\u010dn\u00fd pro sou\u010dasnost i pro budoucnost je fakt, \u017ee pop\u00edra\u010di holokaustu st\u00e1le existuj\u00ed na cel\u00e9m sv\u011bt\u011b, jsou jim vyd\u00e1v\u00e1ny knihy a sm\u011bj\u00ed vystupovat na ve\u0159ejnosti.<\/p>\n<p>Jejich l\u017ei jsou zalo\u017eeny na rasov\u00fdch teori\u00edch, podle nich\u017e si nejsou v\u0161ichni lid\u00e9 rovni, nejsou stejn\u00ed. Zam\u011b\u0148uj\u00ed pojem \u201en\u00e1rod\u201c a \u201erasa\u201c. Zapom\u00ednaj\u00ed, \u017ee v\u0161ichni lid\u00e9 jsou rasa <em>Homo sapiens<\/em>, \u017ee v\u0161ichni lid\u00e9 maj\u00ed toto\u017en\u00e9 p\u0159edky. Rasov\u00e9 teorie byly pou\u017eity jako d\u016fvod pro vra\u017ed\u011bn\u00ed \u017did\u016f i p\u0159\u00edslu\u0161n\u00edk\u016f jin\u00fdch n\u00e1rod\u016f ve 30. a 40. letech dvac\u00e1t\u00e9ho stolet\u00ed p\u0159edev\u0161\u00edm v N\u011bmecku.<\/p>\n<p>Od skon\u010den\u00ed II. sv\u011btov\u00e9 v\u00e1lky uplynulo sedmdes\u00e1t p\u011bt let. Za tu dobu m\u00e1me dostatek d\u016fkaz\u016f, kter\u00e9 holokaust potvrzuj\u00ed, ale pop\u00edra\u010di holokaustu p\u0159esto trvaj\u00ed na sv\u00fdch pseudov\u011bdeck\u00fdch zji\u0161t\u011bn\u00edch \u201eodli\u0161n\u00e9 pravdy\u201c. A tak\u00e9 existuj\u00ed mnoz\u00ed lid\u00e9, kte\u0159\u00ed jim naslouchaj\u00ed m\u00edsto toho, aby se sezn\u00e1mili s v\u011bdeck\u00fdmi a historick\u00fdmi pracemi na toto t\u00e9ma.<\/p>\n<p>Tak\u00e9 \u010dty\u0159icet osob, kter\u00e9 byly soudn\u011b potrest\u00e1ny za posledn\u00edch deset let v \u010cesk\u00e9 republice za pop\u00edr\u00e1n\u00ed holokaustu, n\u00e1m p\u0159ipom\u00ednaj\u00ed, \u017ee boj proti l\u017e\u00edm nem\u016f\u017ee nikdy skon\u010dit. Zvl\u00e1\u0161t\u011b proti tak nebezpe\u010dn\u00e9 l\u017ei, jako je pop\u00edr\u00e1n\u00ed holokaustu, kter\u00e1 nach\u00e1z\u00ed zast\u00e1nce i v dvac\u00e1t\u00e9m prvn\u00edm stolet\u00ed.<\/p>\n<p><strong>Kl\u00ed\u010dov\u00e1 slova: <\/strong>antisemitismus, holokaust, \u0161oa, pop\u00edr\u00e1n\u00ed holokaustu.<\/p>\n<hr \/>\n<p><a href=\"https:\/\/veda.polac.cz\/?page_id=6606\">Zp\u011bt<\/a><\/p>\n\n\n<p><\/p>\n","protected":false},"excerpt":{"rendered":"<p>Resum\u00e9 \u010dl\u00e1nku Pop\u00edr\u00e1n\u00ed holokaustu a trestnost jeho pop\u00edr\u00e1n\u00ed Radslav Kr\u00e1l, Policejn\u00ed akademie \u010cesk\u00e9 republiky v\u00a0Praze, student doktorsk\u00e9ho studia C\u00edlem t\u00e9to stati je upozornit na fenom\u00e9n zvan\u00fd pop\u00edr\u00e1n\u00ed holokaustu. Nebezpe\u010dn\u00fd pro sou\u010dasnost i pro budoucnost je fakt, \u017ee pop\u00edra\u010di holokaustu st\u00e1le existuj\u00ed na cel\u00e9m sv\u011bt\u011b, jsou jim vyd\u00e1v\u00e1ny knihy a sm\u011bj\u00ed vystupovat na ve\u0159ejnosti. Jejich l\u017ei [&hellip;]<\/p>\n","protected":false},"author":6,"featured_media":0,"parent":0,"menu_order":0,"comment_status":"closed","ping_status":"closed","template":"","meta":{"footnotes":""},"class_list":["post-6630","page","type-page","status-publish","hentry"],"_links":{"self":[{"href":"https:\/\/veda.polac.cz\/index.php?rest_route=\/wp\/v2\/pages\/6630","targetHints":{"allow":["GET"]}}],"collection":[{"href":"https:\/\/veda.polac.cz\/index.php?rest_route=\/wp\/v2\/pages"}],"about":[{"href":"https:\/\/veda.polac.cz\/index.php?rest_route=\/wp\/v2\/types\/page"}],"author":[{"embeddable":true,"href":"https:\/\/veda.polac.cz\/index.php?rest_route=\/wp\/v2\/users\/6"}],"replies":[{"embeddable":true,"href":"https:\/\/veda.polac.cz\/index.php?rest_route=%2Fwp%2Fv2%2Fcomments&post=6630"}],"version-history":[{"count":1,"href":"https:\/\/veda.polac.cz\/index.php?rest_route=\/wp\/v2\/pages\/6630\/revisions"}],"predecessor-version":[{"id":6632,"href":"https:\/\/veda.polac.cz\/index.php?rest_route=\/wp\/v2\/pages\/6630\/revisions\/6632"}],"wp:attachment":[{"href":"https:\/\/veda.polac.cz\/index.php?rest_route=%2Fwp%2Fv2%2Fmedia&parent=6630"}],"curies":[{"name":"wp","href":"https:\/\/api.w.org\/{rel}","templated":true}]}}