{"id":663,"date":"2018-09-13T18:54:53","date_gmt":"2018-09-13T18:54:53","guid":{"rendered":"http:\/\/veda.polac.cz\/?page_id=663"},"modified":"2018-10-27T18:53:05","modified_gmt":"2018-10-27T18:53:05","slug":"7-2","status":"publish","type":"page","link":"https:\/\/veda.polac.cz\/?page_id=663","title":{"rendered":""},"content":{"rendered":"<p style=\"text-align: center;\">Resum\u00e9 \u010dl\u00e1nku<\/p>\n<p><strong>Elektronick\u00fd monitoring v Evrop\u011b<br \/>\n<\/strong><i>JUDr. Simona Dibl\u00edkov\u00e1, Institut pro kriminologii a soci\u00e1ln\u00ed prevenci<\/p>\n<p><\/i>\u010cl\u00e1nek shrnuje poznatky o u\u017e\u00edv\u00e1n\u00ed elektronick\u00e9ho monitoringu pro \u00fa\u010dely trestn\u00ed justice v tak\u0159ka 20 zem\u00edch Evropy. \u00davod obsahuje kr\u00e1tk\u00fd exkurz o p\u016fvodu konceptu, d\u00e1le n\u00e1sleduje p\u0159ehledov\u00e1 \u010d\u00e1st, kter\u00e1 sumarizuje informace o existuj\u00edc\u00edch modelech elektronick\u00e9ho sledov\u00e1n\u00ed, pou\u017e\u00edvan\u00fdch technologi\u00edch, uplat\u0148ovan\u00fdch v\u011bkov\u00fdch limitech a nap\u0159. \u0161k\u00e1le trestn\u00fdch \u010din\u016f, u jejich\u017e pachatel\u016f je elektronick\u00e9 sledov\u00e1n\u00ed aplikov\u00e1no.<br \/>\nKl\u00ed\u010dov\u00e1 slova:\u00a0Elektronick\u00fd monitoring, dohled, alternativn\u00ed sankce, trestn\u00ed justice.<br \/>\n<i><br \/>\n<\/i><\/p>\n<p><a href=\"https:\/\/veda.polac.cz\/?page_id=648\">03\/2015<\/a><\/p>\n","protected":false},"excerpt":{"rendered":"<p>Resum\u00e9 \u010dl\u00e1nku Elektronick\u00fd monitoring v Evrop\u011b JUDr. Simona Dibl\u00edkov\u00e1, Institut pro kriminologii a soci\u00e1ln\u00ed prevenci \u010cl\u00e1nek shrnuje poznatky o u\u017e\u00edv\u00e1n\u00ed elektronick\u00e9ho monitoringu pro \u00fa\u010dely trestn\u00ed justice v tak\u0159ka 20 zem\u00edch Evropy. \u00davod obsahuje kr\u00e1tk\u00fd exkurz o p\u016fvodu konceptu, d\u00e1le n\u00e1sleduje p\u0159ehledov\u00e1 \u010d\u00e1st, kter\u00e1 sumarizuje informace o existuj\u00edc\u00edch modelech elektronick\u00e9ho sledov\u00e1n\u00ed, pou\u017e\u00edvan\u00fdch technologi\u00edch, uplat\u0148ovan\u00fdch v\u011bkov\u00fdch limitech [&hellip;]<\/p>\n","protected":false},"author":2,"featured_media":0,"parent":648,"menu_order":7,"comment_status":"closed","ping_status":"closed","template":"","meta":{"footnotes":""},"class_list":["post-663","page","type-page","status-publish","hentry"],"_links":{"self":[{"href":"https:\/\/veda.polac.cz\/index.php?rest_route=\/wp\/v2\/pages\/663","targetHints":{"allow":["GET"]}}],"collection":[{"href":"https:\/\/veda.polac.cz\/index.php?rest_route=\/wp\/v2\/pages"}],"about":[{"href":"https:\/\/veda.polac.cz\/index.php?rest_route=\/wp\/v2\/types\/page"}],"author":[{"embeddable":true,"href":"https:\/\/veda.polac.cz\/index.php?rest_route=\/wp\/v2\/users\/2"}],"replies":[{"embeddable":true,"href":"https:\/\/veda.polac.cz\/index.php?rest_route=%2Fwp%2Fv2%2Fcomments&post=663"}],"version-history":[{"count":2,"href":"https:\/\/veda.polac.cz\/index.php?rest_route=\/wp\/v2\/pages\/663\/revisions"}],"predecessor-version":[{"id":677,"href":"https:\/\/veda.polac.cz\/index.php?rest_route=\/wp\/v2\/pages\/663\/revisions\/677"}],"up":[{"embeddable":true,"href":"https:\/\/veda.polac.cz\/index.php?rest_route=\/wp\/v2\/pages\/648"}],"wp:attachment":[{"href":"https:\/\/veda.polac.cz\/index.php?rest_route=%2Fwp%2Fv2%2Fmedia&parent=663"}],"curies":[{"name":"wp","href":"https:\/\/api.w.org\/{rel}","templated":true}]}}