{"id":6627,"date":"2022-01-18T10:20:51","date_gmt":"2022-01-18T10:20:51","guid":{"rendered":"https:\/\/veda.polac.cz\/?page_id=6627"},"modified":"2022-01-18T10:20:51","modified_gmt":"2022-01-18T10:20:51","slug":"6627-2","status":"publish","type":"page","link":"https:\/\/veda.polac.cz\/?page_id=6627","title":{"rendered":""},"content":{"rendered":"<p><strong>Charakteristika p\u0159\u00edstup\u016f k umis\u0165ov\u00e1n\u00ed v\u011bzn\u011bn\u00fdch osob v souvislosti s mo\u017enou radikalizac\u00ed<\/strong><\/p>\n<p><em>Mgr. Ond\u0159ej Kol\u00e1\u0159, Policejn\u00ed akademie \u010cesk\u00e9 republiky v\u00a0Praze, Fakulta bezpe\u010dnostn\u00edho managementu, katedra bezpe\u010dnostn\u00edch studi\u00ed<\/em><\/p>\n<p>\u010cl\u00e1nek se obsahov\u011b zam\u011b\u0159uje nejenom na pr\u00e1ci s\u00a0v\u011bzn\u011bn\u00fdmi osobami, ale p\u0159edev\u0161\u00edm na monitorov\u00e1n\u00ed projev\u016f mo\u017en\u00e9 radikalizace v\u011bzn\u011bn\u00fdch osob, stejn\u011b tak jako na mo\u017enosti jejich umis\u0165ov\u00e1n\u00ed v\u00a0r\u00e1mci v\u011bze\u0148sk\u00fdch za\u0159\u00edzen\u00ed na \u00fazem\u00ed \u010cR. Poskytuje z\u00e1kladn\u00ed p\u0159ehled o modelech umis\u0165ov\u00e1n\u00ed radikalizovan\u00fdch osob tak, jak jej vyu\u017e\u00edvaj\u00ed \u010dlensk\u00e9 zem\u011b EU, kter\u00e9 maj\u00ed v\u00a0t\u00e9to oblasti bohat\u0161\u00ed zku\u0161enosti. Je evidentn\u00ed, \u017ee V\u011bze\u0148sk\u00e1 slu\u017eba \u010cR nem\u00e1 tolik v\u011bzn\u011bn\u00fdch osob, kter\u00e9 by pot\u0159ebovaly specifick\u00e9 programy zach\u00e1zen\u00ed v\u00a0t\u00e9to oblasti, na druhou stranu je t\u0159eba, aby byla p\u0159ipravena, kdyby se za\u010dala radikalizace ve v\u011bze\u0148sk\u00fdch za\u0159\u00edzen\u00edch v\u00fdznamn\u011bji projevovat.<\/p>\n<p><strong>Kl\u00ed\u010dov\u00e1 slova: <\/strong>V\u011bze\u0148sk\u00e1 slu\u017eba \u010cR, radikalizace, v\u011bzn\u011bn\u00e1 osoba, umis\u0165ov\u00e1n\u00ed, vzd\u011bl\u00e1v\u00e1n\u00ed, analytick\u00fd n\u00e1stroj SAIRO.<\/p>\n<hr \/>\n<p><a href=\"https:\/\/veda.polac.cz\/?page_id=6606\">Zp\u011bt<\/a><\/p>\n","protected":false},"excerpt":{"rendered":"<p>Charakteristika p\u0159\u00edstup\u016f k umis\u0165ov\u00e1n\u00ed v\u011bzn\u011bn\u00fdch osob v souvislosti s mo\u017enou radikalizac\u00ed Mgr. Ond\u0159ej Kol\u00e1\u0159, Policejn\u00ed akademie \u010cesk\u00e9 republiky v\u00a0Praze, Fakulta bezpe\u010dnostn\u00edho managementu, katedra bezpe\u010dnostn\u00edch studi\u00ed \u010cl\u00e1nek se obsahov\u011b zam\u011b\u0159uje nejenom na pr\u00e1ci s\u00a0v\u011bzn\u011bn\u00fdmi osobami, ale p\u0159edev\u0161\u00edm na monitorov\u00e1n\u00ed projev\u016f mo\u017en\u00e9 radikalizace v\u011bzn\u011bn\u00fdch osob, stejn\u011b tak jako na mo\u017enosti jejich umis\u0165ov\u00e1n\u00ed v\u00a0r\u00e1mci v\u011bze\u0148sk\u00fdch za\u0159\u00edzen\u00ed na \u00fazem\u00ed [&hellip;]<\/p>\n","protected":false},"author":6,"featured_media":0,"parent":0,"menu_order":0,"comment_status":"closed","ping_status":"closed","template":"","meta":{"footnotes":""},"class_list":["post-6627","page","type-page","status-publish","hentry"],"_links":{"self":[{"href":"https:\/\/veda.polac.cz\/index.php?rest_route=\/wp\/v2\/pages\/6627","targetHints":{"allow":["GET"]}}],"collection":[{"href":"https:\/\/veda.polac.cz\/index.php?rest_route=\/wp\/v2\/pages"}],"about":[{"href":"https:\/\/veda.polac.cz\/index.php?rest_route=\/wp\/v2\/types\/page"}],"author":[{"embeddable":true,"href":"https:\/\/veda.polac.cz\/index.php?rest_route=\/wp\/v2\/users\/6"}],"replies":[{"embeddable":true,"href":"https:\/\/veda.polac.cz\/index.php?rest_route=%2Fwp%2Fv2%2Fcomments&post=6627"}],"version-history":[{"count":1,"href":"https:\/\/veda.polac.cz\/index.php?rest_route=\/wp\/v2\/pages\/6627\/revisions"}],"predecessor-version":[{"id":6628,"href":"https:\/\/veda.polac.cz\/index.php?rest_route=\/wp\/v2\/pages\/6627\/revisions\/6628"}],"wp:attachment":[{"href":"https:\/\/veda.polac.cz\/index.php?rest_route=%2Fwp%2Fv2%2Fmedia&parent=6627"}],"curies":[{"name":"wp","href":"https:\/\/api.w.org\/{rel}","templated":true}]}}