{"id":6624,"date":"2022-01-18T10:18:12","date_gmt":"2022-01-18T10:18:12","guid":{"rendered":"https:\/\/veda.polac.cz\/?page_id=6624"},"modified":"2022-01-18T10:18:12","modified_gmt":"2022-01-18T10:18:12","slug":"6624-2","status":"publish","type":"page","link":"https:\/\/veda.polac.cz\/?page_id=6624","title":{"rendered":""},"content":{"rendered":"<p style=\"text-align: center;\">Resum\u00e9 \u010dl\u00e1nku<\/p>\n<p><strong>N\u00e1vykov\u00e9 l\u00e1tky ve v\u00fdkonu trestu odn\u011bt\u00ed svobody<\/strong><\/p>\n<p><em>kpt. Mgr. et Mgr. Martina Sl\u00e1mov\u00e1, Policejn\u00ed prezidium \u010cesk\u00e9 republiky, vrchn\u00ed komisa\u0159 \u00fa\u0159adu slu\u017eby krimin\u00e1ln\u00ed policie a\u00a0vy\u0161et\u0159ov\u00e1n\u00ed por. Mgr. Milan Koc\u00edk, MBA., Policejn\u00ed prezidium \u010cesk\u00e9 republiky, komisa\u0159 odd\u011blen\u00ed obecn\u00e9 kriminality slu\u017eby krimin\u00e1ln\u00ed policie a vy\u0161et\u0159ov\u00e1n\u00ed<\/em><\/p>\n<p>T\u00e9matem tohoto \u010dl\u00e1nku je problematika n\u00e1vykov\u00fdch l\u00e1tek ve v\u00fdkonu trestu odn\u011bt\u00ed svobody v \u010cesk\u00e9 republice. Sta\u0165 informativn\u00edho charakteru \u010d\u00e1ste\u010dn\u011b implementuje poznatky z praxe. Na za\u010d\u00e1tku informativn\u00ed \u010d\u00e1sti je p\u0159edstavena trestn\u00e1 \u010dinnost p\u00e1chan\u00e1 ve v\u011bznic\u00edch osobami ve v\u00fdkonu vazby, nepodm\u00edn\u011bn\u00e9ho trestu odn\u011bt\u00ed svobody a zabezpe\u010dovac\u00ed detence. N\u00e1sledn\u011b se pozornost ub\u00edr\u00e1 k v\u00fdskytu n\u00e1vykov\u00fdch l\u00e1tek v \u010desk\u00fdch v\u011bznic\u00edch. Dal\u0161\u00ed \u010d\u00e1st pojedn\u00e1v\u00e1 o nemal\u00fdch n\u00e1roc\u00edch, kter\u00e9 jsou kladeny na p\u0159\u00edslu\u0161n\u00edky \u00fatvar\u016f zab\u00fdvaj\u00edc\u00edch se odhalov\u00e1n\u00edm a vy\u0161et\u0159ov\u00e1n\u00edm trestn\u00e9 \u010dinnosti na \u00faseku n\u00e1vykov\u00fdch l\u00e1tek. Ve stru\u010dnosti je p\u0159edstavena organiza\u010dn\u00ed struktura tzv. linie TOXI. Na informativn\u00ed z\u00e1klad navazuje \u010d\u00e1st o pr\u016fniku n\u00e1vykov\u00fdch l\u00e1tek do v\u011bze\u0148sk\u00e9ho prost\u0159ed\u00ed. Zde auto\u0159i mimo jin\u00e9 \u010derpaj\u00ed ze zku\u0161enost\u00ed, kdy se pod\u00edleli na rozs\u00e1hl\u00fdch realizac\u00edch tohoto specifick\u00e9ho druhu kriminality.<\/p>\n<p><strong>Kl\u00ed\u010dov\u00e1 slova: <\/strong>N\u00e1vykov\u00e9 l\u00e1tky, distribuce, V\u011bze\u0148sk\u00e1 slu\u017eba \u010cesk\u00e9 republiky, v\u00fdkon trestu odn\u011bt\u00ed svobody.<\/p>\n<hr \/>\n<p><a href=\"https:\/\/veda.polac.cz\/?page_id=6606\">Zp\u011bt<\/a><\/p>\n","protected":false},"excerpt":{"rendered":"<p>Resum\u00e9 \u010dl\u00e1nku N\u00e1vykov\u00e9 l\u00e1tky ve v\u00fdkonu trestu odn\u011bt\u00ed svobody kpt. Mgr. et Mgr. Martina Sl\u00e1mov\u00e1, Policejn\u00ed prezidium \u010cesk\u00e9 republiky, vrchn\u00ed komisa\u0159 \u00fa\u0159adu slu\u017eby krimin\u00e1ln\u00ed policie a\u00a0vy\u0161et\u0159ov\u00e1n\u00ed por. Mgr. Milan Koc\u00edk, MBA., Policejn\u00ed prezidium \u010cesk\u00e9 republiky, komisa\u0159 odd\u011blen\u00ed obecn\u00e9 kriminality slu\u017eby krimin\u00e1ln\u00ed policie a vy\u0161et\u0159ov\u00e1n\u00ed T\u00e9matem tohoto \u010dl\u00e1nku je problematika n\u00e1vykov\u00fdch l\u00e1tek ve v\u00fdkonu trestu odn\u011bt\u00ed [&hellip;]<\/p>\n","protected":false},"author":6,"featured_media":0,"parent":0,"menu_order":0,"comment_status":"closed","ping_status":"closed","template":"","meta":{"footnotes":""},"class_list":["post-6624","page","type-page","status-publish","hentry"],"_links":{"self":[{"href":"https:\/\/veda.polac.cz\/index.php?rest_route=\/wp\/v2\/pages\/6624","targetHints":{"allow":["GET"]}}],"collection":[{"href":"https:\/\/veda.polac.cz\/index.php?rest_route=\/wp\/v2\/pages"}],"about":[{"href":"https:\/\/veda.polac.cz\/index.php?rest_route=\/wp\/v2\/types\/page"}],"author":[{"embeddable":true,"href":"https:\/\/veda.polac.cz\/index.php?rest_route=\/wp\/v2\/users\/6"}],"replies":[{"embeddable":true,"href":"https:\/\/veda.polac.cz\/index.php?rest_route=%2Fwp%2Fv2%2Fcomments&post=6624"}],"version-history":[{"count":1,"href":"https:\/\/veda.polac.cz\/index.php?rest_route=\/wp\/v2\/pages\/6624\/revisions"}],"predecessor-version":[{"id":6625,"href":"https:\/\/veda.polac.cz\/index.php?rest_route=\/wp\/v2\/pages\/6624\/revisions\/6625"}],"wp:attachment":[{"href":"https:\/\/veda.polac.cz\/index.php?rest_route=%2Fwp%2Fv2%2Fmedia&parent=6624"}],"curies":[{"name":"wp","href":"https:\/\/api.w.org\/{rel}","templated":true}]}}