{"id":6620,"date":"2022-01-18T10:14:35","date_gmt":"2022-01-18T10:14:35","guid":{"rendered":"https:\/\/veda.polac.cz\/?page_id=6620"},"modified":"2022-01-18T10:14:36","modified_gmt":"2022-01-18T10:14:36","slug":"6620-2","status":"publish","type":"page","link":"https:\/\/veda.polac.cz\/?page_id=6620","title":{"rendered":""},"content":{"rendered":"<p style=\"text-align: center;\">Resum\u00e9 \u010dl\u00e1nku<\/p>\n<p><strong>Podpora a pomoc ob\u011btem trestn\u00e9 \u010dinnosti: trauma-senzitivn\u00ed j\u00f3ga<\/strong><\/p>\n<p><em>JUDr. Tereza Dle\u0161t\u00edkov\u00e1, Ph.D., Policejn\u00ed akademie \u010cesk\u00e9 republiky v\u00a0Praze, Fakulta bezpe\u010dnostn\u011b pr\u00e1vn\u00ed, katedra trestn\u00edho pr\u00e1va<\/em><\/p>\n<p>\u010cl\u00e1nek p\u0159edstavuje koncept tzv. trauma-senzitivn\u00ed j\u00f3gy jako\u017eto jedn\u00e9 z\u00a0metod terapeutick\u00e9 intervence v\u00a0p\u0159\u00edpad\u011b osob zasa\u017een\u00fdch psychick\u00fdm traumatem, resp. ob\u011bt\u00ed trestn\u00e9 \u010dinnosti, zalo\u017een\u00e9 na neverb\u00e1ln\u00ed, somatick\u00e9, b\u00e1zi vych\u00e1zej\u00edc\u00ed z\u00a0premisy, \u017ee pro\u017eit\u00e9 trauma m\u00e1 krom\u011b psychick\u00fdch projev\u016f i negativn\u00ed projevy somatick\u00e9, kter\u00e9 je nutno odbourat pr\u00e1v\u011b prac\u00ed s\u00a0fyzickou str\u00e1nkou \u010dlov\u011bka. C\u00edlem je pak integrace\u00a0traumatick\u00e9ho z\u00e1\u017eitku zahrnuj\u00edc\u00ed pos\u00edlen\u00ed ob\u011bti a jej\u00ed \u00fasp\u011b\u0161nou resocializaci.<\/p>\n<p><strong>Kl\u00ed\u010dov\u00e1 slova: <\/strong>Trauma, posttraumatick\u00e1 stresov\u00e1 porucha, ob\u011b\u0165 trestn\u00e9ho \u010dinu, trauma-senzitivn\u00ed j\u00f3ga, somatick\u00e1 psychoterapie.<\/p>\n<hr \/>\n<p><a href=\"https:\/\/veda.polac.cz\/?page_id=6606\">Zp\u011bt<\/a><\/p>\n","protected":false},"excerpt":{"rendered":"<p>Resum\u00e9 \u010dl\u00e1nku Podpora a pomoc ob\u011btem trestn\u00e9 \u010dinnosti: trauma-senzitivn\u00ed j\u00f3ga JUDr. Tereza Dle\u0161t\u00edkov\u00e1, Ph.D., Policejn\u00ed akademie \u010cesk\u00e9 republiky v\u00a0Praze, Fakulta bezpe\u010dnostn\u011b pr\u00e1vn\u00ed, katedra trestn\u00edho pr\u00e1va \u010cl\u00e1nek p\u0159edstavuje koncept tzv. trauma-senzitivn\u00ed j\u00f3gy jako\u017eto jedn\u00e9 z\u00a0metod terapeutick\u00e9 intervence v\u00a0p\u0159\u00edpad\u011b osob zasa\u017een\u00fdch psychick\u00fdm traumatem, resp. ob\u011bt\u00ed trestn\u00e9 \u010dinnosti, zalo\u017een\u00e9 na neverb\u00e1ln\u00ed, somatick\u00e9, b\u00e1zi vych\u00e1zej\u00edc\u00ed z\u00a0premisy, \u017ee pro\u017eit\u00e9 trauma [&hellip;]<\/p>\n","protected":false},"author":6,"featured_media":0,"parent":0,"menu_order":0,"comment_status":"closed","ping_status":"closed","template":"","meta":{"footnotes":""},"class_list":["post-6620","page","type-page","status-publish","hentry"],"_links":{"self":[{"href":"https:\/\/veda.polac.cz\/index.php?rest_route=\/wp\/v2\/pages\/6620","targetHints":{"allow":["GET"]}}],"collection":[{"href":"https:\/\/veda.polac.cz\/index.php?rest_route=\/wp\/v2\/pages"}],"about":[{"href":"https:\/\/veda.polac.cz\/index.php?rest_route=\/wp\/v2\/types\/page"}],"author":[{"embeddable":true,"href":"https:\/\/veda.polac.cz\/index.php?rest_route=\/wp\/v2\/users\/6"}],"replies":[{"embeddable":true,"href":"https:\/\/veda.polac.cz\/index.php?rest_route=%2Fwp%2Fv2%2Fcomments&post=6620"}],"version-history":[{"count":1,"href":"https:\/\/veda.polac.cz\/index.php?rest_route=\/wp\/v2\/pages\/6620\/revisions"}],"predecessor-version":[{"id":6621,"href":"https:\/\/veda.polac.cz\/index.php?rest_route=\/wp\/v2\/pages\/6620\/revisions\/6621"}],"wp:attachment":[{"href":"https:\/\/veda.polac.cz\/index.php?rest_route=%2Fwp%2Fv2%2Fmedia&parent=6620"}],"curies":[{"name":"wp","href":"https:\/\/api.w.org\/{rel}","templated":true}]}}