{"id":6617,"date":"2022-01-18T10:06:29","date_gmt":"2022-01-18T10:06:29","guid":{"rendered":"https:\/\/veda.polac.cz\/?page_id=6617"},"modified":"2022-01-18T10:06:30","modified_gmt":"2022-01-18T10:06:30","slug":"6617-2","status":"publish","type":"page","link":"https:\/\/veda.polac.cz\/?page_id=6617","title":{"rendered":""},"content":{"rendered":"<p style=\"text-align: center;\">Resum\u00e9 \u010dl\u00e1nku<\/p>\n<p><strong>Po\u010d\u00edta\u010dov\u00e1 mravnostn\u00ed kriminalita<\/strong><\/p>\n<p><em>PhDr. Marek Hejduk, MBA, Policejn\u00ed akademie \u010cesk\u00e9 republiky v\u00a0Praze, student doktorsk\u00e9ho studia, Dr. Zden\u011bk Kova\u0159\u00edk, CSc., Policejn\u00ed akademie \u010cesk\u00e9 republiky v\u00a0Praze, odd\u011blen\u00ed v\u011bdy a v\u00fdzkumu<\/em><\/p>\n<p>\u010cl\u00e1nek se zab\u00fdv\u00e1 problematikou \u201epo\u010d\u00edta\u010dov\u00e9 mravnostn\u00ed kriminality\u201c, se zam\u011b\u0159en\u00edm na empirick\u00fd v\u00fdzkum v\u00a0t\u00e9to oblasti. V\u00a0\u00favodu pr\u00e1ce je pops\u00e1na a\u00a0definov\u00e1na oblast \u201epo\u010d\u00edta\u010dov\u00e9 mravnostn\u00ed kriminality\u201c jako aktu\u00e1ln\u00ed fenom\u00e9n. D\u00e1le se ji\u017e pr\u00e1ce zam\u011b\u0159uje na jednotliv\u00e9 druhy \u201epo\u010d\u00edta\u010dov\u00e9 mravnostn\u00ed kriminality\u201c. N\u00e1sleduj\u00edc\u00ed praktick\u00e1 \u010d\u00e1st pr\u00e1ce ji\u017e vymezuje proveden\u00fd empirick\u00fd v\u00fdzkum, kter\u00fd byl realizov\u00e1n na druh\u00e9m stupni z\u00e1kladn\u00edch \u0161kol, st\u0159edn\u00edch \u0161kol\u00e1ch s\u00a0maturitou a\u00a0odborn\u00fdch u\u010dili\u0161\u0165. Ve v\u00fdzkumn\u00e9 \u010d\u00e1sti byla pou\u017eita metoda dotazn\u00edkov\u00e9ho \u0161et\u0159en\u00ed. N\u00e1sledn\u011b byly stanoveny v\u00fdzkumn\u00e9 p\u0159edpoklady, kter\u00e9 se p\u0159i vyhodnocen\u00ed v\u00fdsledk\u016f ov\u011b\u0159ovaly a interpretovaly p\u0159i anal\u00fdze jednotliv\u00fdch prom\u011bnn\u00fdch. \u010cl\u00e1nek d\u00e1le obsahuje jednotliv\u00e9 z\u00e1v\u011bry a v\u00fdchodiska proveden\u00e9ho v\u00fdzkumu.<\/p>\n<p><strong>Kl\u00ed\u010dov\u00e1 slova: \u201e<\/strong>po\u010d\u00edta\u010dov\u00e1 mravnostn\u00ed kriminalita\u201c, kybergrooming, d\u011btsk\u00e1 pornografie, sexting, empirick\u00fd v\u00fdzkum, v\u00fdzkumn\u00fd p\u0159edpoklad, dotazn\u00edkov\u00e9 \u0161et\u0159en\u00ed.<\/p>\n<hr \/>\n<p><a href=\"https:\/\/veda.polac.cz\/?page_id=6606\">Zp\u011bt<\/a><\/p>\n","protected":false},"excerpt":{"rendered":"<p>Resum\u00e9 \u010dl\u00e1nku Po\u010d\u00edta\u010dov\u00e1 mravnostn\u00ed kriminalita PhDr. Marek Hejduk, MBA, Policejn\u00ed akademie \u010cesk\u00e9 republiky v\u00a0Praze, student doktorsk\u00e9ho studia, Dr. Zden\u011bk Kova\u0159\u00edk, CSc., Policejn\u00ed akademie \u010cesk\u00e9 republiky v\u00a0Praze, odd\u011blen\u00ed v\u011bdy a v\u00fdzkumu \u010cl\u00e1nek se zab\u00fdv\u00e1 problematikou \u201epo\u010d\u00edta\u010dov\u00e9 mravnostn\u00ed kriminality\u201c, se zam\u011b\u0159en\u00edm na empirick\u00fd v\u00fdzkum v\u00a0t\u00e9to oblasti. V\u00a0\u00favodu pr\u00e1ce je pops\u00e1na a\u00a0definov\u00e1na oblast \u201epo\u010d\u00edta\u010dov\u00e9 mravnostn\u00ed kriminality\u201c jako aktu\u00e1ln\u00ed [&hellip;]<\/p>\n","protected":false},"author":6,"featured_media":0,"parent":0,"menu_order":0,"comment_status":"closed","ping_status":"closed","template":"","meta":{"footnotes":""},"class_list":["post-6617","page","type-page","status-publish","hentry"],"_links":{"self":[{"href":"https:\/\/veda.polac.cz\/index.php?rest_route=\/wp\/v2\/pages\/6617","targetHints":{"allow":["GET"]}}],"collection":[{"href":"https:\/\/veda.polac.cz\/index.php?rest_route=\/wp\/v2\/pages"}],"about":[{"href":"https:\/\/veda.polac.cz\/index.php?rest_route=\/wp\/v2\/types\/page"}],"author":[{"embeddable":true,"href":"https:\/\/veda.polac.cz\/index.php?rest_route=\/wp\/v2\/users\/6"}],"replies":[{"embeddable":true,"href":"https:\/\/veda.polac.cz\/index.php?rest_route=%2Fwp%2Fv2%2Fcomments&post=6617"}],"version-history":[{"count":1,"href":"https:\/\/veda.polac.cz\/index.php?rest_route=\/wp\/v2\/pages\/6617\/revisions"}],"predecessor-version":[{"id":6618,"href":"https:\/\/veda.polac.cz\/index.php?rest_route=\/wp\/v2\/pages\/6617\/revisions\/6618"}],"wp:attachment":[{"href":"https:\/\/veda.polac.cz\/index.php?rest_route=%2Fwp%2Fv2%2Fmedia&parent=6617"}],"curies":[{"name":"wp","href":"https:\/\/api.w.org\/{rel}","templated":true}]}}