{"id":6614,"date":"2022-01-18T10:04:27","date_gmt":"2022-01-18T10:04:27","guid":{"rendered":"https:\/\/veda.polac.cz\/?page_id=6614"},"modified":"2022-01-18T10:04:28","modified_gmt":"2022-01-18T10:04:28","slug":"6614-2","status":"publish","type":"page","link":"https:\/\/veda.polac.cz\/?page_id=6614","title":{"rendered":""},"content":{"rendered":"<p style=\"text-align: center;\">Resum\u00e9 \u010dl\u00e1nku<\/p>\n<p><strong>Aplikace zkou\u0161ky spolehlivosti<\/strong><\/p>\n<p><em>plk. v. v. Mgr. Jan \u010c\u00e1p, Ph.D., Policejn\u00ed akademie \u010cR v\u00a0Praze, Fakulta bezpe\u010dnostn\u011b pr\u00e1vn\u00ed, katedra kriminalistiky<\/em><\/p>\n<p>V\u00a0r\u00e1mci d\u00edl\u010d\u00edho v\u00fdzkumn\u00e9ho \u00fakolu Policejn\u00ed akademie \u010cR v\u00a0Praze na t\u00e9ma \u201eVybran\u00e9 aspekty mo\u017en\u00e9ho korup\u010dn\u00edho a\u00a0jin\u00e9ho ne\u017e\u00e1douc\u00edho jedn\u00e1n\u00ed p\u0159\u00edslu\u0161n\u00edk\u016f a\u00a0zam\u011bstnanc\u016f bezpe\u010dnostn\u00edch sbor\u016f\u201c autor odborn\u00e9 ve\u0159ejnosti p\u0159edkl\u00e1d\u00e1 d\u00edl\u010d\u00ed v\u00fdzkumn\u00e1 zji\u0161t\u011bn\u00ed. Seznamuje se zhodnocen\u00edm aplika\u010dn\u00ed praxe p\u0159i vyu\u017eit\u00ed proaktivn\u00edho instrumentu \u201eZkou\u0161ky spolehlivosti\u201c vyu\u017e\u00edvan\u00e9ho Gener\u00e1ln\u00ed inspekc\u00ed bezpe\u010dnostn\u00edch sbor\u016f, s\u00a0nazna\u010den\u00edm aplika\u010dn\u00edch probl\u00e9m\u016f, jejich \u0159e\u0161en\u00edm a mo\u017enost\u00ed dal\u0161\u00edho v\u00fdvoje praktick\u00e9ho vyu\u017eit\u00ed.<\/p>\n<p><strong>Kl\u00ed\u010dov\u00e1 slova: <\/strong>zkou\u0161ka spolehlivosti, inspekce, policejn\u00ed provokace, GIBS, korupce<\/p>\n<hr \/>\n<p><a href=\"https:\/\/veda.polac.cz\/?page_id=6606\">Zp\u011bt<\/a><\/p>\n","protected":false},"excerpt":{"rendered":"<p>Resum\u00e9 \u010dl\u00e1nku Aplikace zkou\u0161ky spolehlivosti plk. v. v. Mgr. Jan \u010c\u00e1p, Ph.D., Policejn\u00ed akademie \u010cR v\u00a0Praze, Fakulta bezpe\u010dnostn\u011b pr\u00e1vn\u00ed, katedra kriminalistiky V\u00a0r\u00e1mci d\u00edl\u010d\u00edho v\u00fdzkumn\u00e9ho \u00fakolu Policejn\u00ed akademie \u010cR v\u00a0Praze na t\u00e9ma \u201eVybran\u00e9 aspekty mo\u017en\u00e9ho korup\u010dn\u00edho a\u00a0jin\u00e9ho ne\u017e\u00e1douc\u00edho jedn\u00e1n\u00ed p\u0159\u00edslu\u0161n\u00edk\u016f a\u00a0zam\u011bstnanc\u016f bezpe\u010dnostn\u00edch sbor\u016f\u201c autor odborn\u00e9 ve\u0159ejnosti p\u0159edkl\u00e1d\u00e1 d\u00edl\u010d\u00ed v\u00fdzkumn\u00e1 zji\u0161t\u011bn\u00ed. Seznamuje se zhodnocen\u00edm aplika\u010dn\u00ed praxe p\u0159i [&hellip;]<\/p>\n","protected":false},"author":6,"featured_media":0,"parent":0,"menu_order":0,"comment_status":"closed","ping_status":"closed","template":"","meta":{"footnotes":""},"class_list":["post-6614","page","type-page","status-publish","hentry"],"_links":{"self":[{"href":"https:\/\/veda.polac.cz\/index.php?rest_route=\/wp\/v2\/pages\/6614","targetHints":{"allow":["GET"]}}],"collection":[{"href":"https:\/\/veda.polac.cz\/index.php?rest_route=\/wp\/v2\/pages"}],"about":[{"href":"https:\/\/veda.polac.cz\/index.php?rest_route=\/wp\/v2\/types\/page"}],"author":[{"embeddable":true,"href":"https:\/\/veda.polac.cz\/index.php?rest_route=\/wp\/v2\/users\/6"}],"replies":[{"embeddable":true,"href":"https:\/\/veda.polac.cz\/index.php?rest_route=%2Fwp%2Fv2%2Fcomments&post=6614"}],"version-history":[{"count":1,"href":"https:\/\/veda.polac.cz\/index.php?rest_route=\/wp\/v2\/pages\/6614\/revisions"}],"predecessor-version":[{"id":6615,"href":"https:\/\/veda.polac.cz\/index.php?rest_route=\/wp\/v2\/pages\/6614\/revisions\/6615"}],"wp:attachment":[{"href":"https:\/\/veda.polac.cz\/index.php?rest_route=%2Fwp%2Fv2%2Fmedia&parent=6614"}],"curies":[{"name":"wp","href":"https:\/\/api.w.org\/{rel}","templated":true}]}}