{"id":6611,"date":"2022-01-18T10:01:31","date_gmt":"2022-01-18T10:01:31","guid":{"rendered":"https:\/\/veda.polac.cz\/?page_id=6611"},"modified":"2022-01-18T10:01:32","modified_gmt":"2022-01-18T10:01:32","slug":"6611-2","status":"publish","type":"page","link":"https:\/\/veda.polac.cz\/?page_id=6611","title":{"rendered":""},"content":{"rendered":"<p style=\"text-align: center;\">Resum\u00e9 \u010dl\u00e1nku<\/p>\n<p><strong>Hrozby vypl\u00fdvaj\u00edc\u00ed z\u00a0pou\u017eit\u00ed doru\u010dovac\u00edch dron\u016f v\u00a0\u010cesk\u00e9 republice<\/strong><\/p>\n<p><em>Bc. Marek Rechtik, Masarykova univerzita v\u00a0Brn\u011b, Fakulta soci\u00e1ln\u00edch studi\u00ed, student magistersk\u00e9ho studia, Bc. Jakub Ondr\u016f\u0161ek, Masarykova univerzita v\u00a0Brn\u011b, Fakulta soci\u00e1ln\u00edch studi\u00ed, student magistersk\u00e9ho studia, Bc. Tom\u00e1\u0161 Si\u0159inek, Masarykova univerzita v\u00a0Brn\u011b, Fakulta soci\u00e1ln\u00edch studi\u00ed, student magistersk\u00e9ho studia<\/em><\/p>\n<p>Tento \u010dl\u00e1nek se zab\u00fdv\u00e1 problematikou bezpe\u010dnosti doru\u010dovac\u00edch dron\u016f a\u00a0zam\u011b\u0159uje se na hrozby, kter\u00e9 mohou vypl\u00fdvat z\u00a0jejich budouc\u00edho vyu\u017e\u00edv\u00e1n\u00ed. Hromadn\u00e9 komer\u010dn\u00ed vyu\u017eit\u00ed doru\u010dovac\u00edch dron\u016f s\u00a0sebou p\u0159in\u00e1\u0161\u00ed celou \u0161k\u00e1lu hrozeb, kter\u00e9 lze rozd\u011blit na hrozby dron\u016fm jako doru\u010dovac\u00edmu syst\u00e9mu a hrozby vypl\u00fdvaj\u00edc\u00ed z\u00a0vyu\u017eit\u00ed tohoto syst\u00e9mu pro spole\u010dnost. Za nejrizikov\u011bj\u0161\u00ed lze p\u0159itom pova\u017eovat hrozby \u00fanosu \u010di zni\u010den\u00ed dronu prost\u0159ednictv\u00edm kybernetick\u00fdch prost\u0159edk\u016f, jeliko\u017e takto lze dron zneu\u017e\u00edt k\u00a0dal\u0161\u00ed trestn\u00e9 \u010dinnosti. V\u00a0r\u00e1mci \u010cR lze identifikovat \u0159adu potenci\u00e1ln\u00edch rizikov\u00fdch akt\u00e9r\u016f, kte\u0159\u00ed mohou m\u00edt na zneu\u017eit\u00ed dron\u016f z\u00e1jem. Pomalej\u0161\u00ed zav\u00e1d\u011bn\u00ed t\u011bchto doru\u010dovac\u00edch prost\u0159edk\u016f v\u00a0\u010cR sp\u00ed\u0161e a\u017e v\u00a0pozd\u011bj\u0161\u00edch vln\u00e1ch, kdy by ty nejv\u00edce kritick\u00e9 slabiny t\u00e9to technologie ji\u017e m\u011bly b\u00fdt vy\u0159e\u0161eny, a tak\u00e9 dobr\u00e1 bezpe\u010dnostn\u00ed situace v\u00a0\u010cR v\u0161ak p\u0159isp\u00edvaj\u00ed k zji\u0161t\u011bn\u00ed, \u017ee v\u011bt\u0161ina z\u00a0nich by na n\u00e1rodn\u00ed \u00farovni nem\u011bla p\u0159edstavovat v\u00fdznamn\u00e9 riziko. Nejpravd\u011bpodobn\u011bj\u0161\u00ed je pak aktivita akt\u00e9r\u016f prim\u00e1rn\u00edho zneu\u017eit\u00ed, kte\u0159\u00ed mohou zneu\u017e\u00edvat drony p\u0159edev\u0161\u00edm za \u00fa\u010delem osobn\u00edho zisku \u010di z\u00e1bavy.<\/p>\n<p><strong>Kl\u00ed\u010dov\u00e1 slova<\/strong>: bezpilotn\u00ed leteck\u00e9 prost\u0159edky; UAV; kybernetick\u00e9 hrozby; doru\u010dovac\u00ed drony.<\/p>\n<hr \/>\n<p><a href=\"https:\/\/veda.polac.cz\/?page_id=6606\">Zp\u011bt<\/a><\/p>\n","protected":false},"excerpt":{"rendered":"<p>Resum\u00e9 \u010dl\u00e1nku Hrozby vypl\u00fdvaj\u00edc\u00ed z\u00a0pou\u017eit\u00ed doru\u010dovac\u00edch dron\u016f v\u00a0\u010cesk\u00e9 republice Bc. Marek Rechtik, Masarykova univerzita v\u00a0Brn\u011b, Fakulta soci\u00e1ln\u00edch studi\u00ed, student magistersk\u00e9ho studia, Bc. Jakub Ondr\u016f\u0161ek, Masarykova univerzita v\u00a0Brn\u011b, Fakulta soci\u00e1ln\u00edch studi\u00ed, student magistersk\u00e9ho studia, Bc. Tom\u00e1\u0161 Si\u0159inek, Masarykova univerzita v\u00a0Brn\u011b, Fakulta soci\u00e1ln\u00edch studi\u00ed, student magistersk\u00e9ho studia Tento \u010dl\u00e1nek se zab\u00fdv\u00e1 problematikou bezpe\u010dnosti doru\u010dovac\u00edch dron\u016f a\u00a0zam\u011b\u0159uje se [&hellip;]<\/p>\n","protected":false},"author":6,"featured_media":0,"parent":0,"menu_order":0,"comment_status":"closed","ping_status":"closed","template":"","meta":{"footnotes":""},"class_list":["post-6611","page","type-page","status-publish","hentry"],"_links":{"self":[{"href":"https:\/\/veda.polac.cz\/index.php?rest_route=\/wp\/v2\/pages\/6611","targetHints":{"allow":["GET"]}}],"collection":[{"href":"https:\/\/veda.polac.cz\/index.php?rest_route=\/wp\/v2\/pages"}],"about":[{"href":"https:\/\/veda.polac.cz\/index.php?rest_route=\/wp\/v2\/types\/page"}],"author":[{"embeddable":true,"href":"https:\/\/veda.polac.cz\/index.php?rest_route=\/wp\/v2\/users\/6"}],"replies":[{"embeddable":true,"href":"https:\/\/veda.polac.cz\/index.php?rest_route=%2Fwp%2Fv2%2Fcomments&post=6611"}],"version-history":[{"count":1,"href":"https:\/\/veda.polac.cz\/index.php?rest_route=\/wp\/v2\/pages\/6611\/revisions"}],"predecessor-version":[{"id":6612,"href":"https:\/\/veda.polac.cz\/index.php?rest_route=\/wp\/v2\/pages\/6611\/revisions\/6612"}],"wp:attachment":[{"href":"https:\/\/veda.polac.cz\/index.php?rest_route=%2Fwp%2Fv2%2Fmedia&parent=6611"}],"curies":[{"name":"wp","href":"https:\/\/api.w.org\/{rel}","templated":true}]}}