{"id":661,"date":"2018-09-13T18:53:43","date_gmt":"2018-09-13T18:53:43","guid":{"rendered":"http:\/\/veda.polac.cz\/?page_id=661"},"modified":"2018-10-27T18:53:05","modified_gmt":"2018-10-27T18:53:05","slug":"6-2","status":"publish","type":"page","link":"https:\/\/veda.polac.cz\/?page_id=661","title":{"rendered":""},"content":{"rendered":"<p style=\"text-align: center;\">Resum\u00e9 \u010dl\u00e1nku<\/p>\n<p><strong>Role st\u00e1tu v zaji\u0161\u0165ov\u00e1n\u00ed kybernetick\u00e9 bezpe\u010dnosti<br \/>\n<\/strong><i>Mgr. Roman Pa\u010dka, N\u00e1rodn\u00ed centrum kybernetick\u00e9 bezpe\u010dnosti, N\u00e1rodn\u00ed bezpe\u010dnostn\u00ed \u00fa\u0159ad<\/p>\n<p><\/i>Tento \u010dl\u00e1nek se zab\u00fdv\u00e1 vymezen\u00edm role st\u00e1tu v oblasti zaji\u0161\u0165ov\u00e1n\u00ed kybernetick\u00e9 bezpe\u010dnosti. Konkr\u00e9tn\u011b si klade za c\u00edl vymezit roli st\u00e1tu a vytvo\u0159it z\u00e1kladn\u00ed p\u0159ehled o p\u016fsoben\u00ed st\u00e1tu v kyberprostoru, kter\u00e9 roz\u010dle\u0148uje celkem do \u010dty\u0159 oblast\u00ed: \u010dinnost policejn\u00edch slo\u017eek (vym\u00e1h\u00e1n\u00ed pr\u00e1va); \u010dinnost zpravodajsk\u00fdch slu\u017eeb; \u010dinnost vojensk\u00fdch slo\u017eek (kybernetick\u00e1 obrana) a ochrana kritick\u00e9 informa\u010dn\u00ed infrastruktury. V ka\u017ed\u00e9 z t\u011bchto oblast\u00ed se pak detailn\u011bji v\u011bnuje v\u00fd\u010dtu jednotliv\u00fdch metod, n\u00e1stroj\u016f \u010di technik, kter\u00e9 st\u00e1t v dan\u00e9 oblasti vyu\u017e\u00edv\u00e1. V neposledn\u00ed \u0159ad\u011b tento \u010dl\u00e1nek stru\u010dn\u011b p\u0159edstavuje i z\u00e1kladn\u00ed problematick\u00e9 oblasti, kter\u00fdm st\u00e1t mus\u00ed p\u0159i zaji\u0161\u0165ov\u00e1n\u00ed kybernetick\u00e9 bezpe\u010dnosti \u010delit.<br \/>\n<strong>Kl\u00ed\u010dov\u00e1 slova:<\/strong>\u00a0kybernetick\u00e1 bezpe\u010dnost, kybernetick\u00e1 obrana, informa\u010dn\u00ed kriminalita, role st\u00e1tu, kybernetick\u00e1 bezpe\u010dnostn\u00ed politika, zpravodajsk\u00e9 slu\u017eby, kritick\u00e1 informa\u010dn\u00ed infrastruktura.<i><br \/>\n<\/i><\/p>\n<p><a href=\"https:\/\/veda.polac.cz\/?page_id=648\">03\/2015<\/a><\/p>\n","protected":false},"excerpt":{"rendered":"<p>Resum\u00e9 \u010dl\u00e1nku Role st\u00e1tu v zaji\u0161\u0165ov\u00e1n\u00ed kybernetick\u00e9 bezpe\u010dnosti Mgr. Roman Pa\u010dka, N\u00e1rodn\u00ed centrum kybernetick\u00e9 bezpe\u010dnosti, N\u00e1rodn\u00ed bezpe\u010dnostn\u00ed \u00fa\u0159ad Tento \u010dl\u00e1nek se zab\u00fdv\u00e1 vymezen\u00edm role st\u00e1tu v oblasti zaji\u0161\u0165ov\u00e1n\u00ed kybernetick\u00e9 bezpe\u010dnosti. Konkr\u00e9tn\u011b si klade za c\u00edl vymezit roli st\u00e1tu a vytvo\u0159it z\u00e1kladn\u00ed p\u0159ehled o p\u016fsoben\u00ed st\u00e1tu v kyberprostoru, kter\u00e9 roz\u010dle\u0148uje celkem do \u010dty\u0159 oblast\u00ed: \u010dinnost policejn\u00edch [&hellip;]<\/p>\n","protected":false},"author":2,"featured_media":0,"parent":648,"menu_order":6,"comment_status":"closed","ping_status":"closed","template":"","meta":{"footnotes":""},"class_list":["post-661","page","type-page","status-publish","hentry"],"_links":{"self":[{"href":"https:\/\/veda.polac.cz\/index.php?rest_route=\/wp\/v2\/pages\/661","targetHints":{"allow":["GET"]}}],"collection":[{"href":"https:\/\/veda.polac.cz\/index.php?rest_route=\/wp\/v2\/pages"}],"about":[{"href":"https:\/\/veda.polac.cz\/index.php?rest_route=\/wp\/v2\/types\/page"}],"author":[{"embeddable":true,"href":"https:\/\/veda.polac.cz\/index.php?rest_route=\/wp\/v2\/users\/2"}],"replies":[{"embeddable":true,"href":"https:\/\/veda.polac.cz\/index.php?rest_route=%2Fwp%2Fv2%2Fcomments&post=661"}],"version-history":[{"count":2,"href":"https:\/\/veda.polac.cz\/index.php?rest_route=\/wp\/v2\/pages\/661\/revisions"}],"predecessor-version":[{"id":676,"href":"https:\/\/veda.polac.cz\/index.php?rest_route=\/wp\/v2\/pages\/661\/revisions\/676"}],"up":[{"embeddable":true,"href":"https:\/\/veda.polac.cz\/index.php?rest_route=\/wp\/v2\/pages\/648"}],"wp:attachment":[{"href":"https:\/\/veda.polac.cz\/index.php?rest_route=%2Fwp%2Fv2%2Fmedia&parent=661"}],"curies":[{"name":"wp","href":"https:\/\/api.w.org\/{rel}","templated":true}]}}