{"id":6608,"date":"2022-01-18T08:05:51","date_gmt":"2022-01-18T08:05:51","guid":{"rendered":"https:\/\/veda.polac.cz\/?page_id=6608"},"modified":"2022-01-18T08:05:51","modified_gmt":"2022-01-18T08:05:51","slug":"6608-2","status":"publish","type":"page","link":"https:\/\/veda.polac.cz\/?page_id=6608","title":{"rendered":""},"content":{"rendered":"<p style=\"text-align: center;\">Resum\u00e9 \u010dl\u00e1nku<\/p>\n<p><strong>Trendy rusk\u00e9ho organizovan\u00e9ho zlo\u010dinu<\/strong><\/p>\n<p>Bc. Svetlana Firsova, Mendelova univerzita v Brn\u011b, Fakulta region\u00e1ln\u00edho rozvoje a mezin\u00e1rodn\u00edch studi\u00ed,<br \/>\ndoc. PhDr. Josef Smol\u00edk, Ph.D., MBA, LL.M, Policejn\u00ed akademie \u010cesk\u00e9 republiky v\u00a0Praze, Fakulta bezpe\u010dnostn\u00edho managementu, Katedra bezpe\u010dnostn\u00edch studi\u00ed<\/p>\n<p>\u010cl\u00e1nek p\u0159edstavuje z\u00e1kladn\u00ed charakteristiky rusk\u00e9ho organizovan\u00e9ho zlo\u010dinu. Text stru\u010dn\u011b diskutuje v\u00fdvoj od 90. let 20. stolet\u00ed, p\u0159i\u010dem\u017e je bl\u00ed\u017ee analyzov\u00e1no obdob\u00ed 2008-2019. Pr\u00e1ce vych\u00e1z\u00ed ze sekund\u00e1rn\u00edch dat, kter\u00e1 jsou dostupn\u00e1 v\u00a0Rusk\u00e9 federaci. D\u00e1le se studie zam\u011b\u0159uje na vybran\u00e9 aktivity rusk\u00e9ho OZ na \u00fazem\u00ed \u010cR, kter\u00e9 jsou dlouhodob\u011b monitorov\u00e1ny BIS. Na z\u00e1klad\u011b v\u00fd\u0161e uveden\u00fdch informac\u00ed lze konstatovat m\u011bn\u00edc\u00ed se projevy a aktivity rusk\u00e9ho OZ, kter\u00fd se sna\u017e\u00ed p\u0159edev\u0161\u00edm o\u00a0legalizaci zisk\u016f z\u00a0trestn\u00e9 \u010dinnosti, ovliv\u0148ov\u00e1n\u00ed politick\u00e9, bezpe\u010dnostn\u00ed a podnikatelsk\u00e9 sf\u00e9ry. Sou\u010dasn\u00fd rusk\u00fd OZ je globalizovan\u00fd, co\u017e \u010dasto vede k\u00a0jeho propojen\u00ed se\u00a0zahrani\u010dn\u00edmi skupinami organizovan\u00e9ho zlo\u010dinu (nap\u0159. v\u00a0It\u00e1lii, Kolumbii, \u010c\u00edn\u011b, USA).<\/p>\n<p><strong>Kl\u00ed\u010dov\u00e1 slova<\/strong>: Organizovan\u00fd zlo\u010din, Rusk\u00e1 federace, kriminalita, korupce, n\u00e1sil\u00ed.<\/p>\n<hr \/>\n<p><a href=\"https:\/\/veda.polac.cz\/?page_id=6606\">Zp\u011bt<\/a><\/p>\n","protected":false},"excerpt":{"rendered":"<p>Resum\u00e9 \u010dl\u00e1nku Trendy rusk\u00e9ho organizovan\u00e9ho zlo\u010dinu Bc. Svetlana Firsova, Mendelova univerzita v Brn\u011b, Fakulta region\u00e1ln\u00edho rozvoje a mezin\u00e1rodn\u00edch studi\u00ed, doc. PhDr. Josef Smol\u00edk, Ph.D., MBA, LL.M, Policejn\u00ed akademie \u010cesk\u00e9 republiky v\u00a0Praze, Fakulta bezpe\u010dnostn\u00edho managementu, Katedra bezpe\u010dnostn\u00edch studi\u00ed \u010cl\u00e1nek p\u0159edstavuje z\u00e1kladn\u00ed charakteristiky rusk\u00e9ho organizovan\u00e9ho zlo\u010dinu. Text stru\u010dn\u011b diskutuje v\u00fdvoj od 90. let 20. stolet\u00ed, p\u0159i\u010dem\u017e je [&hellip;]<\/p>\n","protected":false},"author":6,"featured_media":0,"parent":0,"menu_order":0,"comment_status":"closed","ping_status":"closed","template":"","meta":{"footnotes":""},"class_list":["post-6608","page","type-page","status-publish","hentry"],"_links":{"self":[{"href":"https:\/\/veda.polac.cz\/index.php?rest_route=\/wp\/v2\/pages\/6608","targetHints":{"allow":["GET"]}}],"collection":[{"href":"https:\/\/veda.polac.cz\/index.php?rest_route=\/wp\/v2\/pages"}],"about":[{"href":"https:\/\/veda.polac.cz\/index.php?rest_route=\/wp\/v2\/types\/page"}],"author":[{"embeddable":true,"href":"https:\/\/veda.polac.cz\/index.php?rest_route=\/wp\/v2\/users\/6"}],"replies":[{"embeddable":true,"href":"https:\/\/veda.polac.cz\/index.php?rest_route=%2Fwp%2Fv2%2Fcomments&post=6608"}],"version-history":[{"count":1,"href":"https:\/\/veda.polac.cz\/index.php?rest_route=\/wp\/v2\/pages\/6608\/revisions"}],"predecessor-version":[{"id":6609,"href":"https:\/\/veda.polac.cz\/index.php?rest_route=\/wp\/v2\/pages\/6608\/revisions\/6609"}],"wp:attachment":[{"href":"https:\/\/veda.polac.cz\/index.php?rest_route=%2Fwp%2Fv2%2Fmedia&parent=6608"}],"curies":[{"name":"wp","href":"https:\/\/api.w.org\/{rel}","templated":true}]}}