{"id":6606,"date":"2022-01-18T07:50:16","date_gmt":"2022-01-18T07:50:16","guid":{"rendered":"https:\/\/veda.polac.cz\/?page_id=6606"},"modified":"2022-01-21T14:02:02","modified_gmt":"2022-01-21T14:02:02","slug":"04-2021","status":"publish","type":"page","link":"https:\/\/veda.polac.cz\/?page_id=6606","title":{"rendered":"04\/2021"},"content":{"rendered":"<p><a href=\"https:\/\/veda.polac.cz\/?page_id=6608\"><strong>Trendy rusk\u00e9ho organizovan\u00e9ho zlo\u010dinu<\/strong><\/a><br \/>\nBc. Svetlana Firsova, Mendelova univerzita v\u00a0Brn\u011b, Fakulta region\u00e1ln\u00edho rozvoje a\u00a0mezin\u00e1rodn\u00edch studi\u00ed<br \/>\ndoc. PhDr. Josef Smol\u00edk, Ph.D., MBA, LL.M., Policejn\u00ed akademie \u010cesk\u00e9 republiky v\u00a0Praze, Fakulta bezpe\u010dnostn\u00edho managementu, katedra bezpe\u010dnostn\u00edch studi\u00ed<\/p>\n<p><a href=\"https:\/\/veda.polac.cz\/wp-content\/uploads\/2022\/01\/Trendy-ruskeho-organizovaneho-zlocinu.pdf\" target=\"_blank\" rel=\"noopener\">pdf form\u00e1t<\/a><\/p>\n<hr \/>\n<p><a href=\"https:\/\/veda.polac.cz\/?page_id=6611\"><strong>Hrozby vypl\u00fdvaj\u00edc\u00ed z\u00a0pou\u017eit\u00ed doru\u010dovac\u00edch dron\u016f v\u00a0\u010cesk\u00e9 republice<\/strong><\/a><br \/>\nBc. Marek Rechtik, Masarykova univerzita v\u00a0Brn\u011b, Fakulta soci\u00e1ln\u00edch studi\u00ed,<br \/>\nstudent magistersk\u00e9ho studia<br \/>\nBc. Jakub Ondr\u016f\u0161ek, Masarykova univerzita v\u00a0Brn\u011b, Fakulta soci\u00e1ln\u00edch studi\u00ed,<br \/>\nstudent magistersk\u00e9ho studia<br \/>\nBc. Tom\u00e1\u0161 Si\u0159inek, Masarykova univerzita v\u00a0Brn\u011b, Fakulta soci\u00e1ln\u00edch studi\u00ed,<br \/>\nstudent magistersk\u00e9ho studia<\/p>\n<p><a href=\"https:\/\/veda.polac.cz\/wp-content\/uploads\/2022\/01\/Hrozby-vyplyvajici-z-pouziti-dorucovacich-dronu-v-Ceske-republice.pdf\" target=\"_blank\" rel=\"noopener\">pdf form\u00e1t<\/a><\/p>\n<hr \/>\n<p><a href=\"https:\/\/veda.polac.cz\/?page_id=6614\"><strong>Aplikace zkou\u0161ky spolehlivosti<\/strong><\/a><br \/>\nplk. v. v. Mgr. Jan \u010c\u00e1p, Ph.D., Policejn\u00ed akademie \u010cR v\u00a0Praze, Fakulta bezpe\u010dnostn\u011b pr\u00e1vn\u00ed, katedra kriminalistiky<\/p>\n<p><a href=\"https:\/\/veda.polac.cz\/wp-content\/uploads\/2022\/01\/Aplikace-zkousky-spolehlivosti.pdf\" target=\"_blank\" rel=\"noopener\">pdf form\u00e1t<\/a><\/p>\n<hr \/>\n<p><a href=\"https:\/\/veda.polac.cz\/?page_id=6617\"><strong>Po\u010d\u00edta\u010dov\u00e1 mravnostn\u00ed kriminalita<\/strong><\/a><br \/>\nPhDr. Marek Hejduk, MBA, Policejn\u00ed akademie \u010cesk\u00e9 republiky v\u00a0Praze,<br \/>\nstudent doktorsk\u00e9ho studia<br \/>\nDr. Zden\u011bk Kova\u0159\u00edk, CSc., Policejn\u00ed akademie \u010cesk\u00e9 republiky v\u00a0Praze,<br \/>\nodd\u011blen\u00ed v\u011bdy a v\u00fdzkumu<\/p>\n<p><a href=\"https:\/\/veda.polac.cz\/wp-content\/uploads\/2022\/01\/Pocitacova-mravnostni-kriminalita.pdf\" target=\"_blank\" rel=\"noopener\">pdf form\u00e1t<\/a><\/p>\n<hr \/>\n<p><a href=\"https:\/\/veda.polac.cz\/?page_id=6620\"><strong>Podpora a pomoc ob\u011btem trestn\u00e9 \u010dinnosti: trauma-senzitivn\u00ed j\u00f3ga<\/strong><\/a><br \/>\nJUDr. Tereza Dle\u0161t\u00edkov\u00e1, Ph.D., Policejn\u00ed akademie \u010cesk\u00e9 republiky v\u00a0Praze,<br \/>\nFakulta bezpe\u010dnostn\u011b pr\u00e1vn\u00ed, katedra trestn\u00edho pr\u00e1va<\/p>\n<p><a href=\"https:\/\/veda.polac.cz\/wp-content\/uploads\/2022\/01\/Podpora-a-pomoc-obetem-trestne-cinnosti-trauma-senzitivni-joga.pdf\" target=\"_blank\" rel=\"noopener\">pdf form\u00e1t<\/a><\/p>\n<hr \/>\n<p><a href=\"https:\/\/veda.polac.cz\/?page_id=6624\"><strong>N\u00e1vykov\u00e9 l\u00e1tky ve v\u00fdkonu trestu odn\u011bt\u00ed svobody<\/strong><\/a><br \/>\nkpt. Mgr. et Mgr. Martina Sl\u00e1mov\u00e1, Policejn\u00ed prezidium \u010cesk\u00e9 republiky,<br \/>\nvrchn\u00ed komisa\u0159 \u00fa\u0159adu slu\u017eby krimin\u00e1ln\u00ed policie a\u00a0vy\u0161et\u0159ov\u00e1n\u00ed<br \/>\npor. Mgr. Milan Koc\u00edk, MBA., Policejn\u00ed prezidium \u010cesk\u00e9 republiky,<br \/>\nkomisa\u0159 odd\u011blen\u00ed obecn\u00e9 kriminality slu\u017eby krimin\u00e1ln\u00ed policie a vy\u0161et\u0159ov\u00e1n\u00ed<\/p>\n<p><a href=\"https:\/\/veda.polac.cz\/wp-content\/uploads\/2022\/01\/Navykove-latky-ve-vykonu-trestu-odneti-svobody.pdf\" target=\"_blank\" rel=\"noopener\">pdf form\u00e1t<\/a><\/p>\n<hr \/>\n<p><a href=\"https:\/\/veda.polac.cz\/?page_id=6627\"><strong>Charakteristika p\u0159\u00edstup\u016f k umis\u0165ov\u00e1n\u00ed v\u011bzn\u011bn\u00fdch osob v souvislosti s mo\u017enou radikalizac\u00ed<\/strong><\/a><br \/>\nMgr. Ond\u0159ej Kol\u00e1\u0159, Policejn\u00ed akademie \u010cesk\u00e9 republiky v\u00a0Praze,<br \/>\nFakulta bezpe\u010dnostn\u00edho managementu, katedra bezpe\u010dnostn\u00edch studi\u00ed<\/p>\n<p><a href=\"https:\/\/veda.polac.cz\/wp-content\/uploads\/2022\/01\/Charakteristika-pristupu-k-umistovani-veznenych-osob-v-souvislosti-s-moznou-radikalizaci.pdf\" target=\"_blank\" rel=\"noopener\">pdf form\u00e1t<\/a><\/p>\n<hr \/>\n<p><a href=\"https:\/\/veda.polac.cz\/?page_id=6630\"><strong>Pop\u00edr\u00e1n\u00ed holokaustu a trestnost jeho pop\u00edr\u00e1n\u00ed<\/strong><\/a><br \/>\nRadslav Kr\u00e1l, Policejn\u00ed akademie \u010cesk\u00e9 republiky v\u00a0Praze,<br \/>\nstudent doktorsk\u00e9ho studia<\/p>\n<p><a href=\"https:\/\/veda.polac.cz\/wp-content\/uploads\/2022\/01\/Popirani-holokaustu-a-trestnost-jeho-popirani.pdf\" target=\"_blank\" rel=\"noopener\">pdf form\u00e1t<\/a><\/p>\n<hr \/>\n","protected":false},"excerpt":{"rendered":"<p>Trendy rusk\u00e9ho organizovan\u00e9ho zlo\u010dinu Bc. Svetlana Firsova, Mendelova univerzita v\u00a0Brn\u011b, Fakulta region\u00e1ln\u00edho rozvoje a\u00a0mezin\u00e1rodn\u00edch studi\u00ed doc. PhDr. Josef Smol\u00edk, Ph.D., MBA, LL.M., Policejn\u00ed akademie \u010cesk\u00e9 republiky v\u00a0Praze, Fakulta bezpe\u010dnostn\u00edho managementu, katedra bezpe\u010dnostn\u00edch studi\u00ed pdf form\u00e1t Hrozby vypl\u00fdvaj\u00edc\u00ed z\u00a0pou\u017eit\u00ed doru\u010dovac\u00edch dron\u016f v\u00a0\u010cesk\u00e9 republice Bc. Marek Rechtik, Masarykova univerzita v\u00a0Brn\u011b, Fakulta soci\u00e1ln\u00edch studi\u00ed, student magistersk\u00e9ho studia Bc. [&hellip;]<\/p>\n","protected":false},"author":6,"featured_media":0,"parent":0,"menu_order":0,"comment_status":"closed","ping_status":"closed","template":"","meta":{"footnotes":""},"class_list":["post-6606","page","type-page","status-publish","hentry"],"_links":{"self":[{"href":"https:\/\/veda.polac.cz\/index.php?rest_route=\/wp\/v2\/pages\/6606","targetHints":{"allow":["GET"]}}],"collection":[{"href":"https:\/\/veda.polac.cz\/index.php?rest_route=\/wp\/v2\/pages"}],"about":[{"href":"https:\/\/veda.polac.cz\/index.php?rest_route=\/wp\/v2\/types\/page"}],"author":[{"embeddable":true,"href":"https:\/\/veda.polac.cz\/index.php?rest_route=\/wp\/v2\/users\/6"}],"replies":[{"embeddable":true,"href":"https:\/\/veda.polac.cz\/index.php?rest_route=%2Fwp%2Fv2%2Fcomments&post=6606"}],"version-history":[{"count":11,"href":"https:\/\/veda.polac.cz\/index.php?rest_route=\/wp\/v2\/pages\/6606\/revisions"}],"predecessor-version":[{"id":6643,"href":"https:\/\/veda.polac.cz\/index.php?rest_route=\/wp\/v2\/pages\/6606\/revisions\/6643"}],"wp:attachment":[{"href":"https:\/\/veda.polac.cz\/index.php?rest_route=%2Fwp%2Fv2%2Fmedia&parent=6606"}],"curies":[{"name":"wp","href":"https:\/\/api.w.org\/{rel}","templated":true}]}}