{"id":6591,"date":"2021-11-03T12:59:26","date_gmt":"2021-11-03T12:59:26","guid":{"rendered":"https:\/\/veda.polac.cz\/?page_id=6591"},"modified":"2021-11-03T13:07:56","modified_gmt":"2021-11-03T13:07:56","slug":"6591-2","status":"publish","type":"page","link":"https:\/\/veda.polac.cz\/?page_id=6591&lang=en","title":{"rendered":""},"content":{"rendered":"<p style=\"text-align: center;\">Resume<\/p>\n<p><strong>Evaluation of the Territory Resilience to Extensive Power Disruption<\/strong><br \/>\nPhDr. Tom\u00e1\u0161 Fr\u00f6hlich, DiS., SECURU s.r.o., Czech Technical University in Prague, Faculty of Biomedical Engineering, Department of Health Care and Population Protection<br \/>\nIng. Ji\u0159\u00ed Slab\u00fd, Ph.D., SECURU s.r.o.<br \/>\ndoc. Mgr. Zden\u011bk Hon, Ph.D., prof. MUDr. Leo\u0161 Navr\u00e1til, CSc., MBA, dr.h.c., Czech Technical University in Prague, Faculty of Biomedical Engineering, Department of Health Care and Population Protection<\/p>\n<p>The reliable and secure power supply is the key element on which all human activities and, in many cases, human lives are directly dependent. Excessive long-term power outage (also referred to as a power blackout) is nowadays a real threat to any contemporary modern society, the Czech Republic undoubtedly belongs to. There is the research &#8222;Increase of regional resiliency against a power blackout using new technologies and crisis management procedures&#8220;. This article discusses regional requirements when a power failure occurs. The developed methodology establishes rules for identifying the most important processes and determines the level of importance of the relevant infrastructure (objects) to provide the necessary level of protection of the population and sustainable development in the affected area.<\/p>\n<p><strong>Key words:<\/strong> Municipality, Threat, Power Outage, Resilience, Security of the Territory, Population, Critical Object.<\/p>\n<hr \/>\n<p><a href=\"https:\/\/veda.polac.cz\/?page_id=6569&amp;lang=en\">Back<\/a><\/p>\n","protected":false},"excerpt":{"rendered":"<p>Resume Evaluation of the Territory Resilience to Extensive Power Disruption PhDr. Tom\u00e1\u0161 Fr\u00f6hlich, DiS., SECURU s.r.o., Czech Technical University in Prague, Faculty of Biomedical Engineering, Department of Health Care and Population Protection Ing. Ji\u0159\u00ed Slab\u00fd, Ph.D., SECURU s.r.o. doc. Mgr. Zden\u011bk Hon, Ph.D., prof. MUDr. Leo\u0161 Navr\u00e1til, CSc., MBA, dr.h.c., Czech Technical University in Prague, [&hellip;]<\/p>\n","protected":false},"author":6,"featured_media":0,"parent":0,"menu_order":0,"comment_status":"closed","ping_status":"closed","template":"","meta":{"footnotes":""},"class_list":["post-6591","page","type-page","status-publish","hentry"],"_links":{"self":[{"href":"https:\/\/veda.polac.cz\/index.php?rest_route=\/wp\/v2\/pages\/6591","targetHints":{"allow":["GET"]}}],"collection":[{"href":"https:\/\/veda.polac.cz\/index.php?rest_route=\/wp\/v2\/pages"}],"about":[{"href":"https:\/\/veda.polac.cz\/index.php?rest_route=\/wp\/v2\/types\/page"}],"author":[{"embeddable":true,"href":"https:\/\/veda.polac.cz\/index.php?rest_route=\/wp\/v2\/users\/6"}],"replies":[{"embeddable":true,"href":"https:\/\/veda.polac.cz\/index.php?rest_route=%2Fwp%2Fv2%2Fcomments&post=6591"}],"version-history":[{"count":2,"href":"https:\/\/veda.polac.cz\/index.php?rest_route=\/wp\/v2\/pages\/6591\/revisions"}],"predecessor-version":[{"id":6601,"href":"https:\/\/veda.polac.cz\/index.php?rest_route=\/wp\/v2\/pages\/6591\/revisions\/6601"}],"wp:attachment":[{"href":"https:\/\/veda.polac.cz\/index.php?rest_route=%2Fwp%2Fv2%2Fmedia&parent=6591"}],"curies":[{"name":"wp","href":"https:\/\/api.w.org\/{rel}","templated":true}]}}