{"id":659,"date":"2018-09-13T18:52:36","date_gmt":"2018-09-13T18:52:36","guid":{"rendered":"http:\/\/veda.polac.cz\/?page_id=659"},"modified":"2018-10-27T18:53:05","modified_gmt":"2018-10-27T18:53:05","slug":"5-2","status":"publish","type":"page","link":"https:\/\/veda.polac.cz\/?page_id=659","title":{"rendered":""},"content":{"rendered":"<p style=\"text-align: center;\">Resum\u00e9 \u010dl\u00e1nku<\/p>\n<p><strong>Detekce \u00fa\u010dastn\u00edk\u016f anonymn\u00edch transakc\u00ed akciov\u00fdmi tituly<br \/>\n<\/strong><i>doc. Ing. Jaroslav Brada, Dr., Vysok\u00e1 \u0161kola finan\u010dn\u00ed a spr\u00e1vn\u00ed, o.p.s., katedra financ\u00ed<\/p>\n<p><\/i>\u010cl\u00e1nek popisuje zp\u016fsoby pou\u017e\u00edvan\u00e9 p\u0159i zakr\u00fdv\u00e1n\u00ed skute\u010dn\u00fdch vlastn\u00edk\u016f majetku a p\u0159i zakr\u00fdv\u00e1n\u00ed majetkov\u00fdch p\u0159evod\u016f, ve kter\u00fdch jsou vyu\u017e\u00edv\u00e1ny akciov\u00e9 a jim podobn\u00e9 obchodn\u00ed spole\u010dnosti p\u0159\u00edpadn\u011b ve kter\u00fdch jsou vyu\u017e\u00edv\u00e1ny operace s akciemi a jim &#8222;podobn\u00fdmi&#8220; cenn\u00fdmi pap\u00edry. \u010cl\u00e1nek p\u0159ibli\u017euje \u010dten\u00e1\u0159i problematiku gener\u00e1ln\u00edch pln\u00fdch moc\u00ed (Power Attorney) a popisuje postupy, kter\u00e9 pomohou org\u00e1n\u016fm \u010dinn\u00fdm v trestn\u00edm \u0159\u00edzen\u00ed a soudn\u00edm znalc\u016fm skute\u010dn\u00e9 vlastn\u00edky detekovat.<br \/>\n<strong>Kl\u00ed\u010dov\u00e1 slova:<\/strong>\u00a0Da\u0148ov\u00e9 r\u00e1je, legalizace v\u00fdnos\u016f z trestn\u00e9 \u010dinnosti, off-shore spole\u010dnosti, pln\u00e1 moc.<br \/>\n<i><br \/>\n<\/i><\/p>\n<p><a href=\"https:\/\/veda.polac.cz\/?page_id=648\">03\/2015<\/a><\/p>\n","protected":false},"excerpt":{"rendered":"<p>Resum\u00e9 \u010dl\u00e1nku Detekce \u00fa\u010dastn\u00edk\u016f anonymn\u00edch transakc\u00ed akciov\u00fdmi tituly doc. Ing. Jaroslav Brada, Dr., Vysok\u00e1 \u0161kola finan\u010dn\u00ed a spr\u00e1vn\u00ed, o.p.s., katedra financ\u00ed \u010cl\u00e1nek popisuje zp\u016fsoby pou\u017e\u00edvan\u00e9 p\u0159i zakr\u00fdv\u00e1n\u00ed skute\u010dn\u00fdch vlastn\u00edk\u016f majetku a p\u0159i zakr\u00fdv\u00e1n\u00ed majetkov\u00fdch p\u0159evod\u016f, ve kter\u00fdch jsou vyu\u017e\u00edv\u00e1ny akciov\u00e9 a jim podobn\u00e9 obchodn\u00ed spole\u010dnosti p\u0159\u00edpadn\u011b ve kter\u00fdch jsou vyu\u017e\u00edv\u00e1ny operace s akciemi a jim [&hellip;]<\/p>\n","protected":false},"author":2,"featured_media":0,"parent":648,"menu_order":5,"comment_status":"closed","ping_status":"closed","template":"","meta":{"footnotes":""},"class_list":["post-659","page","type-page","status-publish","hentry"],"_links":{"self":[{"href":"https:\/\/veda.polac.cz\/index.php?rest_route=\/wp\/v2\/pages\/659","targetHints":{"allow":["GET"]}}],"collection":[{"href":"https:\/\/veda.polac.cz\/index.php?rest_route=\/wp\/v2\/pages"}],"about":[{"href":"https:\/\/veda.polac.cz\/index.php?rest_route=\/wp\/v2\/types\/page"}],"author":[{"embeddable":true,"href":"https:\/\/veda.polac.cz\/index.php?rest_route=\/wp\/v2\/users\/2"}],"replies":[{"embeddable":true,"href":"https:\/\/veda.polac.cz\/index.php?rest_route=%2Fwp%2Fv2%2Fcomments&post=659"}],"version-history":[{"count":2,"href":"https:\/\/veda.polac.cz\/index.php?rest_route=\/wp\/v2\/pages\/659\/revisions"}],"predecessor-version":[{"id":675,"href":"https:\/\/veda.polac.cz\/index.php?rest_route=\/wp\/v2\/pages\/659\/revisions\/675"}],"up":[{"embeddable":true,"href":"https:\/\/veda.polac.cz\/index.php?rest_route=\/wp\/v2\/pages\/648"}],"wp:attachment":[{"href":"https:\/\/veda.polac.cz\/index.php?rest_route=%2Fwp%2Fv2%2Fmedia&parent=659"}],"curies":[{"name":"wp","href":"https:\/\/api.w.org\/{rel}","templated":true}]}}