{"id":6578,"date":"2021-11-01T13:59:30","date_gmt":"2021-11-01T13:59:30","guid":{"rendered":"https:\/\/veda.polac.cz\/?page_id=6578"},"modified":"2021-11-01T14:00:05","modified_gmt":"2021-11-01T14:00:05","slug":"6578-2","status":"publish","type":"page","link":"https:\/\/veda.polac.cz\/?page_id=6578&lang=en","title":{"rendered":""},"content":{"rendered":"<p style=\"text-align: center;\">Resume<\/p>\n<p><strong>Reoffending &#8211; its criminal, criminological and penological aspects<\/strong><br>JUDr. Patr\u00edcia Kr\u00e1sn\u00e1, PhD., LL.M., Academy of the Police Corps in Bratislava, Department of Criminology<\/p>\n<p>The presented scientific article entitled: \u201cRecidivism &#8211; its criminal, criminological and penological aspects\u201d provides comprehensive information on recidivism, its criminal, criminological and penological aspects. In this context, the author points out the basic concepts, points to recidivism as a social problem and characterizes the phenomenology of recidivism. The scientific article is the result of the author&#8217;s scientific activity within the APVV project entitled: \u201cEffectiveness of the preparatory procedure &#8211; its research, challenges and perspectives\u201d &#8211; applied research.<\/p>\n<p><strong>Key words:<\/strong> recidivism, recidivist, punishment.<\/p>\n<hr>\n<p><a href=\"https:\/\/veda.polac.cz\/?page_id=6569&amp;lang=en\">Back<\/a><\/p>\n\n\n<p><\/p>\n","protected":false},"excerpt":{"rendered":"<p>Resume Reoffending &#8211; its criminal, criminological and penological aspectsJUDr. Patr\u00edcia Kr\u00e1sn\u00e1, PhD., LL.M., Academy of the Police Corps in Bratislava, Department of Criminology The presented scientific article entitled: \u201cRecidivism &#8211; its criminal, criminological and penological aspects\u201d provides comprehensive information on recidivism, its criminal, criminological and penological aspects. In this context, the author points out the [&hellip;]<\/p>\n","protected":false},"author":6,"featured_media":0,"parent":0,"menu_order":0,"comment_status":"closed","ping_status":"closed","template":"","meta":{"footnotes":""},"class_list":["post-6578","page","type-page","status-publish","hentry"],"_links":{"self":[{"href":"https:\/\/veda.polac.cz\/index.php?rest_route=\/wp\/v2\/pages\/6578","targetHints":{"allow":["GET"]}}],"collection":[{"href":"https:\/\/veda.polac.cz\/index.php?rest_route=\/wp\/v2\/pages"}],"about":[{"href":"https:\/\/veda.polac.cz\/index.php?rest_route=\/wp\/v2\/types\/page"}],"author":[{"embeddable":true,"href":"https:\/\/veda.polac.cz\/index.php?rest_route=\/wp\/v2\/users\/6"}],"replies":[{"embeddable":true,"href":"https:\/\/veda.polac.cz\/index.php?rest_route=%2Fwp%2Fv2%2Fcomments&post=6578"}],"version-history":[{"count":2,"href":"https:\/\/veda.polac.cz\/index.php?rest_route=\/wp\/v2\/pages\/6578\/revisions"}],"predecessor-version":[{"id":6580,"href":"https:\/\/veda.polac.cz\/index.php?rest_route=\/wp\/v2\/pages\/6578\/revisions\/6580"}],"wp:attachment":[{"href":"https:\/\/veda.polac.cz\/index.php?rest_route=%2Fwp%2Fv2%2Fmedia&parent=6578"}],"curies":[{"name":"wp","href":"https:\/\/api.w.org\/{rel}","templated":true}]}}