{"id":6553,"date":"2021-10-25T11:21:53","date_gmt":"2021-10-25T11:21:53","guid":{"rendered":"https:\/\/veda.polac.cz\/?page_id=6553"},"modified":"2021-10-25T11:21:53","modified_gmt":"2021-10-25T11:21:53","slug":"6553-2","status":"publish","type":"page","link":"https:\/\/veda.polac.cz\/?page_id=6553","title":{"rendered":""},"content":{"rendered":"<p style=\"text-align: center;\">Resum\u00e9 \u010dl\u00e1nku<\/p>\n<p><strong>Zji\u0161\u0165ov\u00e1n\u00ed p\u0159\u00ed\u010din vzniku po\u017e\u00e1r\u016f &#8211; \u00famysln\u011b zalo\u017een\u00e9 po\u017e\u00e1ry<\/strong><\/p>\n<p>mjr. PhDr. Mgr. Miroslav Matou\u0161, Policejn\u00ed akademie \u010cesk\u00e9 republiky v\u00a0Praze, student doktorsk\u00e9ho studia<\/p>\n<p>Obsah odborn\u00e9ho p\u0159\u00edsp\u011bvku tvo\u0159\u00ed stru\u010dn\u00e1 charakteristika a zachycen\u00ed podstaty technick\u00e9 discipl\u00edny z oboru po\u017e\u00e1rn\u00ed ochrany &#8211; zji\u0161\u0165ov\u00e1n\u00ed p\u0159\u00ed\u010din vzniku po\u017e\u00e1r\u016f. \u00dakol je prov\u00e1d\u011bn v gesci Hasi\u010dsk\u00e9ho z\u00e1chrann\u00e9ho sboru \u010cesk\u00e9 republiky a to prost\u0159ednictv\u00edm p\u0159\u00edslu\u0161n\u00edk\u016f bezpe\u010dnostn\u00edho sboru \u2013 vy\u0161et\u0159ovatel\u016f po\u017e\u00e1r\u016f ve spolupr\u00e1ci s p\u0159\u00edslu\u0161n\u00edky Police \u010cesk\u00e9 republiky. Jedn\u00e1 se o specifickou \u010dinnost, kdy jej\u00edm prim\u00e1rn\u00edm c\u00edlem je\u00a0objektivn\u00ed zji\u0161t\u011bn\u00ed p\u0159\u00ed\u010din po\u017e\u00e1r\u016f. Jednou z vy\u0161et\u0159ovac\u00edch verz\u00ed jsou \u00famysln\u011b zalo\u017een\u00e9 fires, kter\u00e9 iniciuj\u00ed pachatel\u00e9 s r\u016fzn\u00fdmi motivy a\u00a0odli\u0161n\u00fdmi c\u00edli. \u00dakolem vy\u0161et\u0159ovatel\u016f, s vyu\u017eit\u00edm v praxi ov\u011b\u0159en\u00fdch z\u00e1sad a \u00fakon\u016f nebo modern\u00edch metod, je\u00a0tuto \u00famyslnou trestnou \u010dinnost v\u010das odhalit a p\u0159ipravit podklady pro org\u00e1ny \u010dinn\u00e9 v\u00a0trestn\u00edm \u0159\u00edzen\u00ed. Nebezpe\u010dnost jejich jedn\u00e1n\u00ed spo\u010d\u00edv\u00e1 p\u0159edev\u0161\u00edm v \u00famysln\u00e9m zavin\u011bn\u00ed v kombinaci p\u0159\u00edm\u00e9ho ohro\u017een\u00ed lidsk\u00fdch \u017eivot\u016f nebo vysok\u00fdch majetkov\u00fdch \u0161kod. Jedn\u00e1 se o\u00a0rozs\u00e1hl\u00e9 t\u00e9ma s p\u0159esahem do n\u011bkolika dal\u0161\u00edch v\u011bdeck\u00fdch obor\u016f p\u0159edev\u0161\u00edm kriminalistiky, psychologie nebo obor\u016f na technick\u00e9m, fyzik\u00e1ln\u00edm nebo chemick\u00e9m z\u00e1klad\u011b.<\/p>\n<p><strong>Kl\u00ed\u010dov\u00e1 slova:<\/strong> Hasi\u010dsk\u00fd z\u00e1chrann\u00fd sbor \u010cesk\u00e9 republiky, m\u00edsto \u010dinu, motivace, pachatel, po\u017e\u00e1rn\u00ed ochrana, du\u0161evn\u00ed porucha, shroma\u017e\u010fov\u00e1n\u00ed d\u016fkaz\u016f, spis o\u00a0\u017eh\u00e1\u0159stv\u00ed, \u00famysln\u011b zalo\u017een\u00fd po\u017e\u00e1r, vy\u0161et\u0159ov\u00e1n\u00ed p\u0159\u00ed\u010din vzniku po\u017e\u00e1r\u016f, trestn\u00fd \u010din.<\/p>\n<hr \/>\n<p><a href=\"https:\/\/veda.polac.cz\/?page_id=6532\">Zp\u011bt<\/a><\/p>\n","protected":false},"excerpt":{"rendered":"<p>Resum\u00e9 \u010dl\u00e1nku Zji\u0161\u0165ov\u00e1n\u00ed p\u0159\u00ed\u010din vzniku po\u017e\u00e1r\u016f &#8211; \u00famysln\u011b zalo\u017een\u00e9 po\u017e\u00e1ry mjr. PhDr. Mgr. Miroslav Matou\u0161, Policejn\u00ed akademie \u010cesk\u00e9 republiky v\u00a0Praze, student doktorsk\u00e9ho studia Obsah odborn\u00e9ho p\u0159\u00edsp\u011bvku tvo\u0159\u00ed stru\u010dn\u00e1 charakteristika a zachycen\u00ed podstaty technick\u00e9 discipl\u00edny z oboru po\u017e\u00e1rn\u00ed ochrany &#8211; zji\u0161\u0165ov\u00e1n\u00ed p\u0159\u00ed\u010din vzniku po\u017e\u00e1r\u016f. \u00dakol je prov\u00e1d\u011bn v gesci Hasi\u010dsk\u00e9ho z\u00e1chrann\u00e9ho sboru \u010cesk\u00e9 republiky a to [&hellip;]<\/p>\n","protected":false},"author":6,"featured_media":0,"parent":0,"menu_order":0,"comment_status":"closed","ping_status":"closed","template":"","meta":{"footnotes":""},"class_list":["post-6553","page","type-page","status-publish","hentry"],"_links":{"self":[{"href":"https:\/\/veda.polac.cz\/index.php?rest_route=\/wp\/v2\/pages\/6553","targetHints":{"allow":["GET"]}}],"collection":[{"href":"https:\/\/veda.polac.cz\/index.php?rest_route=\/wp\/v2\/pages"}],"about":[{"href":"https:\/\/veda.polac.cz\/index.php?rest_route=\/wp\/v2\/types\/page"}],"author":[{"embeddable":true,"href":"https:\/\/veda.polac.cz\/index.php?rest_route=\/wp\/v2\/users\/6"}],"replies":[{"embeddable":true,"href":"https:\/\/veda.polac.cz\/index.php?rest_route=%2Fwp%2Fv2%2Fcomments&post=6553"}],"version-history":[{"count":1,"href":"https:\/\/veda.polac.cz\/index.php?rest_route=\/wp\/v2\/pages\/6553\/revisions"}],"predecessor-version":[{"id":6554,"href":"https:\/\/veda.polac.cz\/index.php?rest_route=\/wp\/v2\/pages\/6553\/revisions\/6554"}],"wp:attachment":[{"href":"https:\/\/veda.polac.cz\/index.php?rest_route=%2Fwp%2Fv2%2Fmedia&parent=6553"}],"curies":[{"name":"wp","href":"https:\/\/api.w.org\/{rel}","templated":true}]}}