{"id":6550,"date":"2021-10-25T11:19:27","date_gmt":"2021-10-25T11:19:27","guid":{"rendered":"https:\/\/veda.polac.cz\/?page_id=6550"},"modified":"2021-10-25T11:19:27","modified_gmt":"2021-10-25T11:19:27","slug":"6550-2","status":"publish","type":"page","link":"https:\/\/veda.polac.cz\/?page_id=6550","title":{"rendered":""},"content":{"rendered":"<p style=\"text-align: center;\">Resum\u00e9 \u010dl\u00e1nku<\/p>\n<p><strong>Cesta k identifikaci rasov\u00e9ho profilov\u00e1n\u00ed v\u00a0policejn\u00ed pr\u00e1ci<\/strong><\/p>\n<p><em>Alex del Carmen, Ph.D., Associate Dean, School of Criminology, Criminal Justice and Public Administration, Tarleton State University, Texas, USA<\/em><\/p>\n<p><em>Mark Brown, M.S., Doctoral Candidate, School of Criminology, Criminal Justice and Public Administration, Tarleton State University, Texas, USA<\/em><\/p>\n<p>Tento \u010dl\u00e1nek se zam\u011b\u0159uje na rasov\u00e9 profilov\u00e1n\u00ed v policejn\u00ed pr\u00e1ci. Konkr\u00e9tn\u011b zkoum\u00e1 r\u016fzn\u00e9 zp\u016fsoby, kter\u00fdmi lze rasov\u00e9 profilov\u00e1n\u00ed m\u011b\u0159it ze statistick\u00e9ho hlediska. Autor se zam\u00fd\u0161l\u00ed nad svou prac\u00ed s policejn\u00edmi veliteli ve st\u00e1t\u011b Texas a nad r\u016fzn\u00fdmi v\u00fdzvami, kter\u00e9 existuj\u00ed ohledn\u011b anal\u00fdzy dat ve vztahu k zast\u00e1vk\u00e1m motorov\u00fdch vozidel. Diskuse poskytuje p\u0159ehled c\u00edl\u016f, v\u00fdzev a osv\u011bd\u010den\u00fdch postup\u016f ve vztahu k anal\u00fdze \u00fadaj\u016f o zast\u00e1vk\u00e1ch motorov\u00fdch vozidel ve vztahu k rasov\u00e9mu profilov\u00e1n\u00ed. Vzhledem k tomu, \u017ee toto t\u00e9ma je p\u0159edm\u011btem z\u00e1jmu policejn\u00edch subjekt\u016f po cel\u00e9m sv\u011bt\u011b, je tato diskuse nejen relevantn\u00ed, ale nezbytn\u00e1 pro studium rasismu v policejn\u00ed pr\u00e1ci.<\/p>\n<p><strong>Kl\u00ed\u010dov\u00e1 slova:<\/strong> rasov\u00e9 profilov\u00e1n\u00ed, anal\u00fdza dat v\u00a0policejn\u00ed pr\u00e1ci, zastaven\u00ed motorov\u00fdch vozidel, policejn\u00ed data, rasismus v\u00a0policejn\u00ed pr\u00e1ci, statistick\u00e1 anal\u00fdza v\u00a0policejn\u00ed pr\u00e1ci.<\/p>\n<hr \/>\n<p><a href=\"https:\/\/veda.polac.cz\/?page_id=6532\">Zp\u011bt<\/a><\/p>\n","protected":false},"excerpt":{"rendered":"<p>Resum\u00e9 \u010dl\u00e1nku Cesta k identifikaci rasov\u00e9ho profilov\u00e1n\u00ed v\u00a0policejn\u00ed pr\u00e1ci Alex del Carmen, Ph.D., Associate Dean, School of Criminology, Criminal Justice and Public Administration, Tarleton State University, Texas, USA Mark Brown, M.S., Doctoral Candidate, School of Criminology, Criminal Justice and Public Administration, Tarleton State University, Texas, USA Tento \u010dl\u00e1nek se zam\u011b\u0159uje na rasov\u00e9 profilov\u00e1n\u00ed v policejn\u00ed [&hellip;]<\/p>\n","protected":false},"author":6,"featured_media":0,"parent":0,"menu_order":0,"comment_status":"closed","ping_status":"closed","template":"","meta":{"footnotes":""},"class_list":["post-6550","page","type-page","status-publish","hentry"],"_links":{"self":[{"href":"https:\/\/veda.polac.cz\/index.php?rest_route=\/wp\/v2\/pages\/6550","targetHints":{"allow":["GET"]}}],"collection":[{"href":"https:\/\/veda.polac.cz\/index.php?rest_route=\/wp\/v2\/pages"}],"about":[{"href":"https:\/\/veda.polac.cz\/index.php?rest_route=\/wp\/v2\/types\/page"}],"author":[{"embeddable":true,"href":"https:\/\/veda.polac.cz\/index.php?rest_route=\/wp\/v2\/users\/6"}],"replies":[{"embeddable":true,"href":"https:\/\/veda.polac.cz\/index.php?rest_route=%2Fwp%2Fv2%2Fcomments&post=6550"}],"version-history":[{"count":1,"href":"https:\/\/veda.polac.cz\/index.php?rest_route=\/wp\/v2\/pages\/6550\/revisions"}],"predecessor-version":[{"id":6552,"href":"https:\/\/veda.polac.cz\/index.php?rest_route=\/wp\/v2\/pages\/6550\/revisions\/6552"}],"wp:attachment":[{"href":"https:\/\/veda.polac.cz\/index.php?rest_route=%2Fwp%2Fv2%2Fmedia&parent=6550"}],"curies":[{"name":"wp","href":"https:\/\/api.w.org\/{rel}","templated":true}]}}