{"id":6543,"date":"2021-10-25T10:43:07","date_gmt":"2021-10-25T10:43:07","guid":{"rendered":"https:\/\/veda.polac.cz\/?page_id=6543"},"modified":"2021-10-25T10:43:07","modified_gmt":"2021-10-25T10:43:07","slug":"6543-2","status":"publish","type":"page","link":"https:\/\/veda.polac.cz\/?page_id=6543","title":{"rendered":""},"content":{"rendered":"<p style=\"text-align: center;\">Resum\u00e9 \u010dl\u00e1nku<\/p>\n<p><strong>Sou\u010dasn\u00fd Ku Klux Klan jako povstaleck\u00e1 organizace<\/strong><\/p>\n<p><em>Bc. Martin Zilvar, Masarykova univerzita, Fakulta soci\u00e1ln\u00edch v\u011bd, katedra politologie<\/em><\/p>\n<p>\u010cl\u00e1nek se zam\u011b\u0159uje na sou\u010dasn\u00fd Ku Klux Klan a jeho historick\u00fd odkaz dodnes ovliv\u0148uj\u00edc\u00ed americkou spole\u010dnost. Samotn\u00e1 anal\u00fdza je postavena na teoretick\u00fdch p\u0159\u00edstupech debatuj\u00edc\u00edch povstaleck\u00e9 organizace. Na z\u00e1klad\u011b pr\u00e1ce s\u00a0existuj\u00edc\u00ed literaturou operacionalizuje p\u011bt parametr\u016f m\u011b\u0159en\u00ed. Empirick\u00fd v\u00fdvoj Ku Klux Klanu v\u00a0posledn\u00ed dek\u00e1d\u011b slou\u017e\u00ed jako prim\u00e1rn\u00ed zdroj dat \u010dl\u00e1nku, z\u00e1rove\u0148 pracuje s\u00a0p\u011bti dostupn\u00fdmi rozhovory se \u010dleny Ku Klux Klanu. V\u00a0z\u00e1v\u011bru navrhuje existenci \u010dtvrt\u00e9 generace Ku Klux Klanu spolu s\u00a0konceptualizac\u00ed vyu\u017e\u00edvan\u00e9 ideologie. Sou\u010dasn\u011b poskytuje empirick\u00fd p\u0159ehled aktivit spojen\u00fdch s\u00a0existenc\u00ed Ku Klux Klanu.<\/p>\n<p><strong>Kl\u00ed\u010dov\u00e1 slova:<\/strong> Ku Klux Klan, KKK skupiny, krajn\u00ed pravice, rasov\u00e1 segregace, ideologie, povstalectv\u00ed.<\/p>\n<hr \/>\n<p><a href=\"https:\/\/veda.polac.cz\/?page_id=6532\">Zp\u011bt<\/a><\/p>\n","protected":false},"excerpt":{"rendered":"<p>Resum\u00e9 \u010dl\u00e1nku Sou\u010dasn\u00fd Ku Klux Klan jako povstaleck\u00e1 organizace Bc. Martin Zilvar, Masarykova univerzita, Fakulta soci\u00e1ln\u00edch v\u011bd, katedra politologie \u010cl\u00e1nek se zam\u011b\u0159uje na sou\u010dasn\u00fd Ku Klux Klan a jeho historick\u00fd odkaz dodnes ovliv\u0148uj\u00edc\u00ed americkou spole\u010dnost. Samotn\u00e1 anal\u00fdza je postavena na teoretick\u00fdch p\u0159\u00edstupech debatuj\u00edc\u00edch povstaleck\u00e9 organizace. Na z\u00e1klad\u011b pr\u00e1ce s\u00a0existuj\u00edc\u00ed literaturou operacionalizuje p\u011bt parametr\u016f m\u011b\u0159en\u00ed. Empirick\u00fd [&hellip;]<\/p>\n","protected":false},"author":6,"featured_media":0,"parent":0,"menu_order":0,"comment_status":"closed","ping_status":"closed","template":"","meta":{"footnotes":""},"class_list":["post-6543","page","type-page","status-publish","hentry"],"_links":{"self":[{"href":"https:\/\/veda.polac.cz\/index.php?rest_route=\/wp\/v2\/pages\/6543","targetHints":{"allow":["GET"]}}],"collection":[{"href":"https:\/\/veda.polac.cz\/index.php?rest_route=\/wp\/v2\/pages"}],"about":[{"href":"https:\/\/veda.polac.cz\/index.php?rest_route=\/wp\/v2\/types\/page"}],"author":[{"embeddable":true,"href":"https:\/\/veda.polac.cz\/index.php?rest_route=\/wp\/v2\/users\/6"}],"replies":[{"embeddable":true,"href":"https:\/\/veda.polac.cz\/index.php?rest_route=%2Fwp%2Fv2%2Fcomments&post=6543"}],"version-history":[{"count":1,"href":"https:\/\/veda.polac.cz\/index.php?rest_route=\/wp\/v2\/pages\/6543\/revisions"}],"predecessor-version":[{"id":6544,"href":"https:\/\/veda.polac.cz\/index.php?rest_route=\/wp\/v2\/pages\/6543\/revisions\/6544"}],"wp:attachment":[{"href":"https:\/\/veda.polac.cz\/index.php?rest_route=%2Fwp%2Fv2%2Fmedia&parent=6543"}],"curies":[{"name":"wp","href":"https:\/\/api.w.org\/{rel}","templated":true}]}}