{"id":6541,"date":"2021-10-25T10:40:55","date_gmt":"2021-10-25T10:40:55","guid":{"rendered":"https:\/\/veda.polac.cz\/?page_id=6541"},"modified":"2021-10-25T10:40:55","modified_gmt":"2021-10-25T10:40:55","slug":"6541-2","status":"publish","type":"page","link":"https:\/\/veda.polac.cz\/?page_id=6541","title":{"rendered":""},"content":{"rendered":"<p style=\"text-align: center;\">Resum\u00e9 \u010dl\u00e1nku<\/p>\n<p><strong>K\u00a0n\u011bkter\u00fdm ot\u00e1zk\u00e1m problematiky ochrany \u010dlen\u016f parlamentu p\u0159ed sledov\u00e1n\u00edm jejich \u010dinnosti ze strany policie a zpravodajsk\u00fdch slu\u017eeb<\/strong><\/p>\n<p><em>doc. JUDr. Jan Kudrna, Ph.D., Policejn\u00ed akademie \u010cesk\u00e9 republiky v\u00a0Praze, Fakulta bezpe\u010dnostn\u00edho managementu, katedra ve\u0159ejn\u00e9ho pr\u00e1va<\/em><\/p>\n<p>Tento \u010dl\u00e1nek se v\u011bnuje principi\u00e1ln\u00edm ot\u00e1zk\u00e1m ochrany nez\u00e1vislosti jedn\u00e1n\u00ed parlamentu ve vztahu k\u00a0\u010dinnosti zpravodajsk\u00fdch slu\u017eeb a p\u0159\u00edpadn\u011b policie, a to zejm\u00e9na v\u00a0p\u0159\u00edpad\u011b poslanc\u016f, kte\u0159\u00ed se pod\u00edlej\u00ed na kontroln\u00ed \u010dinnosti parlamentu v\u016f\u010di t\u011bmto zvl\u00e1\u0161tn\u00edm org\u00e1n\u016fm v\u00fdkonn\u00e9 moci. \u010cl\u00e1nek je v\u011bnov\u00e1n ot\u00e1zce, zda v\u00a0r\u00e1mci st\u00e1vaj\u00edc\u00ed pr\u00e1vn\u00ed \u00fapravy m\u016f\u017ee b\u00fdt za v\u0161ech okolnost\u00ed zachov\u00e1na nez\u00e1vislost postaven\u00ed kontrolora v\u016f\u010di kontrolovan\u00e9mu. \u010cl\u00e1nek ukazuje dva zahrani\u010dn\u00ed p\u0159\u00edstupy k \u0159e\u0161en\u00ed tohoto probl\u00e9mu, a to model britsk\u00fd a n\u011bmeck\u00fd.<\/p>\n<p><strong>Kl\u00ed\u010dov\u00e1 slova:<\/strong> parlament; zpravodajsk\u00e9 slu\u017eby; policie; odposlechy; sledov\u00e1n\u00ed; kontrola; \u010cesk\u00e1 republika; Spolkov\u00e1 republika N\u011bmecko; Brit\u00e1nie; Komise G-10; Bodo Ramelow.<\/p>\n<hr \/>\n<p><a href=\"https:\/\/veda.polac.cz\/?page_id=6532\">Zp\u011bt<\/a><\/p>\n","protected":false},"excerpt":{"rendered":"<p>Resum\u00e9 \u010dl\u00e1nku K\u00a0n\u011bkter\u00fdm ot\u00e1zk\u00e1m problematiky ochrany \u010dlen\u016f parlamentu p\u0159ed sledov\u00e1n\u00edm jejich \u010dinnosti ze strany policie a zpravodajsk\u00fdch slu\u017eeb doc. JUDr. Jan Kudrna, Ph.D., Policejn\u00ed akademie \u010cesk\u00e9 republiky v\u00a0Praze, Fakulta bezpe\u010dnostn\u00edho managementu, katedra ve\u0159ejn\u00e9ho pr\u00e1va Tento \u010dl\u00e1nek se v\u011bnuje principi\u00e1ln\u00edm ot\u00e1zk\u00e1m ochrany nez\u00e1vislosti jedn\u00e1n\u00ed parlamentu ve vztahu k\u00a0\u010dinnosti zpravodajsk\u00fdch slu\u017eeb a p\u0159\u00edpadn\u011b policie, a to zejm\u00e9na [&hellip;]<\/p>\n","protected":false},"author":6,"featured_media":0,"parent":0,"menu_order":0,"comment_status":"closed","ping_status":"closed","template":"","meta":{"footnotes":""},"class_list":["post-6541","page","type-page","status-publish","hentry"],"_links":{"self":[{"href":"https:\/\/veda.polac.cz\/index.php?rest_route=\/wp\/v2\/pages\/6541","targetHints":{"allow":["GET"]}}],"collection":[{"href":"https:\/\/veda.polac.cz\/index.php?rest_route=\/wp\/v2\/pages"}],"about":[{"href":"https:\/\/veda.polac.cz\/index.php?rest_route=\/wp\/v2\/types\/page"}],"author":[{"embeddable":true,"href":"https:\/\/veda.polac.cz\/index.php?rest_route=\/wp\/v2\/users\/6"}],"replies":[{"embeddable":true,"href":"https:\/\/veda.polac.cz\/index.php?rest_route=%2Fwp%2Fv2%2Fcomments&post=6541"}],"version-history":[{"count":1,"href":"https:\/\/veda.polac.cz\/index.php?rest_route=\/wp\/v2\/pages\/6541\/revisions"}],"predecessor-version":[{"id":6542,"href":"https:\/\/veda.polac.cz\/index.php?rest_route=\/wp\/v2\/pages\/6541\/revisions\/6542"}],"wp:attachment":[{"href":"https:\/\/veda.polac.cz\/index.php?rest_route=%2Fwp%2Fv2%2Fmedia&parent=6541"}],"curies":[{"name":"wp","href":"https:\/\/api.w.org\/{rel}","templated":true}]}}