{"id":654,"date":"2018-09-13T18:50:27","date_gmt":"2018-09-13T18:50:27","guid":{"rendered":"http:\/\/veda.polac.cz\/?page_id=654"},"modified":"2018-10-27T18:53:05","modified_gmt":"2018-10-27T18:53:05","slug":"3-2","status":"publish","type":"page","link":"https:\/\/veda.polac.cz\/?page_id=654","title":{"rendered":""},"content":{"rendered":"<p style=\"text-align: center;\">Resum\u00e9 \u010dl\u00e1nku<\/p>\n<p><strong>Progn\u00f3za v\u011bze\u0148sk\u00e9 populace v \u010cesk\u00e9 republice za u\u017eit\u00ed kohortn\u011b-komponentn\u00edho modelu<br \/>\n<\/strong><i>Mgr. Martin Ko\u0148a\u0159\u00edk, Odbor bezpe\u010dnostn\u00ed politiky a prevence kriminality MV \u010cR, katedra demografie a geodemografie P\u0159\u00edrodov\u011bdeck\u00e9 fakulty UK v Praze<\/p>\n<p><\/i>Znalost velikosti v\u011bze\u0148sk\u00e9 populace a jej\u00ed struktury je pro st\u00e1tn\u00ed spr\u00e1vu velmi d\u016fle\u017eit\u00e1, jeliko\u017e je mo\u017en\u00e9 pl\u00e1novat do budoucna nezbytn\u00e9 v\u00fddaje a investice do v\u011bze\u0148sk\u00e9ho syst\u00e9mu. D\u00e1le je tato znalost z\u00e1sadn\u00ed, jeliko\u017e v p\u0159\u00edpad\u011b nep\u0159\u00edzniv\u00e9ho v\u00fdvoje umo\u017en\u00ed odpov\u011bdn\u00fdm org\u00e1n\u016fm v\u010das reagovat a zbr\u00e1nit tak samotn\u00e9mu nep\u0159\u00edzniv\u00e9mu v\u00fdvoji. Tento p\u0159\u00edsp\u011bvek obecn\u011b shrnuje n\u011bkter\u00e9 poznatky progn\u00f3zov\u00e1n\u00ed v\u011bze\u0148sk\u00fdch populac\u00ed a na jednoduch\u00e9m p\u0159\u00edkladu ukazuje mo\u017enosti t\u011bchto progn\u00f3z.<br \/>\n<strong>Kl\u00ed\u010dov\u00e1 slova:<\/strong>\u00a0progn\u00f3zov\u00e1n\u00ed, v\u011bze\u0148sk\u00e9 populace, v\u011bzni, bezpe\u010dnost.<i><br \/>\n<\/i><\/p>\n<p><a href=\"https:\/\/veda.polac.cz\/?page_id=648\">03\/2015<\/a><\/p>\n","protected":false},"excerpt":{"rendered":"<p>Resum\u00e9 \u010dl\u00e1nku Progn\u00f3za v\u011bze\u0148sk\u00e9 populace v \u010cesk\u00e9 republice za u\u017eit\u00ed kohortn\u011b-komponentn\u00edho modelu Mgr. Martin Ko\u0148a\u0159\u00edk, Odbor bezpe\u010dnostn\u00ed politiky a prevence kriminality MV \u010cR, katedra demografie a geodemografie P\u0159\u00edrodov\u011bdeck\u00e9 fakulty UK v Praze Znalost velikosti v\u011bze\u0148sk\u00e9 populace a jej\u00ed struktury je pro st\u00e1tn\u00ed spr\u00e1vu velmi d\u016fle\u017eit\u00e1, jeliko\u017e je mo\u017en\u00e9 pl\u00e1novat do budoucna nezbytn\u00e9 v\u00fddaje a investice [&hellip;]<\/p>\n","protected":false},"author":2,"featured_media":0,"parent":648,"menu_order":3,"comment_status":"closed","ping_status":"closed","template":"","meta":{"footnotes":""},"class_list":["post-654","page","type-page","status-publish","hentry"],"_links":{"self":[{"href":"https:\/\/veda.polac.cz\/index.php?rest_route=\/wp\/v2\/pages\/654","targetHints":{"allow":["GET"]}}],"collection":[{"href":"https:\/\/veda.polac.cz\/index.php?rest_route=\/wp\/v2\/pages"}],"about":[{"href":"https:\/\/veda.polac.cz\/index.php?rest_route=\/wp\/v2\/types\/page"}],"author":[{"embeddable":true,"href":"https:\/\/veda.polac.cz\/index.php?rest_route=\/wp\/v2\/users\/2"}],"replies":[{"embeddable":true,"href":"https:\/\/veda.polac.cz\/index.php?rest_route=%2Fwp%2Fv2%2Fcomments&post=654"}],"version-history":[{"count":3,"href":"https:\/\/veda.polac.cz\/index.php?rest_route=\/wp\/v2\/pages\/654\/revisions"}],"predecessor-version":[{"id":673,"href":"https:\/\/veda.polac.cz\/index.php?rest_route=\/wp\/v2\/pages\/654\/revisions\/673"}],"up":[{"embeddable":true,"href":"https:\/\/veda.polac.cz\/index.php?rest_route=\/wp\/v2\/pages\/648"}],"wp:attachment":[{"href":"https:\/\/veda.polac.cz\/index.php?rest_route=%2Fwp%2Fv2%2Fmedia&parent=654"}],"curies":[{"name":"wp","href":"https:\/\/api.w.org\/{rel}","templated":true}]}}