{"id":6536,"date":"2021-10-25T10:36:16","date_gmt":"2021-10-25T10:36:16","guid":{"rendered":"https:\/\/veda.polac.cz\/?page_id=6536"},"modified":"2021-10-25T10:36:17","modified_gmt":"2021-10-25T10:36:17","slug":"6536-2","status":"publish","type":"page","link":"https:\/\/veda.polac.cz\/?page_id=6536","title":{"rendered":""},"content":{"rendered":"<p style=\"text-align: center;\">Resum\u00e9 \u010dl\u00e1nku<\/p>\n<p><strong>Recid\u00edva &#8211; jej trestnopr\u00e1vne, kriminologick\u00e9 a\u00a0penologick\u00e9 aspekty<\/strong><\/p>\n<p><em>JUDr<\/em><em>. Patr\u00edcia Kr\u00e1sn\u00e1, PhD., LL.M., Akad\u00e9mia policajn\u00e9ho zboru Bratislava, katedra kriminologie<\/em><\/p>\n<p>Predkladan\u00fd vedeck\u00fd \u010dl\u00e1nok s n\u00e1zvom: \u201cRecid\u00edva &#8211; jej trestnopr\u00e1vne, kriminologick\u00e9 a penologick\u00e9 aspekty\u201d poskytuje ucelen\u00e9 inform\u00e1cie o rec\u00edd\u00edve, jej trestnopr\u00e1vnych, kriminologick\u00fdch a penologick\u00fdch apektoch. Autorka poukazuje v\u00a0t\u00fdchto s\u00favislostiach na z\u00e1kladn\u00e9 pojmy, poukazuje na recid\u00edvu ako na spolo\u010densk\u00fd probl\u00e9m a charakterizuje fenomenol\u00f3giu recid\u00edvy. Vedeck\u00fd \u010dl\u00e1nok je v\u00fdsledkom vedeckej \u010dinnosti autorky v r\u00e1mci projektu APVV s n\u00e1zvom: Efekt\u00edvnos\u0165 pr\u00edpravn\u00e9ho konania \u2013 jej sk\u00famanie, v\u00fdzvy a perspekt\u00edvy\u201d- aplikovan\u00e9ho v\u00fdskumu.<\/p>\n<p><strong>K\u013e\u00fa\u010dov\u00e9 slov\u00e1<\/strong>: recid\u00edva, recidivista, trest.<\/p>\n<hr \/>\n<p><a href=\"https:\/\/veda.polac.cz\/?page_id=6532\">Zp\u011bt<\/a><\/p>\n","protected":false},"excerpt":{"rendered":"<p>Resum\u00e9 \u010dl\u00e1nku Recid\u00edva &#8211; jej trestnopr\u00e1vne, kriminologick\u00e9 a\u00a0penologick\u00e9 aspekty JUDr. Patr\u00edcia Kr\u00e1sn\u00e1, PhD., LL.M., Akad\u00e9mia policajn\u00e9ho zboru Bratislava, katedra kriminologie Predkladan\u00fd vedeck\u00fd \u010dl\u00e1nok s n\u00e1zvom: \u201cRecid\u00edva &#8211; jej trestnopr\u00e1vne, kriminologick\u00e9 a penologick\u00e9 aspekty\u201d poskytuje ucelen\u00e9 inform\u00e1cie o rec\u00edd\u00edve, jej trestnopr\u00e1vnych, kriminologick\u00fdch a penologick\u00fdch apektoch. Autorka poukazuje v\u00a0t\u00fdchto s\u00favislostiach na z\u00e1kladn\u00e9 pojmy, poukazuje na recid\u00edvu ako [&hellip;]<\/p>\n","protected":false},"author":6,"featured_media":0,"parent":0,"menu_order":0,"comment_status":"closed","ping_status":"closed","template":"","meta":{"footnotes":""},"class_list":["post-6536","page","type-page","status-publish","hentry"],"_links":{"self":[{"href":"https:\/\/veda.polac.cz\/index.php?rest_route=\/wp\/v2\/pages\/6536","targetHints":{"allow":["GET"]}}],"collection":[{"href":"https:\/\/veda.polac.cz\/index.php?rest_route=\/wp\/v2\/pages"}],"about":[{"href":"https:\/\/veda.polac.cz\/index.php?rest_route=\/wp\/v2\/types\/page"}],"author":[{"embeddable":true,"href":"https:\/\/veda.polac.cz\/index.php?rest_route=\/wp\/v2\/users\/6"}],"replies":[{"embeddable":true,"href":"https:\/\/veda.polac.cz\/index.php?rest_route=%2Fwp%2Fv2%2Fcomments&post=6536"}],"version-history":[{"count":1,"href":"https:\/\/veda.polac.cz\/index.php?rest_route=\/wp\/v2\/pages\/6536\/revisions"}],"predecessor-version":[{"id":6537,"href":"https:\/\/veda.polac.cz\/index.php?rest_route=\/wp\/v2\/pages\/6536\/revisions\/6537"}],"wp:attachment":[{"href":"https:\/\/veda.polac.cz\/index.php?rest_route=%2Fwp%2Fv2%2Fmedia&parent=6536"}],"curies":[{"name":"wp","href":"https:\/\/api.w.org\/{rel}","templated":true}]}}