{"id":6532,"date":"2021-10-25T10:18:11","date_gmt":"2021-10-25T10:18:11","guid":{"rendered":"https:\/\/veda.polac.cz\/?page_id=6532"},"modified":"2021-10-27T13:11:55","modified_gmt":"2021-10-27T13:11:55","slug":"03-2021","status":"publish","type":"page","link":"https:\/\/veda.polac.cz\/?page_id=6532","title":{"rendered":"03\/2021"},"content":{"rendered":"<p><a href=\"https:\/\/veda.polac.cz\/?page_id=6536\"><strong>R<\/strong><strong>ecid\u00edva &#8211; jej trestnopr\u00e1vne, kriminologick\u00e9 a\u00a0penologick\u00e9 aspekty<\/strong><\/a><br \/>\nJUDr. Patr\u00edcia Kr\u00e1sn\u00e1, PhD., LL.M., Akad\u00e9mia policajn\u00e9ho zboru Bratislava,<br \/>\nkatedra kriminologie<\/p>\n<p><a href=\"https:\/\/veda.polac.cz\/wp-content\/uploads\/2021\/10\/Reoffending-its-Criminal-Criminological-and-Penological-Aspects1.pdf\" target=\"_blank\" rel=\"noopener\">pdf form\u00e1t<\/a><\/p>\n<hr \/>\n<p><a href=\"https:\/\/veda.polac.cz\/?page_id=6538\"><strong>R<\/strong><strong>a<\/strong><strong>kousk\u00fd isl\u00e1msk\u00fd z\u00e1kon mezi n\u00e1bo\u017eenstv\u00edm a bezpe\u010dnost\u00ed<\/strong><\/a><br \/>\ndoc. Dr. iur. Harald Christian Scheu, Mag. Phil., Ph.D.,<br \/>\nPolicejn\u00ed akademie \u010cesk\u00e9 republiky v Praze, katedra ve\u0159ejn\u00e9ho pr\u00e1va<\/p>\n<p><a href=\"https:\/\/veda.polac.cz\/wp-content\/uploads\/2021\/10\/The-Austrian-Islam-Law-between-Religion-and-Security.pdf\" target=\"_blank\" rel=\"noopener\">pdf form\u00e1t<\/a><\/p>\n<hr \/>\n<p><a href=\"https:\/\/veda.polac.cz\/?page_id=6541\"><strong>K\u00a0n\u011bkter\u00fdm ot\u00e1zk\u00e1m problematiky ochrany \u010dlen\u016f parlamentu p\u0159ed sledov\u00e1n\u00edm jejich \u010dinnosti ze strany policie a zpravodajsk\u00fdch slu\u017eeb<\/strong><\/a><br \/>\ndoc. JUDr. Jan Kudrna, Ph.D., Policejn\u00ed akademie \u010cesk\u00e9 republiky v\u00a0Praze<br \/>\nFakulta bezpe\u010dnostn\u00edho managementu, katedra ve\u0159ejn\u00e9ho pr\u00e1va<\/p>\n<p><a href=\"https:\/\/veda.polac.cz\/wp-content\/uploads\/2021\/10\/On-Certain-Issues-of-the-Protection-of-Members-of-Parliament-From-Their-Activities-Being-Monitored-by-the-Police-and-Intelligence-Services1.pdf\" target=\"_blank\" rel=\"noopener\">pdf form\u00e1t<\/a><\/p>\n<hr \/>\n<p><a href=\"https:\/\/veda.polac.cz\/?page_id=6543\"><strong>Sou\u010dasn\u00fd Ku Klux Klan jako povstaleck\u00e1 organizace<\/strong><\/a><br \/>\nBc. Martin Zilvar, Masarykova univerzita, Fakulta soci\u00e1ln\u00edch v\u011bd, katedra politologie<\/p>\n<p><a href=\"https:\/\/veda.polac.cz\/wp-content\/uploads\/2021\/10\/The-Contemporary-Ku-Klux-Klan-as-an-Insurgency.pdf\" target=\"_blank\" rel=\"noopener\">pdf form\u00e1t<\/a><\/p>\n<hr \/>\n<p><a href=\"https:\/\/veda.polac.cz\/?page_id=6545\"><strong>Hodnocen\u00ed bezpe\u010dnosti \u00fazem\u00ed ve vazb\u011b na rozs\u00e1hl\u00fd v\u00fdpadek elektrick\u00e9 energie<\/strong><\/a><br \/>\nPhDr. Tom\u00e1\u0161 Fr\u00f6hlich, DiS., SECURU s.r.o., \u010cesk\u00e9 vysok\u00e9 u\u010den\u00ed technick\u00e9 v\u00a0Praze, Fakulta biomedic\u00ednsk\u00e9ho in\u017een\u00fdrstv\u00ed, Odd\u011blen\u00ed zdravotn\u00ed p\u00e9\u010de a ochrany obyvatelstva<br \/>\nIng. Ji\u0159\u00ed Slab\u00fd, Ph.D., SECURU s.r.o.<br \/>\ndoc. Mgr. Zden\u011bk Hon, Ph.D., prof. MUDr. Leo\u0161 Navr\u00e1til, CSc., MBA, dr.h.c.,<br \/>\n\u010cesk\u00e9 vysok\u00e9 u\u010den\u00ed technick\u00e9 v\u00a0Praze, Fakulta biomedic\u00ednsk\u00e9ho in\u017een\u00fdrstv\u00ed, Odd\u011blen\u00ed zdravotn\u00ed p\u00e9\u010de a ochrany obyvatelstva<\/p>\n<p><a href=\"https:\/\/veda.polac.cz\/wp-content\/uploads\/2021\/10\/Evaluation-of-the-Territory-Resilience-to-Extensive-Power-Disruption.pdf\" target=\"_blank\" rel=\"noopener\">pdf form\u00e1t<\/a><\/p>\n<hr \/>\n<p><a href=\"https:\/\/veda.polac.cz\/?page_id=6548\"><strong>COVID-19 a jeho dopady na terorismus a n\u00e1siln\u00fd extremismus<\/strong><\/a><br \/>\ndoc. Ing. Jozef Sabol, DrSc., doc. Mgr. Old\u0159ich Krul\u00edk, Ph.D., Policejn\u00ed akademie \u010cesk\u00e9 republiky v\u00a0Praze, Fakulta bezpe\u010dnostn\u00edho managementu, katedra krizov\u00e9ho \u0159\u00edzen\u00ed<\/p>\n<p><a href=\"https:\/\/veda.polac.cz\/wp-content\/uploads\/2021\/10\/Covid-19-its-Impacts-on-Terrorism-and-Violent-Extremism-and-Unconventional-Protective-Measures.pdf\" target=\"_blank\" rel=\"noopener\">pdf form\u00e1t<\/a><\/p>\n<hr \/>\n<p><a href=\"https:\/\/veda.polac.cz\/?page_id=6550\"><strong>Cesta k identifikaci rasov\u00e9ho profilov\u00e1n\u00ed v\u00a0policii (?)<\/strong><\/a><br \/>\nAlex del Carmen, Ph.D., Associate Dean, School of Criminology, Criminal Justice and Public Administration, Tarleton State University, Texas, USA<br \/>\nMark Brown, M.S., Doctoral Candidate, School of Criminology, Criminal Justice and Public Administration, Tarleton State University, Texas, USA<\/p>\n<p><a href=\"https:\/\/veda.polac.cz\/wp-content\/uploads\/2021\/10\/A-Path-towards-the-Identification-of-Racial-Profiling-in-Policing.pdf\" target=\"_blank\" rel=\"noopener\">pdf form\u00e1t<\/a><\/p>\n<hr \/>\n<p><a href=\"https:\/\/veda.polac.cz\/?page_id=6553\"><strong>Zji\u0161\u0165ov\u00e1n\u00ed p\u0159\u00ed\u010din vzniku po\u017e\u00e1r\u016f &#8211; \u00famysln\u011b zalo\u017een\u00e9 po\u017e\u00e1ry<\/strong><\/a><br \/>\nmjr. PhDr. Mgr. Miroslav Matou\u0161, Policejn\u00ed akademie \u010cesk\u00e9 republiky v\u00a0Praze,<br \/>\nstudent 3. ro\u010dn\u00edku doktorsk\u00e9ho studia<\/p>\n<p><a href=\"https:\/\/veda.polac.cz\/wp-content\/uploads\/2021\/10\/Investigating-the-Causes-of-Fires-Intentionally-Started-Fires.pdf\" target=\"_blank\" rel=\"noopener\">pdf form\u00e1t<\/a><\/p>\n<hr \/>\n","protected":false},"excerpt":{"rendered":"<p>Recid\u00edva &#8211; jej trestnopr\u00e1vne, kriminologick\u00e9 a\u00a0penologick\u00e9 aspekty JUDr. Patr\u00edcia Kr\u00e1sn\u00e1, PhD., LL.M., Akad\u00e9mia policajn\u00e9ho zboru Bratislava, katedra kriminologie pdf form\u00e1t Rakousk\u00fd isl\u00e1msk\u00fd z\u00e1kon mezi n\u00e1bo\u017eenstv\u00edm a bezpe\u010dnost\u00ed doc. Dr. iur. Harald Christian Scheu, Mag. Phil., Ph.D., Policejn\u00ed akademie \u010cesk\u00e9 republiky v Praze, katedra ve\u0159ejn\u00e9ho pr\u00e1va pdf form\u00e1t K\u00a0n\u011bkter\u00fdm ot\u00e1zk\u00e1m problematiky ochrany \u010dlen\u016f parlamentu p\u0159ed sledov\u00e1n\u00edm [&hellip;]<\/p>\n","protected":false},"author":6,"featured_media":0,"parent":0,"menu_order":0,"comment_status":"closed","ping_status":"closed","template":"","meta":{"footnotes":""},"class_list":["post-6532","page","type-page","status-publish","hentry"],"_links":{"self":[{"href":"https:\/\/veda.polac.cz\/index.php?rest_route=\/wp\/v2\/pages\/6532","targetHints":{"allow":["GET"]}}],"collection":[{"href":"https:\/\/veda.polac.cz\/index.php?rest_route=\/wp\/v2\/pages"}],"about":[{"href":"https:\/\/veda.polac.cz\/index.php?rest_route=\/wp\/v2\/types\/page"}],"author":[{"embeddable":true,"href":"https:\/\/veda.polac.cz\/index.php?rest_route=\/wp\/v2\/users\/6"}],"replies":[{"embeddable":true,"href":"https:\/\/veda.polac.cz\/index.php?rest_route=%2Fwp%2Fv2%2Fcomments&post=6532"}],"version-history":[{"count":4,"href":"https:\/\/veda.polac.cz\/index.php?rest_route=\/wp\/v2\/pages\/6532\/revisions"}],"predecessor-version":[{"id":6566,"href":"https:\/\/veda.polac.cz\/index.php?rest_route=\/wp\/v2\/pages\/6532\/revisions\/6566"}],"wp:attachment":[{"href":"https:\/\/veda.polac.cz\/index.php?rest_route=%2Fwp%2Fv2%2Fmedia&parent=6532"}],"curies":[{"name":"wp","href":"https:\/\/api.w.org\/{rel}","templated":true}]}}