{"id":648,"date":"2018-09-13T18:47:26","date_gmt":"2018-09-13T18:47:26","guid":{"rendered":"http:\/\/veda.polac.cz\/?page_id=648"},"modified":"2019-04-18T10:51:16","modified_gmt":"2019-04-18T10:51:16","slug":"03-2015","status":"publish","type":"page","link":"https:\/\/veda.polac.cz\/?page_id=648","title":{"rendered":"03\/2015"},"content":{"rendered":"<p><a href=\"https:\/\/veda.polac.cz\/?page_id=635\"><strong>Anal\u00fdza v\u00fdsledk\u016f celo\u017eivotn\u00edho vzd\u011bl\u00e1v\u00e1n\u00ed na Policejn\u00ed akademii \u010cesk\u00e9 republiky v Praze v pr\u016fb\u011bhu posledn\u00edch t\u0159\u00ed akademick\u00fdch obdob\u00ed\u00a0<\/strong><\/a><br \/>\nDr. Zden\u011bk Kova\u0159\u00edk, CSc., Mgr. Jarmila Chvostkov\u00e1<\/p>\n<hr \/>\n<p><a href=\"https:\/\/veda.polac.cz\/?page_id=652\"><strong>Propaga\u010dn\u00ed n\u00e1stroje a t\u00e9mata extremismu v \u010cR &#8211; v\u00fdstupy v\u00fdzkumn\u00e9ho projektu &#8211; II. \u010d\u00e1st\u00a0<\/strong><\/a><br \/>\npplk. Mgr. Barbora Vegrichtov\u00e1, Ph.D., MBA<\/p>\n<hr \/>\n<p><a href=\"https:\/\/veda.polac.cz\/?page_id=654\"><strong>Progn\u00f3za v\u011bze\u0148sk\u00e9 populace v \u010cesk\u00e9 republice za u\u017eit\u00ed kohortn\u011b-komponentn\u00edho modelu<\/strong><\/a><br \/>\nMgr. Martin Ko\u0148a\u0159\u00edk<\/p>\n<hr \/>\n<p><a href=\"https:\/\/veda.polac.cz\/?page_id=657\"><strong>Rozpaky nad multikulturalismem (pokus o koncep\u010dn\u00ed zamy\u0161len\u00ed)\u00a0<\/strong><\/a><br \/>\nPhDr. Petr Nesvadba, CSc.<\/p>\n<hr \/>\n<p><a href=\"https:\/\/veda.polac.cz\/?page_id=659\"><strong>Detekce \u00fa\u010dastn\u00edk\u016f anonymn\u00edch transakc\u00ed akciov\u00fdmi tituly\u00a0<\/strong><\/a><br \/>\ndoc. Ing. Jaroslav Brada, Dr.<\/p>\n<hr \/>\n<p><a href=\"https:\/\/veda.polac.cz\/?page_id=661\"><strong>Role st\u00e1tu v zaji\u0161\u0165ov\u00e1n\u00ed kybernetick\u00e9 bezpe\u010dnosti\u00a0<\/strong><\/a><br \/>\nMgr. Roman Pa\u010dka<\/p>\n<hr \/>\n<p><a href=\"https:\/\/veda.polac.cz\/?page_id=663\"><strong>Elektronick\u00fd monitoring v Evrop\u011b\u00a0<\/strong><\/a><br \/>\nJUDr. Simona Dibl\u00edkov\u00e1<\/p>\n<hr \/>\n<p><a href=\"https:\/\/veda.polac.cz\/?page_id=665\"><strong>Enterprise Risk Management in the Slovak Republic &#8211; Research and Results\u00a0<\/strong><\/a><br \/>\ndoc. Ing. Jozef Klu\u010dka, PhD.<\/p>\n<hr \/>\n<p><a href=\"https:\/\/veda.polac.cz\/?page_id=667\"><strong>Po\u010dty proveden\u00fdch zkou\u0161ek spolehlivosti &#8211; v\u00fdzkumn\u00e1 zji\u0161t\u011bn\u00ed\u00a0<\/strong><\/a><br \/>\npplk. JUDr. Josef Hrudka, Ph.D., pplk. JUDr. Boris L\u00f6ffler, PhD.<\/p>\n<hr \/>\n<p><a href=\"https:\/\/veda.polac.cz\/?page_id=235\">Zp\u011bt<\/a><\/p>\n","protected":false},"excerpt":{"rendered":"<p>Anal\u00fdza v\u00fdsledk\u016f celo\u017eivotn\u00edho vzd\u011bl\u00e1v\u00e1n\u00ed na Policejn\u00ed akademii \u010cesk\u00e9 republiky v Praze v pr\u016fb\u011bhu posledn\u00edch t\u0159\u00ed akademick\u00fdch obdob\u00ed\u00a0 Dr. Zden\u011bk Kova\u0159\u00edk, CSc., Mgr. Jarmila Chvostkov\u00e1 Propaga\u010dn\u00ed n\u00e1stroje a t\u00e9mata extremismu v \u010cR &#8211; v\u00fdstupy v\u00fdzkumn\u00e9ho projektu &#8211; II. \u010d\u00e1st\u00a0 pplk. Mgr. Barbora Vegrichtov\u00e1, Ph.D., MBA Progn\u00f3za v\u011bze\u0148sk\u00e9 populace v \u010cesk\u00e9 republice za u\u017eit\u00ed kohortn\u011b-komponentn\u00edho modelu Mgr. [&hellip;]<\/p>\n","protected":false},"author":2,"featured_media":0,"parent":235,"menu_order":6,"comment_status":"closed","ping_status":"closed","template":"","meta":{"footnotes":""},"class_list":["post-648","page","type-page","status-publish","hentry"],"_links":{"self":[{"href":"https:\/\/veda.polac.cz\/index.php?rest_route=\/wp\/v2\/pages\/648","targetHints":{"allow":["GET"]}}],"collection":[{"href":"https:\/\/veda.polac.cz\/index.php?rest_route=\/wp\/v2\/pages"}],"about":[{"href":"https:\/\/veda.polac.cz\/index.php?rest_route=\/wp\/v2\/types\/page"}],"author":[{"embeddable":true,"href":"https:\/\/veda.polac.cz\/index.php?rest_route=\/wp\/v2\/users\/2"}],"replies":[{"embeddable":true,"href":"https:\/\/veda.polac.cz\/index.php?rest_route=%2Fwp%2Fv2%2Fcomments&post=648"}],"version-history":[{"count":4,"href":"https:\/\/veda.polac.cz\/index.php?rest_route=\/wp\/v2\/pages\/648\/revisions"}],"predecessor-version":[{"id":2643,"href":"https:\/\/veda.polac.cz\/index.php?rest_route=\/wp\/v2\/pages\/648\/revisions\/2643"}],"up":[{"embeddable":true,"href":"https:\/\/veda.polac.cz\/index.php?rest_route=\/wp\/v2\/pages\/235"}],"wp:attachment":[{"href":"https:\/\/veda.polac.cz\/index.php?rest_route=%2Fwp%2Fv2%2Fmedia&parent=648"}],"curies":[{"name":"wp","href":"https:\/\/api.w.org\/{rel}","templated":true}]}}