{"id":6461,"date":"2021-07-09T12:47:02","date_gmt":"2021-07-09T12:47:02","guid":{"rendered":"https:\/\/veda.polac.cz\/?page_id=6461"},"modified":"2021-07-09T12:47:02","modified_gmt":"2021-07-09T12:47:02","slug":"6461-2","status":"publish","type":"page","link":"https:\/\/veda.polac.cz\/?page_id=6461","title":{"rendered":""},"content":{"rendered":"<p style=\"text-align: center;\">Resum\u00e9 \u010dl\u00e1nku<\/p>\n<p><strong>Vybran\u00e9 aspekty financov\u00e1n\u00ed krizov\u00e9ho \u0159\u00edzen\u00ed<\/strong><\/p>\n<p><em>Mgr. Luk\u00e1\u0161 Harazin, Ph.D., Ing. Mgr. Leona Loufkov\u00e1, Mgr. Old\u0159ich Lu\u017ea, Policejn\u00ed akademie \u010cesk\u00e9 republiky v\u00a0Praze, Fakulta bezpe\u010dnostn\u00edho managementu, katedra krizov\u00e9ho \u0159\u00edzen\u00ed<\/em><\/p>\n<p>Tento \u010dl\u00e1nek p\u0159edstavuje pohled a n\u00e1zor autor\u016f na zp\u016fsoby financov\u00e1n\u00ed krizov\u00e9ho \u0159\u00edzen\u00ed v\u00a0\u010cesk\u00e9 republice z\u00edskan\u00fd praktick\u00fdmi zku\u0161enostmi. Auto\u0159i poukazuj\u00ed na nedostatky pr\u00e1vn\u00ed \u00fapravy v\u00a0oblasti financov\u00e1n\u00ed krizov\u00e9ho managementu, zejm\u00e9na na \u00farovni \u00fazemn\u00edch samospr\u00e1vn\u00fdch celk\u016f.<\/p>\n<p><strong>Kl\u00ed\u010dov\u00e1 slova:<\/strong> krizov\u00e9 \u0159\u00edzen\u00ed, krizov\u00fd z\u00e1kon, finance, mimo\u0159\u00e1dn\u00e1 ud\u00e1lost, krizov\u00e1 situace, \u00fazemn\u00ed samospr\u00e1vn\u00fd celek.<\/p>\n<hr \/>\n<p><a href=\"https:\/\/veda.polac.cz\/?page_id=6436\">Zp\u011bt<\/a><\/p>\n","protected":false},"excerpt":{"rendered":"<p>Resum\u00e9 \u010dl\u00e1nku Vybran\u00e9 aspekty financov\u00e1n\u00ed krizov\u00e9ho \u0159\u00edzen\u00ed Mgr. Luk\u00e1\u0161 Harazin, Ph.D., Ing. Mgr. Leona Loufkov\u00e1, Mgr. Old\u0159ich Lu\u017ea, Policejn\u00ed akademie \u010cesk\u00e9 republiky v\u00a0Praze, Fakulta bezpe\u010dnostn\u00edho managementu, katedra krizov\u00e9ho \u0159\u00edzen\u00ed Tento \u010dl\u00e1nek p\u0159edstavuje pohled a n\u00e1zor autor\u016f na zp\u016fsoby financov\u00e1n\u00ed krizov\u00e9ho \u0159\u00edzen\u00ed v\u00a0\u010cesk\u00e9 republice z\u00edskan\u00fd praktick\u00fdmi zku\u0161enostmi. Auto\u0159i poukazuj\u00ed na nedostatky pr\u00e1vn\u00ed \u00fapravy v\u00a0oblasti financov\u00e1n\u00ed krizov\u00e9ho [&hellip;]<\/p>\n","protected":false},"author":6,"featured_media":0,"parent":0,"menu_order":0,"comment_status":"closed","ping_status":"closed","template":"","meta":{"footnotes":""},"class_list":["post-6461","page","type-page","status-publish","hentry"],"_links":{"self":[{"href":"https:\/\/veda.polac.cz\/index.php?rest_route=\/wp\/v2\/pages\/6461","targetHints":{"allow":["GET"]}}],"collection":[{"href":"https:\/\/veda.polac.cz\/index.php?rest_route=\/wp\/v2\/pages"}],"about":[{"href":"https:\/\/veda.polac.cz\/index.php?rest_route=\/wp\/v2\/types\/page"}],"author":[{"embeddable":true,"href":"https:\/\/veda.polac.cz\/index.php?rest_route=\/wp\/v2\/users\/6"}],"replies":[{"embeddable":true,"href":"https:\/\/veda.polac.cz\/index.php?rest_route=%2Fwp%2Fv2%2Fcomments&post=6461"}],"version-history":[{"count":1,"href":"https:\/\/veda.polac.cz\/index.php?rest_route=\/wp\/v2\/pages\/6461\/revisions"}],"predecessor-version":[{"id":6462,"href":"https:\/\/veda.polac.cz\/index.php?rest_route=\/wp\/v2\/pages\/6461\/revisions\/6462"}],"wp:attachment":[{"href":"https:\/\/veda.polac.cz\/index.php?rest_route=%2Fwp%2Fv2%2Fmedia&parent=6461"}],"curies":[{"name":"wp","href":"https:\/\/api.w.org\/{rel}","templated":true}]}}