{"id":6458,"date":"2021-07-09T12:45:15","date_gmt":"2021-07-09T12:45:15","guid":{"rendered":"https:\/\/veda.polac.cz\/?page_id=6458"},"modified":"2021-07-09T13:00:51","modified_gmt":"2021-07-09T13:00:51","slug":"6458-2","status":"publish","type":"page","link":"https:\/\/veda.polac.cz\/?page_id=6458","title":{"rendered":""},"content":{"rendered":"<p style=\"text-align: center;\">Resum\u00e9 \u010dl\u00e1nku<\/p>\n<p><strong>Kybernetick\u00e1 bezpe\u010dnost v&nbsp;automobilov\u00e9m sektoru<\/strong><\/p>\n<p><em>Bc. Marek Rechtik, Masarykova univerzita v&nbsp;Brn\u011b, Fakulta soci\u00e1ln\u00edch studi\u00ed, student magistersk\u00e9ho studia<\/em><\/p>\n<p>Tento \u010dl\u00e1nek se zab\u00fdv\u00e1 problematikou kybernetick\u00e9 bezpe\u010dnosti modern\u00edch automobil\u016f. Sou\u010dasn\u00e9 trendy digitalizace, automatizace a autonomizace a nar\u016fstaj\u00edc\u00ed konektivita automobilov\u00fdch vozidel s&nbsp;sebou nesou negativn\u00ed implikace pro zaji\u0161\u0165ov\u00e1n\u00ed bezpe\u010dnosti v&nbsp;r\u00e1mci cel\u00e9ho&nbsp;automobilov\u00e9ho pr\u016fmyslu. C\u00edlem \u010dl\u00e1nku je tedy p\u0159edstavit aktu\u00e1ln\u00ed kybernetick\u00e9 hrozby a rizika spojen\u00e1 s&nbsp;modern\u00edmi automobily a nab\u00eddnout mo\u017enost \u0159e\u0161en\u00ed sou\u010dasn\u00e9ho nedostate\u010dn\u00e9ho stavu v&nbsp;automobilov\u00e9m sektoru. Komplexn\u00ed ekosyst\u00e9my modern\u00edch vozidel je \u010din\u00ed \u010d\u00edm d\u00e1l zraniteln\u011bj\u0161\u00edmi v\u016f\u010di kybernetick\u00fdm \u00fatok\u016fm, kter\u00fdch exponenci\u00e1ln\u011b nar\u016fst\u00e1. \u0158e\u0161en\u00ed sou\u010dasn\u00e9ho stavu mohou p\u0159in\u00e9st nov\u011b p\u0159ijat\u00e9 z\u00e1vazn\u00e9 regulace a mezin\u00e1rodn\u00ed standardy, kter\u00e9 kladou d\u016fraz na komplexn\u00ed p\u0159\u00edstup k&nbsp;zaji\u0161\u0165ov\u00e1n\u00ed kybernetick\u00e9 bezpe\u010dnosti v&nbsp;automobilov\u00e9m sektoru.<\/p>\n<p><strong>Kl\u00ed\u010dov\u00e1 slova<\/strong>: kybernetick\u00e1 bezpe\u010dnost; automobilov\u00fd pr\u016fmysl; autonomn\u00ed vozidla.<\/p>\n<hr>\n<p><a href=\"https:\/\/veda.polac.cz\/?page_id=6436\">Zp\u011bt<\/a><\/p>\n","protected":false},"excerpt":{"rendered":"<p>Resum\u00e9 \u010dl\u00e1nku Kybernetick\u00e1 bezpe\u010dnost v&nbsp;automobilov\u00e9m sektoru Bc. Marek Rechtik, Masarykova univerzita v&nbsp;Brn\u011b, Fakulta soci\u00e1ln\u00edch studi\u00ed, student magistersk\u00e9ho studia Tento \u010dl\u00e1nek se zab\u00fdv\u00e1 problematikou kybernetick\u00e9 bezpe\u010dnosti modern\u00edch automobil\u016f. Sou\u010dasn\u00e9 trendy digitalizace, automatizace a autonomizace a nar\u016fstaj\u00edc\u00ed konektivita automobilov\u00fdch vozidel s&nbsp;sebou nesou negativn\u00ed implikace pro zaji\u0161\u0165ov\u00e1n\u00ed bezpe\u010dnosti v&nbsp;r\u00e1mci cel\u00e9ho&nbsp;automobilov\u00e9ho pr\u016fmyslu. C\u00edlem \u010dl\u00e1nku je tedy p\u0159edstavit aktu\u00e1ln\u00ed kybernetick\u00e9 [&hellip;]<\/p>\n","protected":false},"author":6,"featured_media":0,"parent":0,"menu_order":0,"comment_status":"closed","ping_status":"closed","template":"","meta":{"footnotes":""},"class_list":["post-6458","page","type-page","status-publish","hentry"],"_links":{"self":[{"href":"https:\/\/veda.polac.cz\/index.php?rest_route=\/wp\/v2\/pages\/6458","targetHints":{"allow":["GET"]}}],"collection":[{"href":"https:\/\/veda.polac.cz\/index.php?rest_route=\/wp\/v2\/pages"}],"about":[{"href":"https:\/\/veda.polac.cz\/index.php?rest_route=\/wp\/v2\/types\/page"}],"author":[{"embeddable":true,"href":"https:\/\/veda.polac.cz\/index.php?rest_route=\/wp\/v2\/users\/6"}],"replies":[{"embeddable":true,"href":"https:\/\/veda.polac.cz\/index.php?rest_route=%2Fwp%2Fv2%2Fcomments&post=6458"}],"version-history":[{"count":2,"href":"https:\/\/veda.polac.cz\/index.php?rest_route=\/wp\/v2\/pages\/6458\/revisions"}],"predecessor-version":[{"id":6468,"href":"https:\/\/veda.polac.cz\/index.php?rest_route=\/wp\/v2\/pages\/6458\/revisions\/6468"}],"wp:attachment":[{"href":"https:\/\/veda.polac.cz\/index.php?rest_route=%2Fwp%2Fv2%2Fmedia&parent=6458"}],"curies":[{"name":"wp","href":"https:\/\/api.w.org\/{rel}","templated":true}]}}