{"id":6455,"date":"2021-07-09T12:43:19","date_gmt":"2021-07-09T12:43:19","guid":{"rendered":"https:\/\/veda.polac.cz\/?page_id=6455"},"modified":"2021-07-09T12:43:20","modified_gmt":"2021-07-09T12:43:20","slug":"6455-2","status":"publish","type":"page","link":"https:\/\/veda.polac.cz\/?page_id=6455","title":{"rendered":""},"content":{"rendered":"<p style=\"text-align: center;\">Resum\u00e9 \u010dl\u00e1nku<\/p>\n<p><strong>Vybran\u00e9 aktu\u00e1ln\u00ed bezpe\u010dnostn\u00ed aspekty jadern\u00fdch zbran\u00ed a jadern\u00e9ho odzbrojen\u00ed<\/strong><\/p>\n<p><em>doc. Ing. Otakar Ji\u0159\u00ed Mika, CSc., Policejn\u00ed akademie \u010cesk\u00e9 republiky v\u00a0Praze, Fakulta bezpe\u010dnostn\u00edho managementu, katedra krizov\u00e9ho \u0159\u00edzen\u00ed<\/em><\/p>\n<p>Odborn\u00fd \u010dl\u00e1nek se zam\u00fd\u0161l\u00ed nad v\u00fdznamem bezpe\u010dnostn\u00edch oblast\u00ed jadern\u00fdch zbran\u00ed, jadern\u00e9ho zbrojen\u00ed a jadern\u00e9ho odzbrojen\u00ed. Krom\u011b \u00favodu a objasn\u011bn\u00ed vzniku jadern\u00fdch zbran\u00ed se \u010dl\u00e1nek podrobn\u011b v\u011bnuje jadern\u00e9 zk\u00e1ze v Hiro\u0161im\u011b a Nagasaki v\u010detn\u011b objasn\u011bn\u00ed ni\u010div\u00fdch faktor\u016f jadern\u00e9ho v\u00fdbuchu. V dal\u0161\u00ed \u010d\u00e1sti se zab\u00fdv\u00e1 americko-rusk\u00fdmi vztahy v oblasti jadern\u00fdch zbran\u00ed a jadern\u00e9ho odzbrojen\u00ed. Uveden\u00fd celkov\u00fd p\u0159ehled jadern\u00e9 v\u00fdzbroje vych\u00e1z\u00ed z presti\u017en\u00ed bezpe\u010dnostn\u00ed ro\u010denky SIPRI (Stockholm International Peace Research Institute) ze \u0160v\u00e9dska. Jsou diskutov\u00e1ny n\u011bkter\u00e9 hlavn\u00ed bezpe\u010dnostn\u00ed ot\u00e1zky jadern\u00fdch zbran\u00ed a to v\u010detn\u011b vlastn\u00edho komplexn\u00edho n\u00e1vrhu autora \u010dl\u00e1nku na trval\u00e9 sn\u00ed\u017een\u00ed nebezpe\u010dn\u00ed sou\u010dasn\u00fdch jadern\u00fdch zbran\u00ed. V z\u00e1v\u011bru je vyj\u00e1d\u0159en m\u00edrn\u00fd optimismus z hlediska nov\u00e9ho americk\u00e9ho prezidenta Joe Bidena s o\u010dek\u00e1v\u00e1n\u00edm prodlou\u017een\u00ed americko-rusk\u00e9 jadern\u00e9 smlouvy START 3 a zlep\u0161en\u00ed vz\u00e1jemn\u00fdch americko-rusk\u00fdch vztah\u016f obecn\u011b a zvl\u00e1\u0161t\u011b pak zlep\u0161en\u00ed vz\u00e1jemn\u00fdch vztah\u016f na poli dal\u0161\u00edch odzbrojovac\u00edch krok\u016f v oblasti jadern\u00fdch zbran\u00ed.<\/p>\n<p><strong>Kl\u00ed\u010dov\u00e1 slova:<\/strong> jadern\u00e9 zbran\u011b, jadern\u00e9 zbrojen\u00ed, jadern\u00e9 odzbrojen\u00ed, jadern\u00fd v\u00fdbuch, ni\u010div\u00e9 faktory jadern\u00e9ho v\u00fdbuchu.<\/p>\n<hr \/>\n<p><a href=\"https:\/\/veda.polac.cz\/?page_id=6436\">Zp\u011bt<\/a><\/p>\n","protected":false},"excerpt":{"rendered":"<p>Resum\u00e9 \u010dl\u00e1nku Vybran\u00e9 aktu\u00e1ln\u00ed bezpe\u010dnostn\u00ed aspekty jadern\u00fdch zbran\u00ed a jadern\u00e9ho odzbrojen\u00ed doc. Ing. Otakar Ji\u0159\u00ed Mika, CSc., Policejn\u00ed akademie \u010cesk\u00e9 republiky v\u00a0Praze, Fakulta bezpe\u010dnostn\u00edho managementu, katedra krizov\u00e9ho \u0159\u00edzen\u00ed Odborn\u00fd \u010dl\u00e1nek se zam\u00fd\u0161l\u00ed nad v\u00fdznamem bezpe\u010dnostn\u00edch oblast\u00ed jadern\u00fdch zbran\u00ed, jadern\u00e9ho zbrojen\u00ed a jadern\u00e9ho odzbrojen\u00ed. Krom\u011b \u00favodu a objasn\u011bn\u00ed vzniku jadern\u00fdch zbran\u00ed se \u010dl\u00e1nek podrobn\u011b v\u011bnuje jadern\u00e9 [&hellip;]<\/p>\n","protected":false},"author":6,"featured_media":0,"parent":0,"menu_order":0,"comment_status":"closed","ping_status":"closed","template":"","meta":{"footnotes":""},"class_list":["post-6455","page","type-page","status-publish","hentry"],"_links":{"self":[{"href":"https:\/\/veda.polac.cz\/index.php?rest_route=\/wp\/v2\/pages\/6455","targetHints":{"allow":["GET"]}}],"collection":[{"href":"https:\/\/veda.polac.cz\/index.php?rest_route=\/wp\/v2\/pages"}],"about":[{"href":"https:\/\/veda.polac.cz\/index.php?rest_route=\/wp\/v2\/types\/page"}],"author":[{"embeddable":true,"href":"https:\/\/veda.polac.cz\/index.php?rest_route=\/wp\/v2\/users\/6"}],"replies":[{"embeddable":true,"href":"https:\/\/veda.polac.cz\/index.php?rest_route=%2Fwp%2Fv2%2Fcomments&post=6455"}],"version-history":[{"count":1,"href":"https:\/\/veda.polac.cz\/index.php?rest_route=\/wp\/v2\/pages\/6455\/revisions"}],"predecessor-version":[{"id":6456,"href":"https:\/\/veda.polac.cz\/index.php?rest_route=\/wp\/v2\/pages\/6455\/revisions\/6456"}],"wp:attachment":[{"href":"https:\/\/veda.polac.cz\/index.php?rest_route=%2Fwp%2Fv2%2Fmedia&parent=6455"}],"curies":[{"name":"wp","href":"https:\/\/api.w.org\/{rel}","templated":true}]}}