{"id":6452,"date":"2021-07-09T12:40:28","date_gmt":"2021-07-09T12:40:28","guid":{"rendered":"https:\/\/veda.polac.cz\/?page_id=6452"},"modified":"2021-07-09T12:40:28","modified_gmt":"2021-07-09T12:40:28","slug":"6452-2","status":"publish","type":"page","link":"https:\/\/veda.polac.cz\/?page_id=6452","title":{"rendered":""},"content":{"rendered":"<p style=\"text-align: center;\">Resum\u00e9 \u010dl\u00e1nku<\/p>\n<p><strong>Ozbrojen\u00e9 nest\u00e1tn\u00ed milice v\u00a0USA v\u00a0obdob\u00ed prezidenstv\u00ed Donalda Trumpa<\/strong><\/p>\n<p><em>Bc. Martin Zilvar, Masarykova univerzita, Fakulta soci\u00e1ln\u00edch studi\u00ed,<\/em><br \/>\n<em>katedra politologie<\/em><\/p>\n<p>C\u00edlem \u010dl\u00e1nku je deskripce vztahu mezi administrativou prezidenta Trumpa a\u00a0polovojensk\u00fdch milic p\u0159edev\u0161\u00edm diskuz\u00ed nejd\u016fle\u017eit\u011bj\u0161\u00edch miln\u00edk\u016f skrz interpretaci vyj\u00e1d\u0159en\u00ed prezidenta Trumpa a chov\u00e1n\u00ed milic. \u010cl\u00e1nek z\u00e1rove\u0148 konceptualizuje pojem polovojensk\u00e1 milice, kter\u00fd je d\u00edky sv\u00e9 heterogenit\u011b v\u00a0odborn\u00fdch diskuz\u00edch \u010dasto neadekv\u00e1tn\u011b interpretov\u00e1n. Sekund\u00e1rn\u011b se sna\u017e\u00ed nal\u00e9zt n\u00e1stroje limituj\u00edc\u00ed existenci polovojensk\u00fdch milic ve Spojen\u00fdch st\u00e1tech na feder\u00e1ln\u00ed nebo st\u00e1tn\u00ed \u00farovni.<\/p>\n<p><strong>Kl\u00ed\u010dov\u00e1 slova:<\/strong> polovojensk\u00e1 milice, prezident Trump, existence, Oath Keepers, Three Percenters, n\u00e1sil\u00ed, organizace.<\/p>\n<hr \/>\n<p><a href=\"https:\/\/veda.polac.cz\/?page_id=6436\">Zp\u011bt<\/a><\/p>\n","protected":false},"excerpt":{"rendered":"<p>Resum\u00e9 \u010dl\u00e1nku Ozbrojen\u00e9 nest\u00e1tn\u00ed milice v\u00a0USA v\u00a0obdob\u00ed prezidenstv\u00ed Donalda Trumpa Bc. Martin Zilvar, Masarykova univerzita, Fakulta soci\u00e1ln\u00edch studi\u00ed, katedra politologie C\u00edlem \u010dl\u00e1nku je deskripce vztahu mezi administrativou prezidenta Trumpa a\u00a0polovojensk\u00fdch milic p\u0159edev\u0161\u00edm diskuz\u00ed nejd\u016fle\u017eit\u011bj\u0161\u00edch miln\u00edk\u016f skrz interpretaci vyj\u00e1d\u0159en\u00ed prezidenta Trumpa a chov\u00e1n\u00ed milic. \u010cl\u00e1nek z\u00e1rove\u0148 konceptualizuje pojem polovojensk\u00e1 milice, kter\u00fd je d\u00edky sv\u00e9 heterogenit\u011b v\u00a0odborn\u00fdch [&hellip;]<\/p>\n","protected":false},"author":6,"featured_media":0,"parent":0,"menu_order":0,"comment_status":"closed","ping_status":"closed","template":"","meta":{"footnotes":""},"class_list":["post-6452","page","type-page","status-publish","hentry"],"_links":{"self":[{"href":"https:\/\/veda.polac.cz\/index.php?rest_route=\/wp\/v2\/pages\/6452","targetHints":{"allow":["GET"]}}],"collection":[{"href":"https:\/\/veda.polac.cz\/index.php?rest_route=\/wp\/v2\/pages"}],"about":[{"href":"https:\/\/veda.polac.cz\/index.php?rest_route=\/wp\/v2\/types\/page"}],"author":[{"embeddable":true,"href":"https:\/\/veda.polac.cz\/index.php?rest_route=\/wp\/v2\/users\/6"}],"replies":[{"embeddable":true,"href":"https:\/\/veda.polac.cz\/index.php?rest_route=%2Fwp%2Fv2%2Fcomments&post=6452"}],"version-history":[{"count":1,"href":"https:\/\/veda.polac.cz\/index.php?rest_route=\/wp\/v2\/pages\/6452\/revisions"}],"predecessor-version":[{"id":6453,"href":"https:\/\/veda.polac.cz\/index.php?rest_route=\/wp\/v2\/pages\/6452\/revisions\/6453"}],"wp:attachment":[{"href":"https:\/\/veda.polac.cz\/index.php?rest_route=%2Fwp%2Fv2%2Fmedia&parent=6452"}],"curies":[{"name":"wp","href":"https:\/\/api.w.org\/{rel}","templated":true}]}}