{"id":6446,"date":"2021-07-09T12:35:53","date_gmt":"2021-07-09T12:35:53","guid":{"rendered":"https:\/\/veda.polac.cz\/?page_id=6446"},"modified":"2021-07-09T12:35:53","modified_gmt":"2021-07-09T12:35:53","slug":"6446-2","status":"publish","type":"page","link":"https:\/\/veda.polac.cz\/?page_id=6446","title":{"rendered":""},"content":{"rendered":"<p style=\"text-align: center;\">Resum\u00e9 \u010dl\u00e1nku<\/p>\n<p><strong>Vyu\u017eit\u00ed poznatk\u016f z ochrany proti \u00fa\u010dink\u016fm nebezpe\u010dn\u00fdch l\u00e1tek a zbran\u00ed CBRN p\u0159i ochran\u011b p\u0159ed n\u00e1kazou COVID-19<\/strong><\/p>\n<p><em>doc. Ing. Jozef Sabol, DrSc., doc. Ing. Otakar J. Mika, CSc., Ing. Lubom\u00edr Pol\u00edvka,<\/em><br \/>\n<em>Policejn\u00ed akademie \u010cesk\u00e9 republiky v\u00a0Praze, Fakulta bezpe\u010dnostn\u00edho managementu, katedra krizov\u00e9ho \u0159\u00edzen\u00ed<\/em><br \/>\n<em>Ing. Bc. Marek \u010cand\u00edk, Ph.D., Policejn\u00ed akademie \u010cesk\u00e9 republiky v\u00a0Praze, Fakulta bezpe\u010dnostn\u00edho managementu, katedra managementu a\u00a0informatiky<\/em><\/p>\n<p>\u010cl\u00e1nek shrnuje n\u011bkter\u00e9 specifick\u00e9 zku\u0161enosti z\u00edskan\u00e9 z\u00a0dlouhodob\u00e9ho v\u00fdzkumu a test\u016f osobn\u00edch ochrann\u00fdch prost\u0159edk\u016f ur\u010den\u00fdch k\u00a0ochran\u011b proti CBRN pro \u00fa\u010dely ochrany person\u00e1lu a dal\u0161\u00edch osob proti mo\u017en\u00e9 n\u00e1kaze koronavirem covid-19. Ukazuje se, \u017ee vyu\u017eit\u00ed t\u011bchto poznatk\u016f se p\u0159\u00edzniv\u011b projevilo i na koncipov\u00e1n\u00ed osobn\u00edch ochrann\u00fdch prost\u0159edk\u016f \u00fa\u010dinn\u00fdch proti koronavirov\u00e9 n\u00e1kaze, kter\u00e1 se st\u00e1le \u0161\u00ed\u0159\u00ed v\u00a0cel\u00e9m sv\u011bt\u011b, jako\u017e i v\u00a0\u010cesk\u00e9 republice.<\/p>\n<p><strong>Kl\u00ed\u010dov\u00e1 slova: <\/strong>CBRN, Covid-19, osobn\u00ed ochrann\u00e9 prost\u0159edky, zdravotnick\u00fd person\u00e1l, ochrann\u00e1 maska, rou\u0161ka, respir\u00e1tor.<\/p>\n<hr \/>\n<p><a href=\"https:\/\/veda.polac.cz\/?page_id=6436\">Zp\u011bt<\/a><\/p>\n","protected":false},"excerpt":{"rendered":"<p>Resum\u00e9 \u010dl\u00e1nku Vyu\u017eit\u00ed poznatk\u016f z ochrany proti \u00fa\u010dink\u016fm nebezpe\u010dn\u00fdch l\u00e1tek a zbran\u00ed CBRN p\u0159i ochran\u011b p\u0159ed n\u00e1kazou COVID-19 doc. Ing. Jozef Sabol, DrSc., doc. Ing. Otakar J. Mika, CSc., Ing. Lubom\u00edr Pol\u00edvka, Policejn\u00ed akademie \u010cesk\u00e9 republiky v\u00a0Praze, Fakulta bezpe\u010dnostn\u00edho managementu, katedra krizov\u00e9ho \u0159\u00edzen\u00ed Ing. Bc. Marek \u010cand\u00edk, Ph.D., Policejn\u00ed akademie \u010cesk\u00e9 republiky v\u00a0Praze, Fakulta bezpe\u010dnostn\u00edho [&hellip;]<\/p>\n","protected":false},"author":6,"featured_media":0,"parent":0,"menu_order":0,"comment_status":"closed","ping_status":"closed","template":"","meta":{"footnotes":""},"class_list":["post-6446","page","type-page","status-publish","hentry"],"_links":{"self":[{"href":"https:\/\/veda.polac.cz\/index.php?rest_route=\/wp\/v2\/pages\/6446","targetHints":{"allow":["GET"]}}],"collection":[{"href":"https:\/\/veda.polac.cz\/index.php?rest_route=\/wp\/v2\/pages"}],"about":[{"href":"https:\/\/veda.polac.cz\/index.php?rest_route=\/wp\/v2\/types\/page"}],"author":[{"embeddable":true,"href":"https:\/\/veda.polac.cz\/index.php?rest_route=\/wp\/v2\/users\/6"}],"replies":[{"embeddable":true,"href":"https:\/\/veda.polac.cz\/index.php?rest_route=%2Fwp%2Fv2%2Fcomments&post=6446"}],"version-history":[{"count":1,"href":"https:\/\/veda.polac.cz\/index.php?rest_route=\/wp\/v2\/pages\/6446\/revisions"}],"predecessor-version":[{"id":6447,"href":"https:\/\/veda.polac.cz\/index.php?rest_route=\/wp\/v2\/pages\/6446\/revisions\/6447"}],"wp:attachment":[{"href":"https:\/\/veda.polac.cz\/index.php?rest_route=%2Fwp%2Fv2%2Fmedia&parent=6446"}],"curies":[{"name":"wp","href":"https:\/\/api.w.org\/{rel}","templated":true}]}}