{"id":6439,"date":"2021-07-09T12:29:37","date_gmt":"2021-07-09T12:29:37","guid":{"rendered":"https:\/\/veda.polac.cz\/?page_id=6439"},"modified":"2021-07-09T12:48:15","modified_gmt":"2021-07-09T12:48:15","slug":"6439-2","status":"publish","type":"page","link":"https:\/\/veda.polac.cz\/?page_id=6439","title":{"rendered":""},"content":{"rendered":"<p style=\"text-align: center;\">Resum\u00e9 \u010dl\u00e1nku<\/p>\n<p><strong>Evalv\u00e1cia kvality \u017eivota pr\u00edslu\u0161n\u00edkov Policajn\u00e9ho zboru z\u00a0poh\u013eadu \u00farovne ich odme\u0148ovania<\/strong><\/p>\n<p><em>Ing. Radoslav Ivan\u010d\u00edk, PhD. et PhD., doc. Ing. \u013dubica Bari\u010di\u010dov\u00e1, PhD., Akad\u00e9mia Policajn\u00e9ho zboru v\u00a0Bratislave, Katedra informatiky a\u00a0mana\u017ementu<\/em><\/p>\n<p>Pr\u00edslu\u0161n\u00edci Policajn\u00e9ho zboru sa v\u00fdraznou mierou podie\u013eaj\u00fa na zaisten\u00ed bezpe\u010dnosti Slovenskej republiky a jej obyvate\u013eov. Za akt\u00edvne, kvalitn\u00e9 a\u00a0\u00faspe\u0161n\u00e9 vykon\u00e1vanie slu\u017eobn\u00fdch \u00faloh im prin\u00e1le\u017e\u00ed adekv\u00e1tna finan\u010dn\u00e1 odmena, ktor\u00e1 by im mala kompenzova\u0165 rizik\u00e1 a n\u00e1ro\u010dnos\u0165 policajn\u00e9ho povolania a zaru\u010di\u0165 zodpovedaj\u00facu kvalitu \u017eivota. Na z\u00e1klade toho je prim\u00e1rnym vedeck\u00fdm cie\u013eom predlo\u017eenej \u0161t\u00fadie evalv\u00e1cia kvality \u017eivota pr\u00edslu\u0161n\u00edkov Policajn\u00e9ho zboru v nadv\u00e4znosti na \u00farove\u0148 ich odme\u0148ovania v\u00a0kontexte aktu\u00e1lneho soci\u00e1lno-ekonomick\u00e9ho v\u00fdvoja v spolo\u010dnosti.<\/p>\n<p><strong>K\u013e\u00fa\u010dov\u00e9 slov\u00e1<\/strong>: Policajn\u00fd zbor, kvalita \u017eivota, policajt, spolo\u010dnos\u0165, odme\u0148ovanie.<\/p>\n<hr \/>\n<p><a href=\"https:\/\/veda.polac.cz\/?page_id=6436\">Zp\u011bt<\/a><\/p>\n","protected":false},"excerpt":{"rendered":"<p>Resum\u00e9 \u010dl\u00e1nku Evalv\u00e1cia kvality \u017eivota pr\u00edslu\u0161n\u00edkov Policajn\u00e9ho zboru z\u00a0poh\u013eadu \u00farovne ich odme\u0148ovania Ing. Radoslav Ivan\u010d\u00edk, PhD. et PhD., doc. Ing. \u013dubica Bari\u010di\u010dov\u00e1, PhD., Akad\u00e9mia Policajn\u00e9ho zboru v\u00a0Bratislave, Katedra informatiky a\u00a0mana\u017ementu Pr\u00edslu\u0161n\u00edci Policajn\u00e9ho zboru sa v\u00fdraznou mierou podie\u013eaj\u00fa na zaisten\u00ed bezpe\u010dnosti Slovenskej republiky a jej obyvate\u013eov. Za akt\u00edvne, kvalitn\u00e9 a\u00a0\u00faspe\u0161n\u00e9 vykon\u00e1vanie slu\u017eobn\u00fdch \u00faloh im prin\u00e1le\u017e\u00ed adekv\u00e1tna [&hellip;]<\/p>\n","protected":false},"author":6,"featured_media":0,"parent":0,"menu_order":0,"comment_status":"closed","ping_status":"closed","template":"","meta":{"footnotes":""},"class_list":["post-6439","page","type-page","status-publish","hentry"],"_links":{"self":[{"href":"https:\/\/veda.polac.cz\/index.php?rest_route=\/wp\/v2\/pages\/6439","targetHints":{"allow":["GET"]}}],"collection":[{"href":"https:\/\/veda.polac.cz\/index.php?rest_route=\/wp\/v2\/pages"}],"about":[{"href":"https:\/\/veda.polac.cz\/index.php?rest_route=\/wp\/v2\/types\/page"}],"author":[{"embeddable":true,"href":"https:\/\/veda.polac.cz\/index.php?rest_route=\/wp\/v2\/users\/6"}],"replies":[{"embeddable":true,"href":"https:\/\/veda.polac.cz\/index.php?rest_route=%2Fwp%2Fv2%2Fcomments&post=6439"}],"version-history":[{"count":2,"href":"https:\/\/veda.polac.cz\/index.php?rest_route=\/wp\/v2\/pages\/6439\/revisions"}],"predecessor-version":[{"id":6464,"href":"https:\/\/veda.polac.cz\/index.php?rest_route=\/wp\/v2\/pages\/6439\/revisions\/6464"}],"wp:attachment":[{"href":"https:\/\/veda.polac.cz\/index.php?rest_route=%2Fwp%2Fv2%2Fmedia&parent=6439"}],"curies":[{"name":"wp","href":"https:\/\/api.w.org\/{rel}","templated":true}]}}