{"id":6436,"date":"2021-07-09T12:23:25","date_gmt":"2021-07-09T12:23:25","guid":{"rendered":"https:\/\/veda.polac.cz\/?page_id=6436"},"modified":"2021-07-12T10:35:40","modified_gmt":"2021-07-12T10:35:40","slug":"02-2021","status":"publish","type":"page","link":"https:\/\/veda.polac.cz\/?page_id=6436","title":{"rendered":"02\/2021"},"content":{"rendered":"<p><a href=\"https:\/\/veda.polac.cz\/?page_id=6439\"><strong>Evalv\u00e1cia kvality \u017eivota pr\u00edslu\u0161n\u00edkov Policajn\u00e9ho zboru z poh\u013eadu <\/strong><strong>\u00farovne ich odme\u0148ovania<\/strong><\/a><br \/>Ing. Radoslav Ivan\u010d\u00edk, PhD. et PhD., doc. Ing. \u013dubica Bari\u010di\u010dov\u00e1, PhD.,<br \/>Akad\u00e9mia Policajn\u00e9ho zboru v\u00a0Bratislave, katedra informatiky a\u00a0mana\u017ementu<\/p>\n<p><a href=\"https:\/\/veda.polac.cz\/wp-content\/uploads\/2021\/07\/Evalvacia-kvality-zivota-prislusnikov-Policajneho-zboru-z-pohladu-urovne-ich-odmenovania.pdf\" target=\"_blank\" rel=\"noopener\">pdf form\u00e1t<\/a><\/p>\n<hr \/>\n<p><a href=\"https:\/\/veda.polac.cz\/?page_id=6441\"><strong>Probl\u00e9my determinace kybernetick\u00e9 bezpe\u010dnosti<\/strong><strong> v prost\u0159ed\u00ed <\/strong><strong>\u010cesk\u00e9 republiky \u2013 2. \u010d\u00e1st<\/strong><\/a><br \/>Ing. Miroslav \u010cerm\u00e1k, Policejn\u00ed akademie \u010cesk\u00e9 republiky v\u00a0Praze,<br \/>student doktorsk\u00e9ho studia<br \/>Dr. Zden\u011bk Kova\u0159\u00edk, CSc., Policejn\u00ed akademie \u010cesk\u00e9 republiky v\u00a0Praze,<br \/>odd\u011blen\u00ed v\u011bdy a v\u00fdzkumu<\/p>\n<p><a href=\"https:\/\/veda.polac.cz\/wp-content\/uploads\/2021\/07\/Problemy-determinace-urovne-kyberneticke-bezpecnosti-v-prostredi-Ceske-republiky-\u2013-2.-cast.pdf\" target=\"_blank\" rel=\"noopener\">pdf form\u00e1t<\/a><\/p>\n<hr \/>\n<p><a href=\"https:\/\/veda.polac.cz\/?page_id=6446\"><strong>Vyu\u017eit\u00ed poznatk\u016f z ochrany proti \u00fa\u010dink\u016fm nebezpe\u010dn\u00fdch l\u00e1tek a zbran\u00ed CBRN p\u0159i ochran\u011b p\u0159ed n\u00e1kazou COVID-19<\/strong><\/a><br \/>doc. Ing. Jozef Sabol, DrSc., doc. Ing. Otakar J. Mika, CSc., Ing. Lubom\u00edr Pol\u00edvka,<br \/>Policejn\u00ed akademie \u010cesk\u00e9 republiky v\u00a0Praze, Fakulta bezpe\u010dnostn\u00edho managementu,<br \/>katedra krizov\u00e9ho \u0159\u00edzen\u00ed<br \/>Ing. Bc. Marek \u010cand\u00edk, Ph.D., Policejn\u00ed akademie \u010cesk\u00e9 republiky v\u00a0Praze,<br \/>Fakulta bezpe\u010dnostn\u00edho managementu, katedra managementu a informatiky<\/p>\n<p><a href=\"https:\/\/veda.polac.cz\/wp-content\/uploads\/2021\/07\/Vyuziti-poznatku-z-ochrany-proti-ucinkum-nebezpecnych-latek-a-zbrani-CBRN-pri-ochrane-pred-nakazou-covid-19.pdf\" target=\"_blank\" rel=\"noopener\">pdf form\u00e1t<\/a><\/p>\n<hr \/>\n<p><a href=\"https:\/\/veda.polac.cz\/?page_id=6449\"><strong>T<\/strong><strong>echniky neutralizace a motivy trestn\u00e9 \u010dinnosti v\u011bzn\u011bn\u00fdch osob<\/strong><\/a><br \/>PhDr. Marcela Moulisov\u00e1, Ph.D., Policejn\u00ed akademie \u010cesk\u00e9 republiky v\u00a0Praze,<br \/>Fakulta bezpe\u010dnostn\u011b pr\u00e1vn\u00ed, katedra kriminologie<\/p>\n<p><a href=\"https:\/\/veda.polac.cz\/wp-content\/uploads\/2021\/07\/Techniky-neutralizace-a-motivy-trestne-cinnosti-veznenych-osob.pdf\" target=\"_blank\" rel=\"noopener\">pdf form\u00e1t<\/a><\/p>\n<hr \/>\n<p><a href=\"https:\/\/veda.polac.cz\/?page_id=6452\"><strong>Ozbrojen\u00e9 nest\u00e1tn\u00ed milice v\u00a0USA v\u00a0obdob\u00ed prezidenstv\u00ed Donalda Trumpa<\/strong><\/a><br \/>Bc. Martin Zilvar, Masarykova univerzita, Fakulta soci\u00e1ln\u00edch studi\u00ed,<br \/>katedra politologie<\/p>\n<p><a href=\"https:\/\/veda.polac.cz\/wp-content\/uploads\/2021\/07\/Ozbrojene-nestatni-milice-v-USA-v-obdobi-prezidenstvi-Donalda-Trumpa.pdf\" target=\"_blank\" rel=\"noopener\">pdf form\u00e1t<\/a><\/p>\n<hr \/>\n<p><a href=\"https:\/\/veda.polac.cz\/?page_id=6455\"><strong>Vybran\u00e9 aktu\u00e1ln\u00ed bezpe\u010dnostn\u00ed aspekty jadern\u00fdch zbran\u00ed a jadern\u00e9ho odzbrojen\u00ed<\/strong><\/a><br \/>doc. Ing. Otakar Ji\u0159\u00ed Mika, CSc., Policejn\u00ed akademie \u010cesk\u00e9 republiky v\u00a0Praze,<br \/>Fakulta bezpe\u010dnostn\u00edho managementu, katedra krizov\u00e9ho \u0159\u00edzen\u00ed<\/p>\n<p><a href=\"https:\/\/veda.polac.cz\/wp-content\/uploads\/2021\/07\/Vybrane-aktualni-bezpecnostni-aspekty-jadernych-zbrani-a-jaderneho-odzbrojeni.pdf\" target=\"_blank\" rel=\"noopener\">pdf form\u00e1t<\/a><\/p>\n<hr \/>\n<p><a href=\"https:\/\/veda.polac.cz\/?page_id=6458\"><strong>Kybernetick\u00e1 bezpe\u010dnost v\u00a0automobilov\u00e9m sektoru<\/strong><\/a><br \/>Mgr. Marek Rechtik, Masarykova univerzita v\u00a0Brn\u011b, Fakulta soci\u00e1ln\u00edch studi\u00ed,<br \/>student magistersk\u00e9ho studia<\/p>\n<p><a href=\"https:\/\/veda.polac.cz\/wp-content\/uploads\/2021\/07\/Kyberneticka-bezpecnost-v-automobilovem-sektoru.pdf\" target=\"_blank\" rel=\"noopener\">pdf form\u00e1t<\/a><\/p>\n<hr \/>\n<p><a href=\"https:\/\/veda.polac.cz\/?page_id=6461\"><strong>Vybran\u00e9 aspekty financov\u00e1n\u00ed krizov\u00e9ho \u0159\u00edzen\u00ed<\/strong><\/a><br \/>Mgr. Luk\u00e1\u0161 Harazin, Ph.D., Ing. Mgr. Leona Loufkov\u00e1, Mgr. Old\u0159ich Lu\u017ea,<br \/>Policejn\u00ed akademie \u010cesk\u00e9 republiky v\u00a0Praze, Fakulta bezpe\u010dnostn\u00edho managementu,<br \/>katedra krizov\u00e9ho \u0159\u00edzen\u00ed<\/p>\n<p><a href=\"https:\/\/veda.polac.cz\/wp-content\/uploads\/2021\/07\/Vybrane-aspekty-financovani-krizoveho-rizeni.pdf\" target=\"_blank\" rel=\"noopener\">pdf form\u00e1t<\/a><\/p>\n<hr \/>\n\n\n<p><\/p>\n","protected":false},"excerpt":{"rendered":"<p>Evalv\u00e1cia kvality \u017eivota pr\u00edslu\u0161n\u00edkov Policajn\u00e9ho zboru z poh\u013eadu \u00farovne ich odme\u0148ovaniaIng. Radoslav Ivan\u010d\u00edk, PhD. et PhD., doc. Ing. \u013dubica Bari\u010di\u010dov\u00e1, PhD.,Akad\u00e9mia Policajn\u00e9ho zboru v\u00a0Bratislave, katedra informatiky a\u00a0mana\u017ementu pdf form\u00e1t Probl\u00e9my determinace kybernetick\u00e9 bezpe\u010dnosti v prost\u0159ed\u00ed \u010cesk\u00e9 republiky \u2013 2. \u010d\u00e1stIng. Miroslav \u010cerm\u00e1k, Policejn\u00ed akademie \u010cesk\u00e9 republiky v\u00a0Praze,student doktorsk\u00e9ho studiaDr. Zden\u011bk Kova\u0159\u00edk, CSc., Policejn\u00ed akademie \u010cesk\u00e9 [&hellip;]<\/p>\n","protected":false},"author":6,"featured_media":0,"parent":0,"menu_order":0,"comment_status":"closed","ping_status":"closed","template":"","meta":{"footnotes":""},"class_list":["post-6436","page","type-page","status-publish","hentry"],"_links":{"self":[{"href":"https:\/\/veda.polac.cz\/index.php?rest_route=\/wp\/v2\/pages\/6436","targetHints":{"allow":["GET"]}}],"collection":[{"href":"https:\/\/veda.polac.cz\/index.php?rest_route=\/wp\/v2\/pages"}],"about":[{"href":"https:\/\/veda.polac.cz\/index.php?rest_route=\/wp\/v2\/types\/page"}],"author":[{"embeddable":true,"href":"https:\/\/veda.polac.cz\/index.php?rest_route=\/wp\/v2\/users\/6"}],"replies":[{"embeddable":true,"href":"https:\/\/veda.polac.cz\/index.php?rest_route=%2Fwp%2Fv2%2Fcomments&post=6436"}],"version-history":[{"count":12,"href":"https:\/\/veda.polac.cz\/index.php?rest_route=\/wp\/v2\/pages\/6436\/revisions"}],"predecessor-version":[{"id":6480,"href":"https:\/\/veda.polac.cz\/index.php?rest_route=\/wp\/v2\/pages\/6436\/revisions\/6480"}],"wp:attachment":[{"href":"https:\/\/veda.polac.cz\/index.php?rest_route=%2Fwp%2Fv2%2Fmedia&parent=6436"}],"curies":[{"name":"wp","href":"https:\/\/api.w.org\/{rel}","templated":true}]}}