{"id":6423,"date":"2021-04-23T12:04:28","date_gmt":"2021-04-23T12:04:28","guid":{"rendered":"http:\/\/veda.polac.cz\/?page_id=6423"},"modified":"2021-04-23T12:04:28","modified_gmt":"2021-04-23T12:04:28","slug":"6423-2","status":"publish","type":"page","link":"https:\/\/veda.polac.cz\/?page_id=6423&lang=en","title":{"rendered":""},"content":{"rendered":"<p style=\"text-align: center;\">Resume<\/p>\n<p><strong>Risk of population radon exposure and new opportunities of its monitoring<\/strong><br \/>\nIng. Ji\u0159\u00ed H\u016flka, Ing. Ivana Fojt\u00edkov\u00e1, Ing. Josef Voltr, CSc.,<br \/>\nIng. Karel J\u00edlek, National Radiation Protection Institute, Prague<br \/>\nIng. Martin Simandl, Ing. Ladislav Du\u0161ek, Ing. V\u00e1clav \u0158e\u0159icha, TESLA LLC, Prague<br \/>\ndoc. Ing. Jozef Sabol, DrSc., Police Academy of the Czech Republic in Prague, Faculty of Security Management, Department of Crisis Management<\/p>\n<p>The paper summarizes problems of population exposure in the Czech Republic as a consequence of natural background radiation, particularly its main component \u2013 radon exposure. The results of the radon programme in the Czech Republic and the recently developed detection technologies for measuring radon that are affordable to citizens and suitable as sensors for regulating the radon concentration in smart homes are briefly described. Even some results of monitoring carried out within the Czech Republic radon programme are presented.<br \/>\n<strong>Keywords: <\/strong>radon, population exposure, radon measurement.<\/p>\n<hr \/>\n<p><a href=\"https:\/\/veda.polac.cz\/?page_id=6395&amp;lang=en\">Back<\/a><\/p>\n","protected":false},"excerpt":{"rendered":"<p>Resume Risk of population radon exposure and new opportunities of its monitoring Ing. Ji\u0159\u00ed H\u016flka, Ing. Ivana Fojt\u00edkov\u00e1, Ing. Josef Voltr, CSc., Ing. Karel J\u00edlek, National Radiation Protection Institute, Prague Ing. Martin Simandl, Ing. Ladislav Du\u0161ek, Ing. V\u00e1clav \u0158e\u0159icha, TESLA LLC, Prague doc. Ing. Jozef Sabol, DrSc., Police Academy of the Czech Republic in Prague, [&hellip;]<\/p>\n","protected":false},"author":6,"featured_media":0,"parent":0,"menu_order":0,"comment_status":"closed","ping_status":"closed","template":"","meta":{"footnotes":""},"class_list":["post-6423","page","type-page","status-publish","hentry"],"_links":{"self":[{"href":"https:\/\/veda.polac.cz\/index.php?rest_route=\/wp\/v2\/pages\/6423","targetHints":{"allow":["GET"]}}],"collection":[{"href":"https:\/\/veda.polac.cz\/index.php?rest_route=\/wp\/v2\/pages"}],"about":[{"href":"https:\/\/veda.polac.cz\/index.php?rest_route=\/wp\/v2\/types\/page"}],"author":[{"embeddable":true,"href":"https:\/\/veda.polac.cz\/index.php?rest_route=\/wp\/v2\/users\/6"}],"replies":[{"embeddable":true,"href":"https:\/\/veda.polac.cz\/index.php?rest_route=%2Fwp%2Fv2%2Fcomments&post=6423"}],"version-history":[{"count":1,"href":"https:\/\/veda.polac.cz\/index.php?rest_route=\/wp\/v2\/pages\/6423\/revisions"}],"predecessor-version":[{"id":6424,"href":"https:\/\/veda.polac.cz\/index.php?rest_route=\/wp\/v2\/pages\/6423\/revisions\/6424"}],"wp:attachment":[{"href":"https:\/\/veda.polac.cz\/index.php?rest_route=%2Fwp%2Fv2%2Fmedia&parent=6423"}],"curies":[{"name":"wp","href":"https:\/\/api.w.org\/{rel}","templated":true}]}}