{"id":6418,"date":"2021-04-23T11:59:22","date_gmt":"2021-04-23T11:59:22","guid":{"rendered":"http:\/\/veda.polac.cz\/?page_id=6418"},"modified":"2021-04-23T11:59:22","modified_gmt":"2021-04-23T11:59:22","slug":"6418-2","status":"publish","type":"page","link":"https:\/\/veda.polac.cz\/?page_id=6418&lang=en","title":{"rendered":""},"content":{"rendered":"<p style=\"text-align: center;\">Resume<\/p>\n<p><strong>Possibilities of AED Activation in the Fire Protection Units Equipment<\/strong><br \/>\nIng. Roman \u0158\u00edha, Bc. Jana Fricov\u00e1, Mgr. Bc. Denisa Adami\u0161inov\u00e1, Marek \u0160t\u011bp\u00e1nek<br \/>\nCzech Technical University, Faculty of Biomedical Engineering, Department of Healthcare and Population Protection<\/p>\n<p>This topic is about the possibilities of activation of automatized external defibrillators AED in the fire protection units equipment. Every region of the Czech Republic has a different way as how to activate AED and there are no official regulations or procedures. We suggest an optimal way of how to activate units disposing of AED that would speed up time, before help gets to people with sudden cardiac arrest.<br \/>\n<strong>Keywords: <\/strong>AED, sudden cardiac arrest, first aid, fire protection unit, operational management, integrated rescue system.<\/p>\n<hr \/>\n<p><a href=\"https:\/\/veda.polac.cz\/?page_id=6395&amp;lang=en\">Back<\/a><\/p>\n","protected":false},"excerpt":{"rendered":"<p>Resume Possibilities of AED Activation in the Fire Protection Units Equipment Ing. Roman \u0158\u00edha, Bc. Jana Fricov\u00e1, Mgr. Bc. Denisa Adami\u0161inov\u00e1, Marek \u0160t\u011bp\u00e1nek Czech Technical University, Faculty of Biomedical Engineering, Department of Healthcare and Population Protection This topic is about the possibilities of activation of automatized external defibrillators AED in the fire protection units equipment. [&hellip;]<\/p>\n","protected":false},"author":6,"featured_media":0,"parent":0,"menu_order":0,"comment_status":"closed","ping_status":"closed","template":"","meta":{"footnotes":""},"class_list":["post-6418","page","type-page","status-publish","hentry"],"_links":{"self":[{"href":"https:\/\/veda.polac.cz\/index.php?rest_route=\/wp\/v2\/pages\/6418","targetHints":{"allow":["GET"]}}],"collection":[{"href":"https:\/\/veda.polac.cz\/index.php?rest_route=\/wp\/v2\/pages"}],"about":[{"href":"https:\/\/veda.polac.cz\/index.php?rest_route=\/wp\/v2\/types\/page"}],"author":[{"embeddable":true,"href":"https:\/\/veda.polac.cz\/index.php?rest_route=\/wp\/v2\/users\/6"}],"replies":[{"embeddable":true,"href":"https:\/\/veda.polac.cz\/index.php?rest_route=%2Fwp%2Fv2%2Fcomments&post=6418"}],"version-history":[{"count":1,"href":"https:\/\/veda.polac.cz\/index.php?rest_route=\/wp\/v2\/pages\/6418\/revisions"}],"predecessor-version":[{"id":6419,"href":"https:\/\/veda.polac.cz\/index.php?rest_route=\/wp\/v2\/pages\/6418\/revisions\/6419"}],"wp:attachment":[{"href":"https:\/\/veda.polac.cz\/index.php?rest_route=%2Fwp%2Fv2%2Fmedia&parent=6418"}],"curies":[{"name":"wp","href":"https:\/\/api.w.org\/{rel}","templated":true}]}}