{"id":6406,"date":"2021-04-23T11:24:11","date_gmt":"2021-04-23T11:24:11","guid":{"rendered":"http:\/\/veda.polac.cz\/?page_id=6406"},"modified":"2021-04-23T12:07:55","modified_gmt":"2021-04-23T12:07:55","slug":"6406-2","status":"publish","type":"page","link":"https:\/\/veda.polac.cz\/?page_id=6406&lang=en","title":{"rendered":""},"content":{"rendered":"<p style=\"text-align: center;\">Resume<\/p>\n<p><strong>The Implementation of the International Community\u00b4s Peaceoperations in the 21<sup>st<\/sup> Century<\/strong><br \/>\nMgr. Ji\u0159\u00ed V\u00ed\u0161ek, Ph.D., Faculty of Security Management, Department of Public Law<\/p>\n<p>The presented article comprehensively defines selected activities of\u00a0organizations that play a key role in ensuring global as well as regional security. The\u00a0main emphasis is on operations for the benefit of the United Nations. At the end of the presented article, the basic positive and negative are defined, which take into account the recent practice of operations for the benefit of the peace of the international community. Attention is also focused on the security activities of the European Union, as a key supranational organization that significantly influences the security policy of\u00a0individual member states, including the Czech Republic.<br \/>\n<strong>Keywords:<\/strong> European Union, conflict, International humanitarian law, International community, peacekeeping operations, The United Nations.<\/p>\n<hr \/>\n<p><a href=\"https:\/\/veda.polac.cz\/?page_id=6395&amp;lang=en\">Back<\/a><\/p>\n","protected":false},"excerpt":{"rendered":"<p>Resume The Implementation of the International Community\u00b4s Peaceoperations in the 21st Century Mgr. Ji\u0159\u00ed V\u00ed\u0161ek, Ph.D., Faculty of Security Management, Department of Public Law The presented article comprehensively defines selected activities of\u00a0organizations that play a key role in ensuring global as well as regional security. The\u00a0main emphasis is on operations for the benefit of the [&hellip;]<\/p>\n","protected":false},"author":6,"featured_media":0,"parent":0,"menu_order":0,"comment_status":"closed","ping_status":"closed","template":"","meta":{"footnotes":""},"class_list":["post-6406","page","type-page","status-publish","hentry"],"_links":{"self":[{"href":"https:\/\/veda.polac.cz\/index.php?rest_route=\/wp\/v2\/pages\/6406","targetHints":{"allow":["GET"]}}],"collection":[{"href":"https:\/\/veda.polac.cz\/index.php?rest_route=\/wp\/v2\/pages"}],"about":[{"href":"https:\/\/veda.polac.cz\/index.php?rest_route=\/wp\/v2\/types\/page"}],"author":[{"embeddable":true,"href":"https:\/\/veda.polac.cz\/index.php?rest_route=\/wp\/v2\/users\/6"}],"replies":[{"embeddable":true,"href":"https:\/\/veda.polac.cz\/index.php?rest_route=%2Fwp%2Fv2%2Fcomments&post=6406"}],"version-history":[{"count":1,"href":"https:\/\/veda.polac.cz\/index.php?rest_route=\/wp\/v2\/pages\/6406\/revisions"}],"predecessor-version":[{"id":6407,"href":"https:\/\/veda.polac.cz\/index.php?rest_route=\/wp\/v2\/pages\/6406\/revisions\/6407"}],"wp:attachment":[{"href":"https:\/\/veda.polac.cz\/index.php?rest_route=%2Fwp%2Fv2%2Fmedia&parent=6406"}],"curies":[{"name":"wp","href":"https:\/\/api.w.org\/{rel}","templated":true}]}}