{"id":6365,"date":"2021-04-19T08:29:47","date_gmt":"2021-04-19T08:29:47","guid":{"rendered":"http:\/\/veda.polac.cz\/?page_id=6365"},"modified":"2021-04-19T08:29:48","modified_gmt":"2021-04-19T08:29:48","slug":"6365-2","status":"publish","type":"page","link":"https:\/\/veda.polac.cz\/?page_id=6365","title":{"rendered":""},"content":{"rendered":"<p style=\"text-align: center;\">Resum\u00e9 \u010dl\u00e1nku<\/p>\n<p><strong>Probl\u00e9my determinace kybernetick\u00e9 bezpe\u010dnosti<\/strong> <strong>v\u00a0prost\u0159ed\u00ed \u010cesk\u00e9 republiky \u2013 1. \u010d\u00e1st<\/strong><\/p>\n<p><em>Ing. Miroslav \u010cerm\u00e1k<\/em>, <em>Policejn\u00ed akademie \u010cesk\u00e9 republiky v<\/em>\u00a0<em>Praze<\/em>, <em>katedra managementu a informatiky<\/em>, <em>student doktorsk\u00e9ho studia<\/em><br \/>\n<em>Dr. Zden\u011bk Kova\u0159\u00edk, CSc., Policejn\u00ed akademie \u010cesk\u00e9 republiky v\u00a0Praze, odd\u011blen\u00ed v\u011bdy a v\u00fdzkumu<\/em><\/p>\n<p>P\u0159edlo\u017een\u00fd \u010dl\u00e1nek prezentuje d\u00edl\u010d\u00ed v\u00fdsledky empirick\u00e9ho v\u00fdzkumu uskute\u010dn\u011bn\u00e9ho v\u00a0minul\u00e9m roce pracovn\u00edky PA \u010cR v\u00a0Praze s c\u00edlem ov\u011b\u0159it, zda existuje n\u011bjak\u00e1 v\u011bcn\u011b v\u00fdznamn\u00e1 z\u00e1vislost mezi velikost\u00ed organizace a sektorem organizace na jedn\u00e9 stran\u011b a bezpe\u010dnostn\u00edmi opat\u0159en\u00edmi, vektory \u00fatoku, incidenty, a obavami na stran\u011b druh\u00e9. Sb\u011br dat byl proveden formou dotazn\u00edkov\u00e9ho \u0161et\u0159en\u00ed mezi vybran\u00fdmi bezpe\u010dnostn\u00edmi experty nach\u00e1zej\u00edc\u00edmi se na pozici mana\u017eer informa\u010dn\u00ed bezpe\u010dnosti v\u00a0r\u016fzn\u00fdch organizac\u00edch v \u010cR. Vlastn\u00ed anal\u00fdza pak byla provedena za pou\u017eit\u00ed n\u00e1stroje IBM SPSS Modeler, Statistics a PASS. Akceptovateln\u00fd v\u011bcn\u011b v\u00fdznamn\u00fd vliv byl ov\u011b\u0159ov\u00e1n s\u00a0vyu\u017eit\u00edm m\u011br dat\u016fm adekv\u00e1tn\u00edch koeficient\u016f asymetrick\u00e9 asociace a\u00a0symetrick\u00e9ho indexu v\u011bcn\u00e9 v\u00fdznamnosti (Cohenovo w).<\/p>\n<p><strong>Kl\u00ed\u010dov\u00e1 slova: <\/strong>Kybernetick\u00e9 \u00fatoky, vektor \u00fatoku, bezpe\u010dnostn\u00ed opat\u0159en\u00ed, v\u00fdzkumn\u00fd p\u0159edpoklad, klasifika\u010dn\u00ed strom, koeficient asymetrick\u00e9 asociace, Goodman-Kruskalovo Tau, koeficient asymetrick\u00e9 asociace \u03b2, Cohen\u016fv index v\u011bcn\u00e9 v\u00fdznamnosti w.<\/p>\n<hr \/>\n<p><a href=\"https:\/\/veda.polac.cz\/?page_id=6355\">Zp\u011bt<\/a><\/p>\n","protected":false},"excerpt":{"rendered":"<p>Resum\u00e9 \u010dl\u00e1nku Probl\u00e9my determinace kybernetick\u00e9 bezpe\u010dnosti v\u00a0prost\u0159ed\u00ed \u010cesk\u00e9 republiky \u2013 1. \u010d\u00e1st Ing. Miroslav \u010cerm\u00e1k, Policejn\u00ed akademie \u010cesk\u00e9 republiky v\u00a0Praze, katedra managementu a informatiky, student doktorsk\u00e9ho studia Dr. Zden\u011bk Kova\u0159\u00edk, CSc., Policejn\u00ed akademie \u010cesk\u00e9 republiky v\u00a0Praze, odd\u011blen\u00ed v\u011bdy a v\u00fdzkumu P\u0159edlo\u017een\u00fd \u010dl\u00e1nek prezentuje d\u00edl\u010d\u00ed v\u00fdsledky empirick\u00e9ho v\u00fdzkumu uskute\u010dn\u011bn\u00e9ho v\u00a0minul\u00e9m roce pracovn\u00edky PA \u010cR v\u00a0Praze s [&hellip;]<\/p>\n","protected":false},"author":6,"featured_media":0,"parent":0,"menu_order":0,"comment_status":"closed","ping_status":"closed","template":"","meta":{"footnotes":""},"class_list":["post-6365","page","type-page","status-publish","hentry"],"_links":{"self":[{"href":"https:\/\/veda.polac.cz\/index.php?rest_route=\/wp\/v2\/pages\/6365","targetHints":{"allow":["GET"]}}],"collection":[{"href":"https:\/\/veda.polac.cz\/index.php?rest_route=\/wp\/v2\/pages"}],"about":[{"href":"https:\/\/veda.polac.cz\/index.php?rest_route=\/wp\/v2\/types\/page"}],"author":[{"embeddable":true,"href":"https:\/\/veda.polac.cz\/index.php?rest_route=\/wp\/v2\/users\/6"}],"replies":[{"embeddable":true,"href":"https:\/\/veda.polac.cz\/index.php?rest_route=%2Fwp%2Fv2%2Fcomments&post=6365"}],"version-history":[{"count":1,"href":"https:\/\/veda.polac.cz\/index.php?rest_route=\/wp\/v2\/pages\/6365\/revisions"}],"predecessor-version":[{"id":6368,"href":"https:\/\/veda.polac.cz\/index.php?rest_route=\/wp\/v2\/pages\/6365\/revisions\/6368"}],"wp:attachment":[{"href":"https:\/\/veda.polac.cz\/index.php?rest_route=%2Fwp%2Fv2%2Fmedia&parent=6365"}],"curies":[{"name":"wp","href":"https:\/\/api.w.org\/{rel}","templated":true}]}}