{"id":6355,"date":"2021-04-19T08:03:20","date_gmt":"2021-04-19T08:03:20","guid":{"rendered":"http:\/\/veda.polac.cz\/?page_id=6355"},"modified":"2021-07-09T12:04:20","modified_gmt":"2021-07-09T12:04:20","slug":"01-2021","status":"publish","type":"page","link":"https:\/\/veda.polac.cz\/?page_id=6355","title":{"rendered":"01\/2021"},"content":{"rendered":"<p><a href=\"https:\/\/veda.polac.cz\/?page_id=6359\"><strong>N\u00e1vrhy policist\u016f na zlep\u0161en\u00ed postihov\u00e1n\u00ed trestn\u00fdch \u010din\u016f z&nbsp;nen\u00e1visti<\/strong><\/a><br \/>\nMgr. V\u00e1clav Walach, Ph.D., In IUSTITIA, o.p.s., Univerzita Karlova, Filozofick\u00e1 fakulta, \u00dastav politologie<br \/>\nMgr. Kl\u00e1ra Kalibov\u00e1, Ph.D., In IUSTITIA, o.p.s.<br \/>\nMgr. Benjamin Petru\u017eelka, In IUSTITIA, o.p.s., Univerzita Karlova, 1. l\u00e9ka\u0159sk\u00e1 fakulta, Klinika adiktologie<br \/>\nMgr. Petr Kupka, Ph.D., In IUSTITIA, o.p.s., Z\u00e1pado\u010desk\u00e1 univerzita v Plzni, Fakulta filozofick\u00e1, katedra antropologie<\/p>\n<p><a href=\"https:\/\/veda.polac.cz\/wp-content\/uploads\/2021\/04\/Navrhy-policistu-na-zlepseni-postihovani-trestnych-cinu-z-nenavisti.pdf\" target=\"_blank\" rel=\"noopener noreferrer\">pdf format<\/a><\/p>\n<hr>\n<p><a href=\"https:\/\/veda.polac.cz\/?page_id=6363\"><strong>Realizace m\u00edrov\u00fdch operac\u00ed mezin\u00e1rodn\u00edho spole\u010denstv\u00ed ve 21. stolet\u00ed<\/strong><\/a><br \/>\nMgr. Ji\u0159\u00ed V\u00ed\u0161ek, Ph.D., Policejn\u00ed akademie \u010cesk\u00e9 republiky v&nbsp;Praze<br \/>\nFakulta bezpe\u010dnostn\u00edho managementu, katedra ve\u0159ejn\u00e9ho pr\u00e1va<\/p>\n<p><a href=\"https:\/\/veda.polac.cz\/wp-content\/uploads\/2021\/04\/Realizace-mirovych-operaci-mezinarodniho-spolecenstvi-ve-21.-stoleti.pdf\" target=\"_blank\" rel=\"noopener noreferrer\">pdf format<\/a><\/p>\n<hr>\n<p><a href=\"https:\/\/veda.polac.cz\/?page_id=6365\"><strong>Probl\u00e9my determinace kybernetick\u00e9 bezpe\u010dnosti<\/strong><strong> v prost\u0159ed\u00ed <\/strong><strong>\u010cesk\u00e9 republiky \u2013 1. \u010d\u00e1st<\/strong><\/a><br \/>\nIng. Miroslav \u010cerm\u00e1k, Policejn\u00ed akademie \u010cesk\u00e9 republiky v Praze<br \/>\nstudent doktorsk\u00e9ho studia<br \/>\nDr. Zden\u011bk Kova\u0159\u00edk, CSc., Policejn\u00ed akademie \u010cesk\u00e9 republiky v Praze<br \/>\nodd\u011blen\u00ed v\u011bdy a v\u00fdzkumu<\/p>\n<p><a href=\"https:\/\/veda.polac.cz\/wp-content\/uploads\/2021\/04\/Problemy-determinace-kyberneticke-bezpecnosti-v-prostredi-Ceske-republiky-\u2013-1.-cast.pdf\" target=\"_blank\" rel=\"noopener noreferrer\">pdf format<\/a><\/p>\n<hr>\n<p><a href=\"https:\/\/veda.polac.cz\/?page_id=6370\"><strong>K<\/strong><strong>riminalistick\u00e9 aspekty odhalov\u00e1n\u00ed, prov\u011b\u0159ov\u00e1n\u00ed a vy\u0161et\u0159ov\u00e1n\u00ed <\/strong><strong>po\u010d\u00edta\u010dov\u00e9 mravnostn\u00ed kriminality<\/strong><\/a><br \/>\nPhDr. Marek Hejduk, MBA, Policejn\u00ed akademie \u010cesk\u00e9 republiky v&nbsp;Praze<br \/>\nstudent doktorsk\u00e9ho studia<\/p>\n<p><a href=\"https:\/\/veda.polac.cz\/wp-content\/uploads\/2021\/04\/Kriminalisticke-aspekty-odhalovani-proverovani-a-vysetrovani-pocitacove-mravnostni-kriminality.pdf\" target=\"_blank\" rel=\"noopener noreferrer\">pdf format<\/a><\/p>\n<hr>\n<p><a href=\"https:\/\/veda.polac.cz\/?page_id=6373\"><strong>Ideological Security of the Contemporary State<\/strong> <strong>in the Polish Scientific and Research Space \u2013 Theoretical Aspects<\/strong><\/a><br \/>\ndr Pawe\u0142 \u0141ubi\u0144ski, Pedagogical University of Krakow<br \/>\nInstitute of Security Sciences, R. Ingardena 4, 30-060 Krakow, Poland<\/p>\n<p><a href=\"https:\/\/veda.polac.cz\/wp-content\/uploads\/2021\/04\/Ideological-Security-of-the-Contemporary-State-in-the-Polish-Scientific-and-Research-Space-\u2013-Theoretical-Aspects.pdf\" target=\"_blank\" rel=\"noopener noreferrer\">pdf format<\/a><\/p>\n<hr>\n<p><a href=\"https:\/\/veda.polac.cz\/?page_id=6377\"><strong>Mo\u017enosti aktivace AED ve v\u00fdzbroji jednotek po\u017e\u00e1rn\u00ed ochrany<\/strong><\/a><br \/>\nIng. Roman \u0158\u00edha, Bc. Jana Fricov\u00e1, Mgr. Bc. Denisa Adami\u0161inov\u00e1, Marek \u0160t\u011bp\u00e1nek, \u010cesk\u00e9 vysok\u00e9 u\u010den\u00ed technick\u00e9 v Praze, Fakulta biomedic\u00ednsk\u00e9ho in\u017een\u00fdrstv\u00ed, katedra zdravotnick\u00fdch obor\u016f a ochrany obyvatelstva<\/p>\n<p><a href=\"https:\/\/veda.polac.cz\/wp-content\/uploads\/2021\/04\/Moznosti-aktivace-AED-ve-vyzbroji-jednotek-pozarni-ochrany.pdf\" target=\"_blank\" rel=\"noopener noreferrer\">pdf format<\/a><\/p>\n<hr>\n<p><a href=\"https:\/\/veda.polac.cz\/?page_id=6380\"><strong>Ekonomick\u00fd pohled na kriminalitu souvisej\u00edc\u00ed se slibovan\u00fdm zhodnocen\u00edm pen\u011b\u017en\u00edch prost\u0159edk\u016f<br \/>\nvia obchod\u016f s CFD<\/strong><\/a><br \/>\ndoc. Ing. Jaroslav Brada, Dr., Vysok\u00e1 \u0161kola ekonomick\u00e1 v&nbsp;Praze<br \/>\nFakulta financ\u00ed a \u00fa\u010detnictv\u00ed, katedra m\u011bnov\u00e9 teorie a politiky<\/p>\n<p><a href=\"https:\/\/veda.polac.cz\/wp-content\/uploads\/2021\/04\/Ekonomicky-pohled-na-kriminalitu-souvisejici-se-slibovanym-zhodnocenim-peneznich-prostredku.pdf\" target=\"_blank\" rel=\"noopener noreferrer\">pdf format<\/a><\/p>\n<hr>\n<p><a href=\"https:\/\/veda.polac.cz\/?page_id=6382\"><strong>Riziko oz\u00e1\u0159en\u00ed obyvatel radonem a n\u011bkter\u00e9 nov\u00e9 mo\u017enosti jeho monitorov\u00e1n\u00ed<\/strong><\/a><br \/>\nIng. Ji\u0159\u00ed H\u016flka, Ing. Ivana Fojt\u00edkov\u00e1, Ing. Josef Voltr, CSc., Ing. Karel J\u00edlek<br \/>\nSt\u00e1tn\u00ed \u00fastav radia\u010dn\u00ed ochrany, v.v.i., Praha<br \/>\nIng. Martin Simandl, Ing. Ladislav Du\u0161ek, Ing. V\u00e1clav \u0158e\u0159icha, TESLA, s.r.o., Praha<br \/>\ndoc. Ing. Jozef Sabol, DrSc., Policejn\u00ed akademie \u010cesk\u00e9 republiky v&nbsp;Praze<br \/>\nFakulta bezpe\u010dnostn\u00edho managementu, katedra krizov\u00e9ho \u0159\u00edzen\u00ed<\/p>\n<p><a href=\"https:\/\/veda.polac.cz\/wp-content\/uploads\/2021\/04\/Riziko-ozareni-obyvatel-radonem-a-nektere-nove-moznosti-jeho-monitorovani.pdf\" target=\"_blank\" rel=\"noopener noreferrer\">pdf format<\/a><\/p>\n<hr>\n","protected":false},"excerpt":{"rendered":"<p>N\u00e1vrhy policist\u016f na zlep\u0161en\u00ed postihov\u00e1n\u00ed trestn\u00fdch \u010din\u016f z&nbsp;nen\u00e1visti Mgr. V\u00e1clav Walach, Ph.D., In IUSTITIA, o.p.s., Univerzita Karlova, Filozofick\u00e1 fakulta, \u00dastav politologie Mgr. Kl\u00e1ra Kalibov\u00e1, Ph.D., In IUSTITIA, o.p.s. Mgr. Benjamin Petru\u017eelka, In IUSTITIA, o.p.s., Univerzita Karlova, 1. l\u00e9ka\u0159sk\u00e1 fakulta, Klinika adiktologie Mgr. Petr Kupka, Ph.D., In IUSTITIA, o.p.s., Z\u00e1pado\u010desk\u00e1 univerzita v Plzni, Fakulta filozofick\u00e1, katedra [&hellip;]<\/p>\n","protected":false},"author":6,"featured_media":0,"parent":0,"menu_order":0,"comment_status":"closed","ping_status":"closed","template":"","meta":{"footnotes":""},"class_list":["post-6355","page","type-page","status-publish","hentry"],"_links":{"self":[{"href":"https:\/\/veda.polac.cz\/index.php?rest_route=\/wp\/v2\/pages\/6355","targetHints":{"allow":["GET"]}}],"collection":[{"href":"https:\/\/veda.polac.cz\/index.php?rest_route=\/wp\/v2\/pages"}],"about":[{"href":"https:\/\/veda.polac.cz\/index.php?rest_route=\/wp\/v2\/types\/page"}],"author":[{"embeddable":true,"href":"https:\/\/veda.polac.cz\/index.php?rest_route=\/wp\/v2\/users\/6"}],"replies":[{"embeddable":true,"href":"https:\/\/veda.polac.cz\/index.php?rest_route=%2Fwp%2Fv2%2Fcomments&post=6355"}],"version-history":[{"count":11,"href":"https:\/\/veda.polac.cz\/index.php?rest_route=\/wp\/v2\/pages\/6355\/revisions"}],"predecessor-version":[{"id":6437,"href":"https:\/\/veda.polac.cz\/index.php?rest_route=\/wp\/v2\/pages\/6355\/revisions\/6437"}],"wp:attachment":[{"href":"https:\/\/veda.polac.cz\/index.php?rest_route=%2Fwp%2Fv2%2Fmedia&parent=6355"}],"curies":[{"name":"wp","href":"https:\/\/api.w.org\/{rel}","templated":true}]}}