{"id":635,"date":"2018-09-13T18:48:27","date_gmt":"2018-09-13T18:48:27","guid":{"rendered":"http:\/\/veda.polac.cz\/?page_id=635"},"modified":"2018-10-27T18:53:05","modified_gmt":"2018-10-27T18:53:05","slug":"1-2","status":"publish","type":"page","link":"https:\/\/veda.polac.cz\/?page_id=635","title":{"rendered":""},"content":{"rendered":"<p style=\"text-align: center;\">Resum\u00e9 \u010dl\u00e1nku<\/p>\n<p><strong>Anal\u00fdza v\u00fdsledk\u016f celo\u017eivotn\u00edho vzd\u011bl\u00e1v\u00e1n\u00ed na Policejn\u00ed akademii \u010cesk\u00e9 republiky v Praze v pr\u016fb\u011bhu posledn\u00edch t\u0159\u00ed akademick\u00fdch obdob\u00ed<br \/>\n<\/strong><i>Dr. Zden\u011bk Kova\u0159\u00edk, CSc., odd\u011blen\u00ed v\u011bdy a v\u00fdzkumu PA \u010cR v Praze,<br \/>\nMgr. Jarmila Chvostkov\u00e1, odd\u011blen\u00ed celo\u017eivotn\u00edho vzd\u011bl\u00e1v\u00e1n\u00ed<\/i><\/p>\n<p>P\u0159edlo\u017een\u00fd \u010dl\u00e1nek se soust\u0159e\u010fuje na anal\u00fdzu v\u00fdsledk\u016f celo\u017eivotn\u00edho vzd\u011bl\u00e1v\u00e1n\u00ed na PA \u010cR. Analyzovan\u00e1 data byla z\u00edsk\u00e1na dotazn\u00edkov\u00fdm \u0161et\u0159en\u00edm u absolvent\u016f jednotliv\u00fdch kurz\u016f v obdob\u00ed 2012\/2013; 2013\/2014 a 2014\/2015. Na z\u00e1klad\u011b deskriptivn\u00ed statistick\u00e9 anal\u00fdzy byly zji\u0161t\u011bny absolutn\u00ed a relativn\u00ed \u010detnosti kategorizovan\u00fdch dat za obdob\u00ed 2014\/2015. Stanoven\u00ed pozice jednotliv\u00fdch kurz\u016f v obdob\u00ed 2014\/2015 v r\u00e1mci dosa\u017een\u00fdch bod\u016f celkov\u00e9ho pr\u016fm\u011brn\u00e9ho v\u00e1\u017een\u00e9ho sk\u00f3re bylo uskute\u010dn\u011bno s vyu\u017eit\u00edm regresn\u00edho stromu. S vyu\u017eit\u00edm Koeficientu ?, Goodman-Kruskal tau a indexu v\u011bcn\u00e9 v\u00fdznamnosti (Cohenovo w a d) byl ov\u011b\u0159en v\u00fdzkumn\u00fd p\u0159edpoklad o lep\u0161\u00edm hodnocen\u00ed podstatn\u00fdch str\u00e1nek hodnocen\u00fdch kurz\u016f v obdob\u00ed 2013\/2014 oproti p\u0159edch\u00e1zej\u00edc\u00edmu obdob\u00ed 2012\/2013.<br \/>\n<strong>Kl\u00ed\u010dov\u00e1 slova:<\/strong>\u00a0Kurzy celo\u017eivotn\u00edho vzd\u011bl\u00e1v\u00e1n\u00ed, deskriptivn\u00ed statistick\u00e1 anal\u00fdza, regresn\u00ed strom, v\u011bcn\u00e1 v\u00fdznamnost, koeficient ?, Goodman-Kruskalovo tau, Cohenovo &#8222;w&#8220; a &#8222;d&#8220;.<\/p>\n<p><a href=\"https:\/\/veda.polac.cz\/?page_id=648\">03\/2015<\/a><\/p>\n","protected":false},"excerpt":{"rendered":"<p>Resum\u00e9 \u010dl\u00e1nku Anal\u00fdza v\u00fdsledk\u016f celo\u017eivotn\u00edho vzd\u011bl\u00e1v\u00e1n\u00ed na Policejn\u00ed akademii \u010cesk\u00e9 republiky v Praze v pr\u016fb\u011bhu posledn\u00edch t\u0159\u00ed akademick\u00fdch obdob\u00ed Dr. Zden\u011bk Kova\u0159\u00edk, CSc., odd\u011blen\u00ed v\u011bdy a v\u00fdzkumu PA \u010cR v Praze, Mgr. Jarmila Chvostkov\u00e1, odd\u011blen\u00ed celo\u017eivotn\u00edho vzd\u011bl\u00e1v\u00e1n\u00ed P\u0159edlo\u017een\u00fd \u010dl\u00e1nek se soust\u0159e\u010fuje na anal\u00fdzu v\u00fdsledk\u016f celo\u017eivotn\u00edho vzd\u011bl\u00e1v\u00e1n\u00ed na PA \u010cR. Analyzovan\u00e1 data byla z\u00edsk\u00e1na dotazn\u00edkov\u00fdm \u0161et\u0159en\u00edm [&hellip;]<\/p>\n","protected":false},"author":2,"featured_media":0,"parent":648,"menu_order":1,"comment_status":"closed","ping_status":"closed","template":"","meta":{"footnotes":""},"class_list":["post-635","page","type-page","status-publish","hentry"],"_links":{"self":[{"href":"https:\/\/veda.polac.cz\/index.php?rest_route=\/wp\/v2\/pages\/635","targetHints":{"allow":["GET"]}}],"collection":[{"href":"https:\/\/veda.polac.cz\/index.php?rest_route=\/wp\/v2\/pages"}],"about":[{"href":"https:\/\/veda.polac.cz\/index.php?rest_route=\/wp\/v2\/types\/page"}],"author":[{"embeddable":true,"href":"https:\/\/veda.polac.cz\/index.php?rest_route=\/wp\/v2\/users\/2"}],"replies":[{"embeddable":true,"href":"https:\/\/veda.polac.cz\/index.php?rest_route=%2Fwp%2Fv2%2Fcomments&post=635"}],"version-history":[{"count":3,"href":"https:\/\/veda.polac.cz\/index.php?rest_route=\/wp\/v2\/pages\/635\/revisions"}],"predecessor-version":[{"id":671,"href":"https:\/\/veda.polac.cz\/index.php?rest_route=\/wp\/v2\/pages\/635\/revisions\/671"}],"up":[{"embeddable":true,"href":"https:\/\/veda.polac.cz\/index.php?rest_route=\/wp\/v2\/pages\/648"}],"wp:attachment":[{"href":"https:\/\/veda.polac.cz\/index.php?rest_route=%2Fwp%2Fv2%2Fmedia&parent=635"}],"curies":[{"name":"wp","href":"https:\/\/api.w.org\/{rel}","templated":true}]}}