{"id":631,"date":"2018-09-13T18:40:55","date_gmt":"2018-09-13T18:40:55","guid":{"rendered":"http:\/\/veda.polac.cz\/?page_id=631"},"modified":"2018-10-27T18:53:04","modified_gmt":"2018-10-27T18:53:04","slug":"9-2","status":"publish","type":"page","link":"https:\/\/veda.polac.cz\/?page_id=631","title":{"rendered":""},"content":{"rendered":"<p style=\"text-align: center;\">Resum\u00e9 \u010dl\u00e1nku<\/p>\n<p><strong>Pohled na kriminalitu za pomoci syst\u00e9mu ESSK<br \/>\n<\/strong><i>Mgr. Martin Ko\u0148a\u0159\u00edk, Odbor bezpe\u010dnostn\u00ed politiky a prevence kriminality MV \u010cR, katedra demografie a geodemografie P\u0159\u00edrodov\u011bdeck\u00e9 fakulty UK v Praze<\/p>\n<p><\/i>Syst\u00e9m ESSK umo\u017e\u0148uje pod\u00edvat se na r\u016fzn\u00e9 aspekty zji\u0161t\u011bn\u00e9 kriminality. Poskytuje t\u00e9\u017e \u0161irokou \u0161k\u00e1lu informac\u00ed o pachatel\u00edch trestn\u00e9 \u010dinnosti. P\u0159\u00edsp\u011bvek se zab\u00fdv\u00e1 popisem n\u011bkter\u00fdch zaj\u00edmav\u00fdch ukazatel\u016f, kter\u00e9 umo\u017e\u0148uje syst\u00e9m ESSK sledovat a zvl\u00e1\u0161t\u011b se zam\u011b\u0159uje na ty informace, kter\u00e9 nejsou obvykle publikov\u00e1ny. Struktura kriminality v posledn\u00edch letech proch\u00e1z\u00ed dynamick\u00fdm v\u00fdvojem. Doch\u00e1z\u00ed jednak ke zvy\u0161ov\u00e1n\u00ed pod\u00edlu \u017een na zji\u0161t\u011bn\u00fdch pachatel\u00edch, a tak\u00e9 k celkov\u00e9mu st\u00e1rnut\u00ed zji\u0161t\u011bn\u00fdch pachatel\u016f. V budoucnu tak bude nutn\u00e9 p\u0159izp\u016fsobit cel\u00fd syst\u00e9m na tyto nov\u00e9 okolnosti. Celkov\u011b v\u0161ak doch\u00e1z\u00ed k poklesu kvality dat v cel\u00e9m syst\u00e9mu.<br \/>\n<strong>Kl\u00ed\u010dov\u00e1 slova:<\/strong>\u00a0ESSK, kriminalita, \u017eeny, st\u00e1rnut\u00ed, soci\u00e1ln\u00ed postaven\u00ed.<i><br \/>\n<\/i><\/p>\n<p><a href=\"https:\/\/veda.polac.cz\/?page_id=610\">04\/2015<\/a><\/p>\n","protected":false},"excerpt":{"rendered":"<p>Resum\u00e9 \u010dl\u00e1nku Pohled na kriminalitu za pomoci syst\u00e9mu ESSK Mgr. Martin Ko\u0148a\u0159\u00edk, Odbor bezpe\u010dnostn\u00ed politiky a prevence kriminality MV \u010cR, katedra demografie a geodemografie P\u0159\u00edrodov\u011bdeck\u00e9 fakulty UK v Praze Syst\u00e9m ESSK umo\u017e\u0148uje pod\u00edvat se na r\u016fzn\u00e9 aspekty zji\u0161t\u011bn\u00e9 kriminality. Poskytuje t\u00e9\u017e \u0161irokou \u0161k\u00e1lu informac\u00ed o pachatel\u00edch trestn\u00e9 \u010dinnosti. P\u0159\u00edsp\u011bvek se zab\u00fdv\u00e1 popisem n\u011bkter\u00fdch zaj\u00edmav\u00fdch ukazatel\u016f, [&hellip;]<\/p>\n","protected":false},"author":2,"featured_media":0,"parent":610,"menu_order":9,"comment_status":"closed","ping_status":"closed","template":"","meta":{"footnotes":""},"class_list":["post-631","page","type-page","status-publish","hentry"],"_links":{"self":[{"href":"https:\/\/veda.polac.cz\/index.php?rest_route=\/wp\/v2\/pages\/631","targetHints":{"allow":["GET"]}}],"collection":[{"href":"https:\/\/veda.polac.cz\/index.php?rest_route=\/wp\/v2\/pages"}],"about":[{"href":"https:\/\/veda.polac.cz\/index.php?rest_route=\/wp\/v2\/types\/page"}],"author":[{"embeddable":true,"href":"https:\/\/veda.polac.cz\/index.php?rest_route=\/wp\/v2\/users\/2"}],"replies":[{"embeddable":true,"href":"https:\/\/veda.polac.cz\/index.php?rest_route=%2Fwp%2Fv2%2Fcomments&post=631"}],"version-history":[{"count":2,"href":"https:\/\/veda.polac.cz\/index.php?rest_route=\/wp\/v2\/pages\/631\/revisions"}],"predecessor-version":[{"id":641,"href":"https:\/\/veda.polac.cz\/index.php?rest_route=\/wp\/v2\/pages\/631\/revisions\/641"}],"up":[{"embeddable":true,"href":"https:\/\/veda.polac.cz\/index.php?rest_route=\/wp\/v2\/pages\/610"}],"wp:attachment":[{"href":"https:\/\/veda.polac.cz\/index.php?rest_route=%2Fwp%2Fv2%2Fmedia&parent=631"}],"curies":[{"name":"wp","href":"https:\/\/api.w.org\/{rel}","templated":true}]}}