{"id":6276,"date":"2021-03-04T09:18:26","date_gmt":"2021-03-04T09:18:26","guid":{"rendered":"http:\/\/veda.polac.cz\/?page_id=6276"},"modified":"2021-03-04T09:18:26","modified_gmt":"2021-03-04T09:18:26","slug":"6276-2","status":"publish","type":"page","link":"https:\/\/veda.polac.cz\/?page_id=6276","title":{"rendered":""},"content":{"rendered":"<p style=\"text-align: center;\">Resum\u00e9 \u010dl\u00e1nku<\/p>\n<p><strong>Sou\u010dasnost a budoucnost policejn\u00edho vzd\u011bl\u00e1v\u00e1n\u00ed<\/strong><\/p>\n<p>major JUDr. Petra Hofmanov\u00e1, Policejn\u00ed akademie \u010cesk\u00e9 republiky v\u00a0Praze, studentka doktorsk\u00e9ho studia<\/p>\n<p>\u010cl\u00e1nek p\u0159in\u00e1\u0161\u00ed informace k\u00a0policejn\u00edmu vzd\u011bl\u00e1v\u00e1n\u00ed tak, jak je v\u00a0sou\u010dasn\u00e9 dob\u011b v\u00a0Policii \u010cR realizov\u00e1no. Krom\u011b informac\u00ed se sna\u017e\u00ed navrhnout mo\u017en\u00e1 \u0159e\u0161en\u00ed n\u011bkter\u00fdch aktu\u00e1ln\u00edch probl\u00e9m\u016f, se kter\u00fdmi se policejn\u00ed vzd\u011bl\u00e1v\u00e1n\u00ed pot\u00fdk\u00e1. Autorka si je v\u0161ak v\u011bdoma slo\u017eitosti cel\u00e9ho procesu, kdy vzd\u011bl\u00e1v\u00e1n\u00ed mus\u00ed reagovat na neust\u00e1le m\u011bn\u00edc\u00ed se situaci v\u00a0Policii \u010cR, zejm\u00e9na na zm\u011bny v\u00a0po\u010detn\u00edch stavech a organizaci policie jako celku, stejn\u011b jako na zm\u011bny ve spole\u010dnosti a aktu\u00e1ln\u00ed bezpe\u010dnostn\u00ed hrozby a\u00a0rizika.<\/p>\n<p><strong>Kl\u00ed\u010dov\u00e1 slova: <\/strong>policejn\u00ed vzd\u011bl\u00e1v\u00e1n\u00ed, kvalifikace, odbornost, z\u00e1kladn\u00ed a navazuj\u00edc\u00ed vzd\u011bl\u00e1v\u00e1n\u00ed.<\/p>\n<hr \/>\n<p><a href=\"https:\/\/veda.polac.cz\/?page_id=6253\">Zp\u011bt<\/a><\/p>\n","protected":false},"excerpt":{"rendered":"<p>Resum\u00e9 \u010dl\u00e1nku Sou\u010dasnost a budoucnost policejn\u00edho vzd\u011bl\u00e1v\u00e1n\u00ed major JUDr. Petra Hofmanov\u00e1, Policejn\u00ed akademie \u010cesk\u00e9 republiky v\u00a0Praze, studentka doktorsk\u00e9ho studia \u010cl\u00e1nek p\u0159in\u00e1\u0161\u00ed informace k\u00a0policejn\u00edmu vzd\u011bl\u00e1v\u00e1n\u00ed tak, jak je v\u00a0sou\u010dasn\u00e9 dob\u011b v\u00a0Policii \u010cR realizov\u00e1no. Krom\u011b informac\u00ed se sna\u017e\u00ed navrhnout mo\u017en\u00e1 \u0159e\u0161en\u00ed n\u011bkter\u00fdch aktu\u00e1ln\u00edch probl\u00e9m\u016f, se kter\u00fdmi se policejn\u00ed vzd\u011bl\u00e1v\u00e1n\u00ed pot\u00fdk\u00e1. Autorka si je v\u0161ak v\u011bdoma slo\u017eitosti cel\u00e9ho [&hellip;]<\/p>\n","protected":false},"author":6,"featured_media":0,"parent":0,"menu_order":0,"comment_status":"closed","ping_status":"closed","template":"","meta":{"footnotes":""},"class_list":["post-6276","page","type-page","status-publish","hentry"],"_links":{"self":[{"href":"https:\/\/veda.polac.cz\/index.php?rest_route=\/wp\/v2\/pages\/6276","targetHints":{"allow":["GET"]}}],"collection":[{"href":"https:\/\/veda.polac.cz\/index.php?rest_route=\/wp\/v2\/pages"}],"about":[{"href":"https:\/\/veda.polac.cz\/index.php?rest_route=\/wp\/v2\/types\/page"}],"author":[{"embeddable":true,"href":"https:\/\/veda.polac.cz\/index.php?rest_route=\/wp\/v2\/users\/6"}],"replies":[{"embeddable":true,"href":"https:\/\/veda.polac.cz\/index.php?rest_route=%2Fwp%2Fv2%2Fcomments&post=6276"}],"version-history":[{"count":1,"href":"https:\/\/veda.polac.cz\/index.php?rest_route=\/wp\/v2\/pages\/6276\/revisions"}],"predecessor-version":[{"id":6277,"href":"https:\/\/veda.polac.cz\/index.php?rest_route=\/wp\/v2\/pages\/6276\/revisions\/6277"}],"wp:attachment":[{"href":"https:\/\/veda.polac.cz\/index.php?rest_route=%2Fwp%2Fv2%2Fmedia&parent=6276"}],"curies":[{"name":"wp","href":"https:\/\/api.w.org\/{rel}","templated":true}]}}