{"id":6274,"date":"2021-03-04T09:09:06","date_gmt":"2021-03-04T09:09:06","guid":{"rendered":"http:\/\/veda.polac.cz\/?page_id=6274"},"modified":"2021-03-04T09:09:07","modified_gmt":"2021-03-04T09:09:07","slug":"6274-2","status":"publish","type":"page","link":"https:\/\/veda.polac.cz\/?page_id=6274","title":{"rendered":""},"content":{"rendered":"<p style=\"text-align: center;\">Resum\u00e9 \u010dl\u00e1nku<\/p>\n<p><strong>\u00daskal\u00ed \u0159\u00edzen\u00ed technick\u00fdch zranitelnost\u00ed<\/strong><\/p>\n<p>Ing. Miroslav \u010cerm\u00e1k, Policejn\u00ed akademie \u010cesk\u00e9 republiky v\u00a0Praze, student doktorsk\u00e9ho studia<\/p>\n<p>\u010cl\u00e1nek popisuje, co je to zranitelnost, jak\u00fd je \u017eivotn\u00ed cyklus zranitelnosti, jak zranitelnost vznik\u00e1, jak\u00fd vztah mezi zranitelnost\u00ed, exploitem a patchem a charakterizuje 6 mo\u017en\u00fdch stav\u016f. D\u00e1le uv\u00e1d\u00ed, pro\u010d je mo\u017en\u00e9 p\u0159i hodnocen\u00ed z\u00e1va\u017enosti zranitelnosti dle metodiky CVSSv2 a CVSSv3 dosp\u011bt k velmi rozd\u00edln\u00fdm v\u00fdsledk\u016fm, a jak po\u010det zranitelnost\u00ed prudce vzrostl, zat\u00edmco z\u00e1va\u017enost samotn\u00e9 zranitelnosti dlouhodob\u011b sm\u011b\u0159uje k jist\u00e9mu rovnom\u011brn\u00e9mu rozlo\u017een\u00ed. V neposledn\u00ed \u0159ad\u011b je pak uvedeno, \u017ee\u00a0v\u00a0r\u00e1mci \u0159\u00edzen\u00ed zranitelnost\u00ed je nutn\u00e9 p\u0159istoupit k po\u010dtu zranitelnost\u00ed uv\u00e1d\u011bn\u00fdch v\u00a0datab\u00e1z\u00edch zranitelnost\u00ed CVE\/NVD a VulnDB se zna\u010dnou rezervou, nebo\u0165 uveden\u00e9 po\u010dty zranitelnost\u00ed jsou zna\u010dn\u011b zav\u00e1d\u011bj\u00edc\u00ed.<\/p>\n<p><strong>Kl\u00ed\u010dov\u00e1 slova:<\/strong> zranitelnost, exploit, \u017eivotn\u00ed cyklus zranitelnosti, datab\u00e1ze zranitelnost\u00ed, \u0159\u00edzen\u00ed technick\u00fdch zranitelnost\u00ed.<\/p>\n<hr \/>\n<p><a href=\"https:\/\/veda.polac.cz\/?page_id=6253\">Zp\u011bt<\/a><\/p>\n","protected":false},"excerpt":{"rendered":"<p>Resum\u00e9 \u010dl\u00e1nku \u00daskal\u00ed \u0159\u00edzen\u00ed technick\u00fdch zranitelnost\u00ed Ing. Miroslav \u010cerm\u00e1k, Policejn\u00ed akademie \u010cesk\u00e9 republiky v\u00a0Praze, student doktorsk\u00e9ho studia \u010cl\u00e1nek popisuje, co je to zranitelnost, jak\u00fd je \u017eivotn\u00ed cyklus zranitelnosti, jak zranitelnost vznik\u00e1, jak\u00fd vztah mezi zranitelnost\u00ed, exploitem a patchem a charakterizuje 6 mo\u017en\u00fdch stav\u016f. D\u00e1le uv\u00e1d\u00ed, pro\u010d je mo\u017en\u00e9 p\u0159i hodnocen\u00ed z\u00e1va\u017enosti zranitelnosti dle metodiky CVSSv2 [&hellip;]<\/p>\n","protected":false},"author":6,"featured_media":0,"parent":0,"menu_order":0,"comment_status":"closed","ping_status":"closed","template":"","meta":{"footnotes":""},"class_list":["post-6274","page","type-page","status-publish","hentry"],"_links":{"self":[{"href":"https:\/\/veda.polac.cz\/index.php?rest_route=\/wp\/v2\/pages\/6274","targetHints":{"allow":["GET"]}}],"collection":[{"href":"https:\/\/veda.polac.cz\/index.php?rest_route=\/wp\/v2\/pages"}],"about":[{"href":"https:\/\/veda.polac.cz\/index.php?rest_route=\/wp\/v2\/types\/page"}],"author":[{"embeddable":true,"href":"https:\/\/veda.polac.cz\/index.php?rest_route=\/wp\/v2\/users\/6"}],"replies":[{"embeddable":true,"href":"https:\/\/veda.polac.cz\/index.php?rest_route=%2Fwp%2Fv2%2Fcomments&post=6274"}],"version-history":[{"count":1,"href":"https:\/\/veda.polac.cz\/index.php?rest_route=\/wp\/v2\/pages\/6274\/revisions"}],"predecessor-version":[{"id":6275,"href":"https:\/\/veda.polac.cz\/index.php?rest_route=\/wp\/v2\/pages\/6274\/revisions\/6275"}],"wp:attachment":[{"href":"https:\/\/veda.polac.cz\/index.php?rest_route=%2Fwp%2Fv2%2Fmedia&parent=6274"}],"curies":[{"name":"wp","href":"https:\/\/api.w.org\/{rel}","templated":true}]}}