{"id":6272,"date":"2021-03-04T09:04:51","date_gmt":"2021-03-04T09:04:51","guid":{"rendered":"http:\/\/veda.polac.cz\/?page_id=6272"},"modified":"2021-03-04T09:04:51","modified_gmt":"2021-03-04T09:04:51","slug":"6272-2","status":"publish","type":"page","link":"https:\/\/veda.polac.cz\/?page_id=6272","title":{"rendered":""},"content":{"rendered":"<p style=\"text-align: center;\">Resum\u00e9 \u010dl\u00e1nku<\/p>\n<p><strong>Vzd\u011bl\u00e1v\u00e1n\u00ed a rozvoj p\u0159\u00edslu\u0161n\u00edk\u016f bezpe\u010dnostn\u00edch sbor\u016f v\u00a0oblasti mezin\u00e1rodn\u00ed spolupr\u00e1ce<\/strong><\/p>\n<p>PhDr. Marek Hejduk, Policejn\u00ed akademie \u010cesk\u00e9 republiky v\u00a0Praze, student doktorsk\u00e9ho studia<br \/>\nPhDr. Petr Jedin\u00e1k, Ph.D., MBA, Policejn\u00ed akademie \u010cesk\u00e9 republiky v\u00a0Praze, Fakulta bezpe\u010dnostn\u00edho managementu, Katedra managementu a informatiky<\/p>\n<p>\u010cl\u00e1nek se zab\u00fdv\u00e1 problematikou vzd\u011bl\u00e1v\u00e1n\u00ed p\u0159\u00edslu\u0161n\u00edk\u016f bezpe\u010dnostn\u00edch sbor\u016f s\u00a0akcentem na mezin\u00e1rodn\u00ed spolupr\u00e1ci. V\u00a0\u00favodu pr\u00e1ce je pops\u00e1n proces vzd\u011bl\u00e1v\u00e1n\u00ed v\u00a0bezpe\u010dnostn\u00edch sborech. D\u00e1le se ji\u017e pr\u00e1ce zam\u011b\u0159uje na vzd\u011bl\u00e1v\u00e1n\u00ed a rozvoj p\u0159\u00edslu\u0161n\u00edk\u016f Policie \u010cesk\u00e9 republiky. N\u00e1sleduj\u00edc\u00ed \u010d\u00e1st pr\u00e1ce vymezuje systematiku a\u00a0institucionalizaci vzd\u011bl\u00e1v\u00e1n\u00ed p\u0159\u00edslu\u0161n\u00edk\u016f Policie \u010cesk\u00e9 republiky. Z\u00e1v\u011bre\u010dn\u00e1 \u010d\u00e1st pr\u00e1ce se ji\u017e zam\u011b\u0159uje na problematiku vzd\u011bl\u00e1v\u00e1n\u00ed p\u0159\u00edslu\u0161n\u00edk\u016f bezpe\u010dnostn\u00edch sbor\u016f v\u00a0oblasti mezin\u00e1rodn\u00ed spolupr\u00e1ce.<\/p>\n<p><strong>Kl\u00ed\u010dov\u00e1 slova: <\/strong>vzd\u011bl\u00e1v\u00e1n\u00ed, rozvoj, Policie \u010cesk\u00e9 republiky, p\u0159\u00edslu\u0161n\u00edk bezpe\u010dnostn\u00edho sboru, slu\u017eebn\u00ed p\u0159\u00edprava, mezin\u00e1rodn\u00ed spolupr\u00e1ce.<\/p>\n<hr \/>\n<p><a href=\"https:\/\/veda.polac.cz\/?page_id=6253\">Zp\u011bt<\/a><\/p>\n","protected":false},"excerpt":{"rendered":"<p>Resum\u00e9 \u010dl\u00e1nku Vzd\u011bl\u00e1v\u00e1n\u00ed a rozvoj p\u0159\u00edslu\u0161n\u00edk\u016f bezpe\u010dnostn\u00edch sbor\u016f v\u00a0oblasti mezin\u00e1rodn\u00ed spolupr\u00e1ce PhDr. Marek Hejduk, Policejn\u00ed akademie \u010cesk\u00e9 republiky v\u00a0Praze, student doktorsk\u00e9ho studia PhDr. Petr Jedin\u00e1k, Ph.D., MBA, Policejn\u00ed akademie \u010cesk\u00e9 republiky v\u00a0Praze, Fakulta bezpe\u010dnostn\u00edho managementu, Katedra managementu a informatiky \u010cl\u00e1nek se zab\u00fdv\u00e1 problematikou vzd\u011bl\u00e1v\u00e1n\u00ed p\u0159\u00edslu\u0161n\u00edk\u016f bezpe\u010dnostn\u00edch sbor\u016f s\u00a0akcentem na mezin\u00e1rodn\u00ed spolupr\u00e1ci. V\u00a0\u00favodu pr\u00e1ce je pops\u00e1n [&hellip;]<\/p>\n","protected":false},"author":6,"featured_media":0,"parent":0,"menu_order":0,"comment_status":"closed","ping_status":"closed","template":"","meta":{"footnotes":""},"class_list":["post-6272","page","type-page","status-publish","hentry"],"_links":{"self":[{"href":"https:\/\/veda.polac.cz\/index.php?rest_route=\/wp\/v2\/pages\/6272","targetHints":{"allow":["GET"]}}],"collection":[{"href":"https:\/\/veda.polac.cz\/index.php?rest_route=\/wp\/v2\/pages"}],"about":[{"href":"https:\/\/veda.polac.cz\/index.php?rest_route=\/wp\/v2\/types\/page"}],"author":[{"embeddable":true,"href":"https:\/\/veda.polac.cz\/index.php?rest_route=\/wp\/v2\/users\/6"}],"replies":[{"embeddable":true,"href":"https:\/\/veda.polac.cz\/index.php?rest_route=%2Fwp%2Fv2%2Fcomments&post=6272"}],"version-history":[{"count":1,"href":"https:\/\/veda.polac.cz\/index.php?rest_route=\/wp\/v2\/pages\/6272\/revisions"}],"predecessor-version":[{"id":6273,"href":"https:\/\/veda.polac.cz\/index.php?rest_route=\/wp\/v2\/pages\/6272\/revisions\/6273"}],"wp:attachment":[{"href":"https:\/\/veda.polac.cz\/index.php?rest_route=%2Fwp%2Fv2%2Fmedia&parent=6272"}],"curies":[{"name":"wp","href":"https:\/\/api.w.org\/{rel}","templated":true}]}}