{"id":6270,"date":"2021-03-04T08:52:38","date_gmt":"2021-03-04T08:52:38","guid":{"rendered":"http:\/\/veda.polac.cz\/?page_id=6270"},"modified":"2021-03-04T08:52:38","modified_gmt":"2021-03-04T08:52:38","slug":"6270-2","status":"publish","type":"page","link":"https:\/\/veda.polac.cz\/?page_id=6270","title":{"rendered":""},"content":{"rendered":"<p style=\"text-align: center;\">Resum\u00e9 \u010dl\u00e1nku<\/p>\n<p><strong>V\u011bcn\u00e9 d\u016fkazn\u00ed prameny \u2013 kriminalistika v teorii a praxi<\/strong><\/p>\n<p>Ewa Jakubiak, PhD., Lomza State University of Applied Sciences, Faculty of Social Sciences and Humanities, Chair of Law and Administration<br \/>\nUrszula Sta\u015bkiewicz, PhD., Higher School of Criminology and Penitentiary Science in Warsaw, Institute of Security Studies<\/p>\n<p>\u010cl\u00e1nek je v\u00fdsledkem v\u00fdzkum\u016f modern\u00ed kriminalistiky. Bylo v\u00a0n\u011bm definov\u00e1no, co je kriminalistika a kriminalistick\u00e1 stopa a byl p\u0159edstaven v\u00fdvoj metod kriminalistick\u00e9 techniky. V\u00a0\u010dl\u00e1nku byly tak\u00e9 uvedeny v\u00fdsledky pr\u016fzkumu proveden\u00e9ho na M\u011bstsk\u00e9m velitelstv\u00ed Policie v Ostro\u0142\u0119ce (severov\u00fdchodn\u00ed Polsko) ohledn\u011b pou\u017e\u00edv\u00e1n\u00ed metod kriminalistick\u00e9 techniky ve vlastn\u00edm vy\u0161et\u0159ov\u00e1n\u00ed.<\/p>\n<p><strong>Kl\u00ed\u010dov\u00e1 slova:<\/strong> kriminalistika, daktyloskopie, fonoskopie, kriminalistick\u00e1 stopa.<\/p>\n<hr \/>\n<p><a href=\"https:\/\/veda.polac.cz\/?page_id=6253\">Zp\u011bt<\/a><\/p>\n","protected":false},"excerpt":{"rendered":"<p>Resum\u00e9 \u010dl\u00e1nku V\u011bcn\u00e9 d\u016fkazn\u00ed prameny \u2013 kriminalistika v teorii a praxi Ewa Jakubiak, PhD., Lomza State University of Applied Sciences, Faculty of Social Sciences and Humanities, Chair of Law and Administration Urszula Sta\u015bkiewicz, PhD., Higher School of Criminology and Penitentiary Science in Warsaw, Institute of Security Studies \u010cl\u00e1nek je v\u00fdsledkem v\u00fdzkum\u016f modern\u00ed kriminalistiky. Bylo v\u00a0n\u011bm [&hellip;]<\/p>\n","protected":false},"author":6,"featured_media":0,"parent":0,"menu_order":0,"comment_status":"closed","ping_status":"closed","template":"","meta":{"footnotes":""},"class_list":["post-6270","page","type-page","status-publish","hentry"],"_links":{"self":[{"href":"https:\/\/veda.polac.cz\/index.php?rest_route=\/wp\/v2\/pages\/6270","targetHints":{"allow":["GET"]}}],"collection":[{"href":"https:\/\/veda.polac.cz\/index.php?rest_route=\/wp\/v2\/pages"}],"about":[{"href":"https:\/\/veda.polac.cz\/index.php?rest_route=\/wp\/v2\/types\/page"}],"author":[{"embeddable":true,"href":"https:\/\/veda.polac.cz\/index.php?rest_route=\/wp\/v2\/users\/6"}],"replies":[{"embeddable":true,"href":"https:\/\/veda.polac.cz\/index.php?rest_route=%2Fwp%2Fv2%2Fcomments&post=6270"}],"version-history":[{"count":1,"href":"https:\/\/veda.polac.cz\/index.php?rest_route=\/wp\/v2\/pages\/6270\/revisions"}],"predecessor-version":[{"id":6271,"href":"https:\/\/veda.polac.cz\/index.php?rest_route=\/wp\/v2\/pages\/6270\/revisions\/6271"}],"wp:attachment":[{"href":"https:\/\/veda.polac.cz\/index.php?rest_route=%2Fwp%2Fv2%2Fmedia&parent=6270"}],"curies":[{"name":"wp","href":"https:\/\/api.w.org\/{rel}","templated":true}]}}