{"id":627,"date":"2018-09-13T18:38:38","date_gmt":"2018-09-13T18:38:38","guid":{"rendered":"http:\/\/veda.polac.cz\/?page_id=627"},"modified":"2018-10-27T18:53:04","modified_gmt":"2018-10-27T18:53:04","slug":"7-2","status":"publish","type":"page","link":"https:\/\/veda.polac.cz\/?page_id=627","title":{"rendered":""},"content":{"rendered":"<p style=\"text-align: center;\">Resum\u00e9 \u010dl\u00e1nku<\/p>\n<p><strong>Jak \u010d\u00edst graffiti a rozum\u011bt writer\u016fm<br \/>\n<\/strong><i>Mgr. Luk\u00e1\u0161 Urban, Ph.D., Fakulta bezpe\u010dnostn\u00edho managementu PA \u010cR v Praze, katedra spole\u010densk\u00fdch v\u011bd<\/p>\n<p><\/i>Prvn\u00ed \u010d\u00e1st \u010dl\u00e1nku je koncipov\u00e1na jako hodnocen\u00ed prost\u00e9 p\u0159edstaven\u00ed m\u011bstsk\u00e9 post\/subkultury graffiti. Nejprve autor nab\u00edz\u00ed p\u0159ehled r\u016fzn\u00fdch pojet\u00ed graffiti a n\u00e1sledn\u011b se sna\u017e\u00ed v\u00fdkladem aktu\u00e1ln\u00edho slangu writer\u016f p\u0159ibl\u00ed\u017eit sv\u00e9r\u00e1z jejich komunity a \u017eivotn\u00edho stylu. Toto ch\u00e1pe jako jeden z p\u0159edpoklad\u016f m\u00e9n\u011b konfliktn\u00edho sd\u00edlen\u00ed sv\u011bta a obru\u0161ov\u00e1n\u00ed hran vz\u00e1jemn\u00e9ho neporozum\u011bn\u00ed.<br \/>\n<strong>Kl\u00ed\u010dov\u00e1 slova:<\/strong>\u00a0M\u011bstsk\u00e1 post\/subkultura, graffiti, street art, writer, toy, crew, nick, tag, piece, jam party, sprej a tryska, leg\u00e1l, porozum\u011bn\u00ed a dialog.<\/p>\n<p><a href=\"https:\/\/veda.polac.cz\/?page_id=610\">04\/2015<\/a><\/p>\n<p>&nbsp;<\/p>\n","protected":false},"excerpt":{"rendered":"<p>Resum\u00e9 \u010dl\u00e1nku Jak \u010d\u00edst graffiti a rozum\u011bt writer\u016fm Mgr. Luk\u00e1\u0161 Urban, Ph.D., Fakulta bezpe\u010dnostn\u00edho managementu PA \u010cR v Praze, katedra spole\u010densk\u00fdch v\u011bd Prvn\u00ed \u010d\u00e1st \u010dl\u00e1nku je koncipov\u00e1na jako hodnocen\u00ed prost\u00e9 p\u0159edstaven\u00ed m\u011bstsk\u00e9 post\/subkultury graffiti. Nejprve autor nab\u00edz\u00ed p\u0159ehled r\u016fzn\u00fdch pojet\u00ed graffiti a n\u00e1sledn\u011b se sna\u017e\u00ed v\u00fdkladem aktu\u00e1ln\u00edho slangu writer\u016f p\u0159ibl\u00ed\u017eit sv\u00e9r\u00e1z jejich komunity a \u017eivotn\u00edho [&hellip;]<\/p>\n","protected":false},"author":2,"featured_media":0,"parent":610,"menu_order":7,"comment_status":"closed","ping_status":"closed","template":"","meta":{"footnotes":""},"class_list":["post-627","page","type-page","status-publish","hentry"],"_links":{"self":[{"href":"https:\/\/veda.polac.cz\/index.php?rest_route=\/wp\/v2\/pages\/627","targetHints":{"allow":["GET"]}}],"collection":[{"href":"https:\/\/veda.polac.cz\/index.php?rest_route=\/wp\/v2\/pages"}],"about":[{"href":"https:\/\/veda.polac.cz\/index.php?rest_route=\/wp\/v2\/types\/page"}],"author":[{"embeddable":true,"href":"https:\/\/veda.polac.cz\/index.php?rest_route=\/wp\/v2\/users\/2"}],"replies":[{"embeddable":true,"href":"https:\/\/veda.polac.cz\/index.php?rest_route=%2Fwp%2Fv2%2Fcomments&post=627"}],"version-history":[{"count":2,"href":"https:\/\/veda.polac.cz\/index.php?rest_route=\/wp\/v2\/pages\/627\/revisions"}],"predecessor-version":[{"id":639,"href":"https:\/\/veda.polac.cz\/index.php?rest_route=\/wp\/v2\/pages\/627\/revisions\/639"}],"up":[{"embeddable":true,"href":"https:\/\/veda.polac.cz\/index.php?rest_route=\/wp\/v2\/pages\/610"}],"wp:attachment":[{"href":"https:\/\/veda.polac.cz\/index.php?rest_route=%2Fwp%2Fv2%2Fmedia&parent=627"}],"curies":[{"name":"wp","href":"https:\/\/api.w.org\/{rel}","templated":true}]}}