{"id":6266,"date":"2021-03-04T08:44:15","date_gmt":"2021-03-04T08:44:15","guid":{"rendered":"http:\/\/veda.polac.cz\/?page_id=6266"},"modified":"2021-03-04T08:44:16","modified_gmt":"2021-03-04T08:44:16","slug":"6266-2","status":"publish","type":"page","link":"https:\/\/veda.polac.cz\/?page_id=6266","title":{"rendered":""},"content":{"rendered":"<p style=\"text-align: center;\">Resum\u00e9 \u010dl\u00e1nku<\/p>\n<p><strong>V<\/strong><strong>irtu\u00e1lne meny verzus zlo\u010din v kontexte Slovenskej republiky<\/strong><\/p>\n<p>UDr. Michaela Jurisov\u00e1, PhD., Akad\u00e9mia policajn\u00e9ho zboru Bratislava, katedra kriminologie<br \/>\nPhDr. Elena Nikolajov\u00e1 Kupferschmidtov\u00e1, PhD., Akad\u00e9mia policajn\u00e9ho zboru Bratislava, katedra jazyk\u016f<\/p>\n<p>Predkladan\u00e1 \u0161t\u00fadia sa venuje problematike kryptomien, pri\u010dom pozornos\u0165 je s\u00fastreden\u00e1 predov\u0161etk\u00fdm na predstavenie pozit\u00edvnych str\u00e1nok, ale aj negat\u00edvych dopadov vyu\u017e\u00edvania kryptomien vo vz\u0165ahu k\u00a0trestnej \u010dinnosti p\u00e1chanej v\u00a0tejto oblasti na \u00fazem\u00ed Slovenskej republiky a\u00a0mo\u017enostiam a\u00a0sp\u00f4sobom vy\u0161etrovania s\u00favisiacich trestn\u00fdch \u010dinov zo strany pol\u00edcie. S\u00a0cie\u013eom pribl\u00ed\u017ei\u0165 problematiku kryptomien a\u00a0po\u010d\u00edta\u010dovej kriminality, autorky \u010derpali nielen z\u00a0aktu\u00e1lnej odbornej vedeckej literat\u00fary a\u00a0pr\u00e1vnych predpisov, ale taktie\u017e realizovali po\u010detn\u00e9 rozhovory s\u00a0odborn\u00edkmi z\u00a0aplika\u010dnej praxe, a\u00a0to predov\u0161etk\u00fdm s\u00a0expertmi z\u00a0odboru po\u010d\u00edta\u010dovej kriminality \u00daradu krimin\u00e1lnej pol\u00edcie Prez\u00eddia Policajn\u00e9ho zboru. Prezent\u00e1ciou z\u00edskan\u00fdch \u00fadajov a\u00a0konkr\u00e9tnych trestn\u00fdch \u010dinov, s\u00a0ktor\u00fdmi sa policajn\u00e9 zlo\u017eky na \u00fazem\u00ed Slovenska musia v\u00a0oblasti po\u010d\u00edta\u010dovej kriminality vysporiada\u0165 tvoria podstatn\u00fa \u010das\u0165 predkladanej \u0161t\u00fadie. S\u00a0oh\u013eadom na v\u00fdstupy z\u00a0realizovan\u00fdch rozhovorov autorky upozor\u0148uj\u00fa na nevyhnutnos\u0165 posilnenia medzin\u00e1rodnej spolupr\u00e1ce medzi pr\u00edslu\u0161n\u00fdmi org\u00e1nmi a\u00a0potrebu zv\u00fd\u0161enia povedomia o\u00a0po\u010d\u00edta\u010dovej kriminalite nielen medzi \u010dlenmi Policajn\u00e9ho zboru, ale aj medzi prokur\u00e1tormi, sudcami a\u00a0\u0161irokou verejnos\u0165ou.<\/p>\n<p><strong>K\u013e\u00fa\u010dov\u00e9 slov\u00e1: <\/strong>virtu\u00e1lna mena, kryptomena, bitco\u00edn, kriminalita, legislat\u00edvny r\u00e1mec, pr\u00edslu\u0161n\u00e9 org\u00e1ny, Slovensk\u00e1 republika.<\/p>\n<hr \/>\n<p><a href=\"https:\/\/veda.polac.cz\/?page_id=6253\">Zp\u011bt<\/a><\/p>\n","protected":false},"excerpt":{"rendered":"<p>Resum\u00e9 \u010dl\u00e1nku Virtu\u00e1lne meny verzus zlo\u010din v kontexte Slovenskej republiky UDr. Michaela Jurisov\u00e1, PhD., Akad\u00e9mia policajn\u00e9ho zboru Bratislava, katedra kriminologie PhDr. Elena Nikolajov\u00e1 Kupferschmidtov\u00e1, PhD., Akad\u00e9mia policajn\u00e9ho zboru Bratislava, katedra jazyk\u016f Predkladan\u00e1 \u0161t\u00fadia sa venuje problematike kryptomien, pri\u010dom pozornos\u0165 je s\u00fastreden\u00e1 predov\u0161etk\u00fdm na predstavenie pozit\u00edvnych str\u00e1nok, ale aj negat\u00edvych dopadov vyu\u017e\u00edvania kryptomien vo vz\u0165ahu k\u00a0trestnej [&hellip;]<\/p>\n","protected":false},"author":6,"featured_media":0,"parent":0,"menu_order":0,"comment_status":"closed","ping_status":"closed","template":"","meta":{"footnotes":""},"class_list":["post-6266","page","type-page","status-publish","hentry"],"_links":{"self":[{"href":"https:\/\/veda.polac.cz\/index.php?rest_route=\/wp\/v2\/pages\/6266","targetHints":{"allow":["GET"]}}],"collection":[{"href":"https:\/\/veda.polac.cz\/index.php?rest_route=\/wp\/v2\/pages"}],"about":[{"href":"https:\/\/veda.polac.cz\/index.php?rest_route=\/wp\/v2\/types\/page"}],"author":[{"embeddable":true,"href":"https:\/\/veda.polac.cz\/index.php?rest_route=\/wp\/v2\/users\/6"}],"replies":[{"embeddable":true,"href":"https:\/\/veda.polac.cz\/index.php?rest_route=%2Fwp%2Fv2%2Fcomments&post=6266"}],"version-history":[{"count":2,"href":"https:\/\/veda.polac.cz\/index.php?rest_route=\/wp\/v2\/pages\/6266\/revisions"}],"predecessor-version":[{"id":6269,"href":"https:\/\/veda.polac.cz\/index.php?rest_route=\/wp\/v2\/pages\/6266\/revisions\/6269"}],"wp:attachment":[{"href":"https:\/\/veda.polac.cz\/index.php?rest_route=%2Fwp%2Fv2%2Fmedia&parent=6266"}],"curies":[{"name":"wp","href":"https:\/\/api.w.org\/{rel}","templated":true}]}}