{"id":6253,"date":"2021-03-03T09:09:04","date_gmt":"2021-03-03T09:09:04","guid":{"rendered":"http:\/\/veda.polac.cz\/?page_id=6253"},"modified":"2021-03-11T08:03:25","modified_gmt":"2021-03-11T08:03:25","slug":"04-2020","status":"publish","type":"page","link":"https:\/\/veda.polac.cz\/?page_id=6253","title":{"rendered":"04\/2020"},"content":{"rendered":"<p><a href=\"https:\/\/veda.polac.cz\/?page_id=6259\"><strong>Who are Law Enforcement Chief Executives? An Examination of Current Police Chiefs in Texas<\/strong><\/a><br \/>Richard Savage, PhD Student, Tarleton State University<br \/>Christopher Copeland, D.Sc., Tarleton State University, corresponding author<br \/>Alex del Carmen, Ph.D., Tarleton State University<\/p>\n<p><a href=\"https:\/\/veda.polac.cz\/wp-content\/uploads\/2021\/03\/Who-are-Law-Enforcement-Chief-Executives-An-Examination-of-Current-Police-Chiefs-in-Texas.pdf\" target=\"_blank\" rel=\"noopener noreferrer\">pdf format<\/a><\/p>\n<hr \/>\n<p><a href=\"https:\/\/veda.polac.cz\/?page_id=6262\"><strong>Minority Note: Policing in America<\/strong><\/a><br \/>Marvin Tador, Lecturer, Anglo-American University, The John H. Carey II School of Law; J. D., Washburn University School of Law; LL.M. Candidate, Charles University, Faculty of Law; B.A., University of South Florida<\/p>\n<p><a href=\"https:\/\/veda.polac.cz\/wp-content\/uploads\/2021\/03\/Minority-Note-Policing-in-America.pdf\" target=\"_blank\" rel=\"noopener noreferrer\">pdf format<\/a><\/p>\n<hr \/>\n<p><a href=\"https:\/\/veda.polac.cz\/?page_id=6266\"><strong>Virtual Currencies versus Crime in the Context of the Slovak Republic<\/strong><\/a><br \/>JUDr. Michaela Jurisov\u00e1, PhD., Academy of the Police Force in Bratislava<br \/>Department of Criminology<br \/>PhDr. Elena Nikolajov\u00e1 Kupferschmidtov\u00e1, PhD., Academy of the Police Force in Bratislava, Department of Languages<\/p>\n<p><a href=\"https:\/\/veda.polac.cz\/wp-content\/uploads\/2021\/03\/Virtual-Currencies-versus-Crime-in-the-Context-of-the-Slovak-Republic.pdf\" target=\"_blank\" rel=\"noopener noreferrer\">pdf format<\/a><\/p>\n<hr \/>\n<p><a href=\"https:\/\/veda.polac.cz\/?page_id=6270\"><strong>Physical Sources of Evidence &#8211; Forensic Science in<\/strong> <strong>Theory and Practice<\/strong><\/a><br \/>Ewa Jakubiak, PhD., Lomza State University of Applied Sciences<br \/>Faculty of Social Sciences and Humanities, Chair of Law and Administration<br \/>Urszula Sta\u015bkiewicz, PhD., Higher School of Criminology and Penitentiary Science in Warsaw, Institute of Security Studies<\/p>\n<p><a href=\"https:\/\/veda.polac.cz\/wp-content\/uploads\/2021\/03\/Physical-Sources-of-Evidence-Forensic-Science-in-Theory-and-Pactice.pdf\" target=\"_blank\" rel=\"noopener noreferrer\">pdf format<\/a><\/p>\n<hr \/>\n<p><a href=\"https:\/\/veda.polac.cz\/?page_id=6272\"><strong>Vzd\u011bl\u00e1v\u00e1n\u00ed a rozvoj p\u0159\u00edslu\u0161n\u00edk\u016f bezpe\u010dnostn\u00edch sbor\u016f v\u00a0oblasti mezin\u00e1rodn\u00ed spolupr\u00e1ce<\/strong><\/a><br \/>PhDr. Marek Hejduk, Policejn\u00ed akademie \u010cesk\u00e9 republiky v\u00a0Praze<br \/>student doktorsk\u00e9ho studia<br \/>PhDr. Petr Jedin\u00e1k, Ph.D., MBA, Policejn\u00ed akademie \u010cesk\u00e9 republiky v Praze Fakulta bezpe\u010dnostn\u00edho managementu, katedra managementu a informatiky<\/p>\n<p><a href=\"https:\/\/veda.polac.cz\/wp-content\/uploads\/2021\/03\/Vzdelavani-a-rozvoj-prislusniku-bezpecnostnich-sboru-v-oblasti-mezinarodni-spoluprace.pdf\" target=\"_blank\" rel=\"noopener noreferrer\">pdf format<\/a><\/p>\n<hr \/>\n<p><a href=\"https:\/\/veda.polac.cz\/?page_id=6274\"><strong>\u00daskal\u00ed \u0159\u00edzen\u00ed technick\u00fdch zranitelnost\u00ed<\/strong><\/a><br \/>Ing. Miroslav \u010cerm\u00e1k, Policejn\u00ed akademie \u010cesk\u00e9 republiky v Praze<br \/>student doktorsk\u00e9ho studia<\/p>\n<p><a href=\"https:\/\/veda.polac.cz\/wp-content\/uploads\/2021\/03\/Uskali-rizeni-technickych-zranitelnosti.pdf\" target=\"_blank\" rel=\"noopener noreferrer\">pdf format<\/a><\/p>\n<hr \/>\n<p><a href=\"https:\/\/veda.polac.cz\/?page_id=6276\"><strong>Sou\u010dasnost a budoucnost policejn\u00edho vzd\u011bl\u00e1v\u00e1n\u00ed<\/strong><\/a><br \/>major JUDr. Petra Hofmanov\u00e1, Policejn\u00ed akademie \u010cesk\u00e9 republiky v\u00a0Praze<br \/>studentka doktorsk\u00e9ho studia<\/p>\n<p><a href=\"https:\/\/veda.polac.cz\/wp-content\/uploads\/2021\/03\/Soucasnost-a-budoucnost-policejniho-vzdelavani.pdf\" target=\"_blank\" rel=\"noopener noreferrer\">pdf format<\/a><\/p>\n<hr \/>\n\n\n<p><\/p>\n","protected":false},"excerpt":{"rendered":"<p>Who are Law Enforcement Chief Executives? An Examination of Current Police Chiefs in TexasRichard Savage, PhD Student, Tarleton State UniversityChristopher Copeland, D.Sc., Tarleton State University, corresponding authorAlex del Carmen, Ph.D., Tarleton State University pdf format Minority Note: Policing in AmericaMarvin Tador, Lecturer, Anglo-American University, The John H. Carey II School of Law; J. D., Washburn [&hellip;]<\/p>\n","protected":false},"author":6,"featured_media":0,"parent":0,"menu_order":0,"comment_status":"closed","ping_status":"closed","template":"","meta":{"footnotes":""},"class_list":["post-6253","page","type-page","status-publish","hentry"],"_links":{"self":[{"href":"https:\/\/veda.polac.cz\/index.php?rest_route=\/wp\/v2\/pages\/6253","targetHints":{"allow":["GET"]}}],"collection":[{"href":"https:\/\/veda.polac.cz\/index.php?rest_route=\/wp\/v2\/pages"}],"about":[{"href":"https:\/\/veda.polac.cz\/index.php?rest_route=\/wp\/v2\/types\/page"}],"author":[{"embeddable":true,"href":"https:\/\/veda.polac.cz\/index.php?rest_route=\/wp\/v2\/users\/6"}],"replies":[{"embeddable":true,"href":"https:\/\/veda.polac.cz\/index.php?rest_route=%2Fwp%2Fv2%2Fcomments&post=6253"}],"version-history":[{"count":8,"href":"https:\/\/veda.polac.cz\/index.php?rest_route=\/wp\/v2\/pages\/6253\/revisions"}],"predecessor-version":[{"id":6338,"href":"https:\/\/veda.polac.cz\/index.php?rest_route=\/wp\/v2\/pages\/6253\/revisions\/6338"}],"wp:attachment":[{"href":"https:\/\/veda.polac.cz\/index.php?rest_route=%2Fwp%2Fv2%2Fmedia&parent=6253"}],"curies":[{"name":"wp","href":"https:\/\/api.w.org\/{rel}","templated":true}]}}