{"id":625,"date":"2018-09-13T18:37:42","date_gmt":"2018-09-13T18:37:42","guid":{"rendered":"http:\/\/veda.polac.cz\/?page_id=625"},"modified":"2018-10-27T18:53:04","modified_gmt":"2018-10-27T18:53:04","slug":"6-2","status":"publish","type":"page","link":"https:\/\/veda.polac.cz\/?page_id=625","title":{"rendered":""},"content":{"rendered":"<p style=\"text-align: center;\">Resum\u00e9 \u010dl\u00e1nku<\/p>\n<p><strong>V\u00fdvoj opera\u010dn\u00edho prost\u0159ed\u00ed v kontextu budouc\u00edch konflikt\u016f a sm\u011b\u0159ov\u00e1n\u00ed zpravodajsk\u00e9 podpory<br \/>\n<\/strong><i>Ing. Martin Havl\u00edk, MBA, MSc., Ministerstvo obrany \u010cR<\/p>\n<p><\/i>Hlavn\u00edm c\u00edlem tohoto \u010dl\u00e1nku je pojednat o problematice v\u00fdvoje opera\u010dn\u00edho prost\u0159ed\u00ed v kontextu zpravodajsk\u00e9 podpory v budouc\u00edch operac\u00edch a zd\u016fraznit mo\u017en\u00e9 trendy v\u00fdvoje bezpe\u010dnostn\u00edch operac\u00ed v budoucnu, zejm\u00e9na pod z\u00e1\u0161titou NATO a Evropsk\u00e9 unie. \u00davodn\u00ed \u010d\u00e1st je v\u011bnov\u00e1na popisu opera\u010dn\u00edho prost\u0159ed\u00ed a jeho n\u00e1vaznosti na sou\u010dasn\u00e9 ozbrojen\u00e9 konflikty, na kterou navazuj\u00ed v dal\u0161\u00ed \u010d\u00e1sti historick\u00e9 souvislosti zpravodajsk\u00fdch discipl\u00edn v obdob\u00ed Studen\u00e9 v\u00e1lky. C\u00edlem dal\u0161\u00ed \u010d\u00e1sti je proveden\u00ed rozboru p\u0159edpokl\u00e1dan\u00e9ho v\u00fdvoje konflikt\u016f v bl\u00edzk\u00e9 budoucnosti. Na tuto \u010d\u00e1st navazuje kapitola popisuj\u00edc\u00ed v\u00fdznam d\u00edl\u010d\u00edch dimenz\u00ed a sm\u011b\u0159ov\u00e1n\u00ed budouc\u00edch konflikt\u016f a operac\u00ed. V dal\u0161\u00ed \u010d\u00e1sti je v\u011bnov\u00e1na pozornost kr\u00e1tkodob\u00e9mu v\u00fdhledu v oblasti obrann\u00fdch schopnost\u00ed a komplexn\u00ed bezpe\u010dnosti, na kterou navazuje d\u00edl\u010d\u00ed rozbor mo\u017en\u00e9 \u00fa\u010dasti ozbrojen\u00fdch sil \u010cesk\u00e9 republiky v budouc\u00edch operac\u00edch. Z\u00e1v\u011bre\u010dn\u00e1 \u010d\u00e1st shrnuje podstatu v\u00fdznamu zpravodajsk\u00fdch discipl\u00edn v budouc\u00edch operac\u00edch a nasti\u0148uje ur\u010dit\u00e9 reak\u010dn\u00ed mo\u017enosti bezpe\u010dnostn\u00edch sil a sm\u011b\u0159ov\u00e1n\u00ed zpravodajsk\u00fdch subjekt\u016f.<br \/>\n<strong>Kl\u00ed\u010dov\u00e1 slova:\u00a0<\/strong>Zpravodajsk\u00e1 podpora, budouc\u00ed operace, zpravodajstv\u00ed, obrann\u00e9 schopnosti, hybridn\u00ed v\u00e1lka, sd\u00edlen\u00ed informac\u00ed.<i><br \/>\n<\/i><\/p>\n<p><a href=\"https:\/\/veda.polac.cz\/?page_id=610\">04\/2015<\/a><\/p>\n","protected":false},"excerpt":{"rendered":"<p>Resum\u00e9 \u010dl\u00e1nku V\u00fdvoj opera\u010dn\u00edho prost\u0159ed\u00ed v kontextu budouc\u00edch konflikt\u016f a sm\u011b\u0159ov\u00e1n\u00ed zpravodajsk\u00e9 podpory Ing. Martin Havl\u00edk, MBA, MSc., Ministerstvo obrany \u010cR Hlavn\u00edm c\u00edlem tohoto \u010dl\u00e1nku je pojednat o problematice v\u00fdvoje opera\u010dn\u00edho prost\u0159ed\u00ed v kontextu zpravodajsk\u00e9 podpory v budouc\u00edch operac\u00edch a zd\u016fraznit mo\u017en\u00e9 trendy v\u00fdvoje bezpe\u010dnostn\u00edch operac\u00ed v budoucnu, zejm\u00e9na pod z\u00e1\u0161titou NATO a Evropsk\u00e9 unie. [&hellip;]<\/p>\n","protected":false},"author":2,"featured_media":0,"parent":610,"menu_order":6,"comment_status":"closed","ping_status":"closed","template":"","meta":{"footnotes":""},"class_list":["post-625","page","type-page","status-publish","hentry"],"_links":{"self":[{"href":"https:\/\/veda.polac.cz\/index.php?rest_route=\/wp\/v2\/pages\/625","targetHints":{"allow":["GET"]}}],"collection":[{"href":"https:\/\/veda.polac.cz\/index.php?rest_route=\/wp\/v2\/pages"}],"about":[{"href":"https:\/\/veda.polac.cz\/index.php?rest_route=\/wp\/v2\/types\/page"}],"author":[{"embeddable":true,"href":"https:\/\/veda.polac.cz\/index.php?rest_route=\/wp\/v2\/users\/2"}],"replies":[{"embeddable":true,"href":"https:\/\/veda.polac.cz\/index.php?rest_route=%2Fwp%2Fv2%2Fcomments&post=625"}],"version-history":[{"count":2,"href":"https:\/\/veda.polac.cz\/index.php?rest_route=\/wp\/v2\/pages\/625\/revisions"}],"predecessor-version":[{"id":638,"href":"https:\/\/veda.polac.cz\/index.php?rest_route=\/wp\/v2\/pages\/625\/revisions\/638"}],"up":[{"embeddable":true,"href":"https:\/\/veda.polac.cz\/index.php?rest_route=\/wp\/v2\/pages\/610"}],"wp:attachment":[{"href":"https:\/\/veda.polac.cz\/index.php?rest_route=%2Fwp%2Fv2%2Fmedia&parent=625"}],"curies":[{"name":"wp","href":"https:\/\/api.w.org\/{rel}","templated":true}]}}